{"id":3389,"date":"2025-12-26T14:20:47","date_gmt":"2025-12-26T14:20:47","guid":{"rendered":"https:\/\/softplaysupply.com\/?post_type=product&#038;p=3389"},"modified":"2025-12-17T15:31:23","modified_gmt":"2025-12-17T15:31:23","slug":"casas-de-juegos-de-rol-para-ninos","status":"publish","type":"product","link":"https:\/\/softplaysupply.com\/es\/producto\/casas-de-juegos-de-rol-para-ninos\/","title":{"rendered":"Equipos personalizados para parques infantiles interiores y juegos de rol para ni\u00f1os en la ciudad"},"content":{"rendered":"<div style=\"width: 1280px;\" class=\"wp-video\"><video class=\"wp-video-shortcode\" id=\"video-3389-1\" width=\"1280\" height=\"720\" preload=\"metadata\" controls=\"controls\"><source type=\"video\/mp4\" src=\"https:\/\/softplaysupply.com\/wp-content\/uploads\/2025\/12\/role-play-houses.mp4?_=1\" \/><a href=\"https:\/\/softplaysupply.com\/wp-content\/uploads\/2025\/12\/role-play-houses.mp4\">https:\/\/softplaysupply.com\/wp-content\/uploads\/2025\/12\/role-play-houses.mp4<\/a><\/video><\/div>\n<p style=\"text-align: justify; font-size: 16px; margin-bottom: 30px;\">El equipamiento personalizado para parques infantiles cubiertos \u00abCustomized Commercial Pretend Play City Kids Role Play House\u00bb es una soluci\u00f3n altamente interactiva y atractiva dise\u00f1ada para estimular la imaginaci\u00f3n, las habilidades sociales y la comprensi\u00f3n de situaciones de la vida real de los ni\u00f1os a trav\u00e9s de experiencias inmersivas de juego de roles. Al recrear entornos urbanos cotidianos desde la perspectiva de un ni\u00f1o, este sistema permite a los ni\u00f1os aprender de verdad a trav\u00e9s del juego en un entorno seguro, atractivo y divertido.<\/p>\n<p><img loading=\"lazy\" decoding=\"async\" class=\"alignnone size-full wp-image-3396\" src=\"https:\/\/softplaysupply.com\/wp-content\/uploads\/2025\/12\/kids-role-play-house-6.jpg\" alt=\"\" width=\"750\" height=\"750\" srcset=\"https:\/\/softplaysupply.com\/wp-content\/uploads\/2025\/12\/kids-role-play-house-6.jpg 750w, https:\/\/softplaysupply.com\/wp-content\/uploads\/2025\/12\/kids-role-play-house-6-300x300.jpg 300w, https:\/\/softplaysupply.com\/wp-content\/uploads\/2025\/12\/kids-role-play-house-6-150x150.jpg 150w, https:\/\/softplaysupply.com\/wp-content\/uploads\/2025\/12\/kids-role-play-house-6-12x12.jpg 12w\" sizes=\"auto, (max-width: 750px) 100vw, 750px\" \/> <img loading=\"lazy\" decoding=\"async\" class=\"alignnone size-full wp-image-3395\" src=\"https:\/\/softplaysupply.com\/wp-content\/uploads\/2025\/12\/kids-role-play-house-5.jpg\" alt=\"\" width=\"750\" height=\"513\" srcset=\"https:\/\/softplaysupply.com\/wp-content\/uploads\/2025\/12\/kids-role-play-house-5.jpg 750w, https:\/\/softplaysupply.com\/wp-content\/uploads\/2025\/12\/kids-role-play-house-5-300x205.jpg 300w, https:\/\/softplaysupply.com\/wp-content\/uploads\/2025\/12\/kids-role-play-house-5-18x12.jpg 18w\" sizes=\"auto, (max-width: 750px) 100vw, 750px\" \/> <img loading=\"lazy\" decoding=\"async\" class=\"alignnone size-full wp-image-3394\" src=\"https:\/\/softplaysupply.com\/wp-content\/uploads\/2025\/12\/kids-role-play-house-4.jpg\" alt=\"\" width=\"800\" height=\"800\" srcset=\"https:\/\/softplaysupply.com\/wp-content\/uploads\/2025\/12\/kids-role-play-house-4.jpg 800w, https:\/\/softplaysupply.com\/wp-content\/uploads\/2025\/12\/kids-role-play-house-4-300x300.jpg 300w, https:\/\/softplaysupply.com\/wp-content\/uploads\/2025\/12\/kids-role-play-house-4-150x150.jpg 150w, https:\/\/softplaysupply.com\/wp-content\/uploads\/2025\/12\/kids-role-play-house-4-768x768.jpg 768w, https:\/\/softplaysupply.com\/wp-content\/uploads\/2025\/12\/kids-role-play-house-4-12x12.jpg 12w\" sizes=\"auto, (max-width: 800px) 100vw, 800px\" \/> <img loading=\"lazy\" decoding=\"async\" class=\"alignnone size-full wp-image-3393\" src=\"https:\/\/softplaysupply.com\/wp-content\/uploads\/2025\/12\/kids-role-play-house-3.jpg\" alt=\"\" width=\"800\" height=\"800\" srcset=\"https:\/\/softplaysupply.com\/wp-content\/uploads\/2025\/12\/kids-role-play-house-3.jpg 800w, https:\/\/softplaysupply.com\/wp-content\/uploads\/2025\/12\/kids-role-play-house-3-300x300.jpg 300w, https:\/\/softplaysupply.com\/wp-content\/uploads\/2025\/12\/kids-role-play-house-3-150x150.jpg 150w, https:\/\/softplaysupply.com\/wp-content\/uploads\/2025\/12\/kids-role-play-house-3-768x768.jpg 768w, https:\/\/softplaysupply.com\/wp-content\/uploads\/2025\/12\/kids-role-play-house-3-12x12.jpg 12w\" sizes=\"auto, (max-width: 800px) 100vw, 800px\" \/> <img loading=\"lazy\" decoding=\"async\" class=\"alignnone size-full wp-image-3392\" src=\"https:\/\/softplaysupply.com\/wp-content\/uploads\/2025\/12\/kids-role-play-house-2.jpg\" alt=\"Casa de juegos de rol para ni\u00f1os\" width=\"800\" height=\"800\" srcset=\"https:\/\/softplaysupply.com\/wp-content\/uploads\/2025\/12\/kids-role-play-house-2.jpg 800w, https:\/\/softplaysupply.com\/wp-content\/uploads\/2025\/12\/kids-role-play-house-2-300x300.jpg 300w, https:\/\/softplaysupply.com\/wp-content\/uploads\/2025\/12\/kids-role-play-house-2-150x150.jpg 150w, https:\/\/softplaysupply.com\/wp-content\/uploads\/2025\/12\/kids-role-play-house-2-768x768.jpg 768w, https:\/\/softplaysupply.com\/wp-content\/uploads\/2025\/12\/kids-role-play-house-2-12x12.jpg 12w\" sizes=\"auto, (max-width: 800px) 100vw, 800px\" \/><\/p>\n<p style=\"font-weight: bold; font-size: 22px; color: #e74c3c; margin: 40px 0 20px;\">Experiencia de juego inmersiva de simulaci\u00f3n en una mini ciudad<\/p>\n<p style=\"text-align: justify; font-size: 16px; margin-bottom: 30px;\">Este sistema de juego de simulaci\u00f3n transforma un parque infantil interior en una animada mini ciudad, con una variedad de casitas tem\u00e1ticas para jugar a interpretar diferentes roles, como supermercados, cocinas, cafeter\u00edas, hospitales, parques de bomberos, comisar\u00edas de polic\u00eda y oficinas de correos. Los ni\u00f1os pueden cambiar libremente de rol (tendero, chef, bombero, m\u00e9dico o cliente) y trasladar escenas de la vida cotidiana a su mundo imaginario. Estas casitas de juego mejoran significativamente la participaci\u00f3n, prolongan el tiempo de juego y aumentan las visitas repetidas.<\/p>\n<p style=\"font-weight: bold; font-size: 22px; color: #e74c3c; margin: 40px 0 20px;\">Dise\u00f1o seguro, duradero y realista<\/p>\n<p style=\"text-align: justify; font-size: 16px; margin-bottom: 30px;\">Nanpak utiliza materiales duraderos, seguros para los ni\u00f1os y respetuosos con el medio ambiente para fabricar todas sus casitas de juegos. Todos los productos cumplen con las normas de seguridad internacionales, incluidas las normas ASTM y EN. Detalles como puertas que se abren, mostradores de juego, accesorios tem\u00e1ticos y complementos realistas hacen que la experiencia sea m\u00e1s atractiva y aut\u00e9ntica, lo que convierte a estas casitas de juegos en la opci\u00f3n ideal para parques infantiles comerciales cubiertos.<\/p>\n<p style=\"font-weight: bold; font-size: 22px; color: #e74c3c; margin: 40px 0 20px;\">Totalmente personalizado para necesidades comerciales<\/p>\n<p style=\"text-align: justify; font-size: 16px; margin-bottom: 30px;\">Cada soluci\u00f3n de parque infantil interior con casitas de juegos para ni\u00f1os es totalmente personalizable. Tanto si desea a\u00f1adir una sola casita de juegos como dise\u00f1ar un parque infantil interior completo con una \u201cciudad de juegos\u201d, nuestro equipo profesional le ayudar\u00e1 a crear el dise\u00f1o m\u00e1s adecuado para su local. Disponemos de soluciones tanto para rincones de juegos compactos como para proyectos de equipamiento de parques infantiles interiores a gran escala.<\/p>\n<p style=\"font-weight: bold; font-size: 22px; color: #e74c3c; margin: 40px 0 20px;\">Temas populares para juegos de simulaci\u00f3n<\/p>\n<p style=\"text-align: justify; font-size: 16px; margin-bottom: 10px;\">Las casas de juguete m\u00e1s populares son:<\/p>\n<ul style=\"font-size: 16px; padding-left: 40px; margin-bottom: 30px;\">\n<li><strong>Supermercado<\/strong> \u2013 Centrado en la l\u00f3gica matem\u00e1tica y la interacci\u00f3n social, equipado con carros de la compra, comida de juguete, esc\u00e1neres y mostradores de caja.<\/li>\n<li><strong>Hospital<\/strong> \u2013 Desarrollar la empat\u00eda y la curiosidad cient\u00edfica con estetoscopios, m\u00e1quinas de rayos X de juguete y camas de hospital.<\/li>\n<li><strong>Estaci\u00f3n de bomberos<\/strong> \u2013 Desarrolla el valor y la coordinaci\u00f3n f\u00edsica utilizando uniformes de bombero, cascos y accesorios de fuego blandos.<\/li>\n<li><strong>Peluquer\u00eda<\/strong> \u2013 Fomenta la creatividad y la est\u00e9tica con espejos, herramientas de peluquer\u00eda y tocadores.<\/li>\n<li><strong>Obra<\/strong> \u2013 Fortalecer el pensamiento l\u00f3gico y las habilidades pr\u00e1cticas con cascos de seguridad, ladrillos de espuma y planos de dise\u00f1o.<\/li>\n<\/ul>\n<p style=\"font-weight: bold; font-size: 22px; color: #e74c3c; margin: 40px 0 20px;\">Caracter\u00edsticas principales<\/p>\n<ul style=\"font-size: 16px; padding-left: 40px; margin-bottom: 30px;\">\n<li><strong>Alta personalizaci\u00f3n:<\/strong> Los colores, temas, dise\u00f1os y dimensiones se pueden ajustar para adaptarse a su espacio y marca. Los elementos interactivos opcionales incluyen piscinas de bolas, toboganes, <a href=\"https:\/\/softplaysupply.com\/es\/pcategoria\/paredes-de-escalada\/\" data-internallinksmanager029f6b8e52c=\"3\" title=\"paredes de escalada\" target=\"_blank\" rel=\"noopener\">paredes de escalada<\/a>, y juegos de proyecci\u00f3n.<\/li>\n<li><strong>La seguridad es lo primero:<\/strong> Los bordes redondeados, los materiales no t\u00f3xicos aptos para uso alimentario, el suelo antideslizante y el acolchado suave garantizan la seguridad y la durabilidad para un uso comercial intensivo.<\/li>\n<li><strong>Temas ricos:<\/strong> Docenas de escenarios realistas para juegos de rol con accesorios detallados, como utensilios de cocina, botiquines m\u00e9dicos y cajeros autom\u00e1ticos, para una experiencia de juego inmersiva.<\/li>\n<li><strong>F\u00e1cil instalaci\u00f3n y mantenimiento:<\/strong> El dise\u00f1o modular permite un f\u00e1cil transporte, instalaci\u00f3n y limpieza, ideal para entornos interiores con climatizaci\u00f3n.<\/li>\n<\/ul>\n<p style=\"font-weight: bold; font-size: 22px; color: #e74c3c; margin: 40px 0 20px;\">Beneficios educativos y para el desarrollo<\/p>\n<p style=\"text-align: justify; font-size: 16px; margin-bottom: 30px;\">El juego de roles es una parte fundamental del desarrollo infantil temprano. Estas casitas de juguete no solo son un elemento m\u00e1s del parque infantil, sino tambi\u00e9n una poderosa herramienta de aprendizaje:<\/p>\n<ul style=\"font-size: 16px; padding-left: 40px; margin-bottom: 30px;\">\n<li>Estimula la imaginaci\u00f3n y la creatividad explorando diferentes profesiones.<\/li>\n<li>Mejorar las habilidades sociales y comunicativas a trav\u00e9s de la interacci\u00f3n en grupo.<\/li>\n<li>Desarrolla la empat\u00eda comprendiendo los diferentes roles y emociones.<\/li>\n<li>Mejorar las habilidades ling\u00fc\u00edsticas y la capacidad para resolver problemas.<\/li>\n<li>Fomenta la coordinaci\u00f3n f\u00edsica mediante la escalada, el running y el juego activo.<\/li>\n<\/ul>\n<p style=\"font-weight: bold; font-size: 22px; color: #e74c3c; margin: 40px 0 20px;\">Una inversi\u00f3n inteligente para parques infantiles cubiertos<\/p>\n<p style=\"text-align: justify; font-size: 16px; margin-bottom: 30px;\">En comparaci\u00f3n con las grandes atracciones emocionantes o los juegos electr\u00f3nicos, los equipos de juego para interiores con casas de juegos de rol ofrecen menores costes de mantenimiento, mayor valor educativo, mayor interacci\u00f3n entre padres e hijos, mayor duraci\u00f3n del juego y mayor satisfacci\u00f3n del cliente. Se trata de una soluci\u00f3n comercial rentable para parques infantiles con rendimientos estables a largo plazo.<\/p>\n<p style=\"font-weight: bold; font-size: 22px; color: #e74c3c; margin: 40px 0 20px;\">Escenarios de aplicaci\u00f3n<\/p>\n<ul style=\"font-size: 16px; padding-left: 40px; margin-bottom: 30px;\">\n<li>Parques infantiles comerciales cubiertos<\/li>\n<li>Centros de entretenimiento familiar (FEC)<\/li>\n<li>Centros preescolares y centros de aprendizaje temprano<\/li>\n<li>Zonas de juegos infantiles en centros comerciales<\/li>\n<li>Museos infantiles y espacios de aprendizaje experiencial<\/li>\n<\/ul>\n<p style=\"font-weight: bold; font-size: 22px; color: #e74c3c; margin: 40px 0 20px;\">Conclusi\u00f3n<\/p>\n<p style=\"text-align: justify; font-size: 16px; margin-bottom: 30px;\">La casa de juegos personalizada para ni\u00f1os City Kids Role Play House Indoor Playground Equipments combina a la perfecci\u00f3n entretenimiento, educaci\u00f3n y creatividad. Al ofrecer a los ni\u00f1os una mini ciudad realista pero imaginativa, llena de atractivas casas de juegos de rol y casas de juegos de simulaci\u00f3n, mejora el atractivo general de los parques infantiles cubiertos y ofrece experiencias de juego significativas que hacen que las familias vuelvan una y otra vez.<\/p>","protected":false},"excerpt":{"rendered":"<p>Equipamiento comercial para parques infantiles cubiertos con temas personalizables para juegos de rol, como supermercado, hospital y estaci\u00f3n de bomberos, ideal para \u00e1reas de juego infantiles rentables. Cree una alegre ciudad de juegos de rol con el equipamiento para parques infantiles cubiertos Role Play House, donde las casas de juegos de rol inmersivas convierten la vida cotidiana en divertidas aventuras.<\/p>","protected":false},"featured_media":3392,"parent":0,"template":"","meta":{"_acf_changed":false,"_kad_blocks_custom_css":"","_kad_blocks_head_custom_js":"","_kad_blocks_body_custom_js":"","_kad_blocks_footer_custom_js":"","_kadence_starter_templates_imported_post":false,"_kad_post_transparent":"default","_kad_post_title":"","_kad_post_layout":"default","_kad_post_sidebar_id":"","_kad_post_content_style":"default","_kad_post_vertical_padding":"default","_kad_post_feature":"","_kad_post_feature_position":"","_kad_post_header":false,"_kad_post_footer":false},"pcategory":[5,20],"ptag":[],"class_list":["post-3389","product","type-product","status-publish","has-post-thumbnail","hentry","pcategory-indoor-playground-equipment","pcategory-role-playhouse"],"acf":[],"yoast_head":"<!-- This site is optimized with the Yoast SEO plugin v26.8 - https:\/\/yoast.com\/product\/yoast-seo-wordpress\/ -->\n<title>Customized Commercial Pretend Play City Kids Role Play House Indoor Playground Equipments<\/title>\n<meta name=\"description\" content=\"Customized Commercial Pretend Play City Kids Role Play House indoor playground equipment featuring immersive pretend play houses, safe materials, and flexible customization to inspire creativity, social skills, and repeat visits.\" \/>\n<meta name=\"robots\" content=\"index, follow, max-snippet:-1, max-image-preview:large, max-video-preview:-1\" \/>\n<link rel=\"canonical\" href=\"https:\/\/softplaysupply.com\/es\/producto\/casas-de-juegos-de-rol-para-ninos\/\" \/>\n<meta property=\"og:locale\" content=\"es_ES\" \/>\n<meta property=\"og:type\" content=\"article\" \/>\n<meta property=\"og:title\" content=\"Customized Commercial Pretend Play City Kids Role Play House Indoor Playground Equipments\" \/>\n<meta property=\"og:description\" content=\"Customized Commercial Pretend Play City Kids Role Play House indoor playground equipment featuring immersive pretend play houses, safe materials, and flexible customization to inspire creativity, social skills, and repeat visits.\" \/>\n<meta property=\"og:url\" content=\"https:\/\/softplaysupply.com\/es\/producto\/casas-de-juegos-de-rol-para-ninos\/\" \/>\n<meta property=\"og:site_name\" content=\"Nanpak\" \/>\n<meta property=\"og:image\" content=\"https:\/\/softplaysupply.com\/wp-content\/uploads\/2025\/12\/kids-role-play-house-2.jpg\" \/>\n\t<meta property=\"og:image:width\" content=\"800\" \/>\n\t<meta property=\"og:image:height\" content=\"800\" \/>\n\t<meta property=\"og:image:type\" content=\"image\/jpeg\" \/>\n<meta name=\"twitter:card\" content=\"summary_large_image\" \/>\n<meta name=\"twitter:label1\" content=\"Tiempo de lectura\" \/>\n\t<meta name=\"twitter:data1\" content=\"5 minutos\" \/>\n<script type=\"application\/ld+json\" class=\"yoast-schema-graph\">{\"@context\":\"https:\/\/schema.org\",\"@graph\":[{\"@type\":\"WebPage\",\"@id\":\"https:\/\/softplaysupply.com\/product\/kids-role-play-houses\/\",\"url\":\"https:\/\/softplaysupply.com\/product\/kids-role-play-houses\/\",\"name\":\"Customized Commercial Pretend Play City Kids Role Play House Indoor Playground Equipments\",\"isPartOf\":{\"@id\":\"https:\/\/softplaysupply.com\/#website\"},\"primaryImageOfPage\":{\"@id\":\"https:\/\/softplaysupply.com\/product\/kids-role-play-houses\/#primaryimage\"},\"image\":{\"@id\":\"https:\/\/softplaysupply.com\/product\/kids-role-play-houses\/#primaryimage\"},\"thumbnailUrl\":\"https:\/\/softplaysupply.com\/wp-content\/uploads\/2025\/12\/kids-role-play-house-2.jpg\",\"datePublished\":\"2025-12-26T14:20:47+00:00\",\"description\":\"Customized Commercial Pretend Play City Kids Role Play House indoor playground equipment featuring immersive pretend play houses, safe materials, and flexible customization to inspire creativity, social skills, and repeat visits.\",\"breadcrumb\":{\"@id\":\"https:\/\/softplaysupply.com\/product\/kids-role-play-houses\/#breadcrumb\"},\"inLanguage\":\"es\",\"potentialAction\":[{\"@type\":\"ReadAction\",\"target\":[\"https:\/\/softplaysupply.com\/product\/kids-role-play-houses\/\"]}]},{\"@type\":\"ImageObject\",\"inLanguage\":\"es\",\"@id\":\"https:\/\/softplaysupply.com\/product\/kids-role-play-houses\/#primaryimage\",\"url\":\"https:\/\/softplaysupply.com\/wp-content\/uploads\/2025\/12\/kids-role-play-house-2.jpg\",\"contentUrl\":\"https:\/\/softplaysupply.com\/wp-content\/uploads\/2025\/12\/kids-role-play-house-2.jpg\",\"width\":800,\"height\":800,\"caption\":\"kids role play house\"},{\"@type\":\"BreadcrumbList\",\"@id\":\"https:\/\/softplaysupply.com\/product\/kids-role-play-houses\/#breadcrumb\",\"itemListElement\":[{\"@type\":\"ListItem\",\"position\":1,\"name\":\"Home\",\"item\":\"https:\/\/softplaysupply.com\/\"},{\"@type\":\"ListItem\",\"position\":2,\"name\":\"Role Playhouse\",\"item\":\"https:\/\/softplaysupply.com\/pcategory\/role-playhouse\/\"},{\"@type\":\"ListItem\",\"position\":3,\"name\":\"Customized Commercial Pretend Play City Kids Role Play House Indoor Playground Equipments\"}]},{\"@type\":\"WebSite\",\"@id\":\"https:\/\/softplaysupply.com\/#website\",\"url\":\"https:\/\/softplaysupply.com\/\",\"name\":\"Soft Play Supplier\",\"description\":\"Soft Play Supplier\",\"publisher\":{\"@id\":\"https:\/\/softplaysupply.com\/#organization\"},\"potentialAction\":[{\"@type\":\"SearchAction\",\"target\":{\"@type\":\"EntryPoint\",\"urlTemplate\":\"https:\/\/softplaysupply.com\/?s={search_term_string}\"},\"query-input\":{\"@type\":\"PropertyValueSpecification\",\"valueRequired\":true,\"valueName\":\"search_term_string\"}}],\"inLanguage\":\"es\"},{\"@type\":\"Organization\",\"@id\":\"https:\/\/softplaysupply.com\/#organization\",\"name\":\"Nanpak\",\"url\":\"https:\/\/softplaysupply.com\/\",\"logo\":{\"@type\":\"ImageObject\",\"inLanguage\":\"es\",\"@id\":\"https:\/\/softplaysupply.com\/#\/schema\/logo\/image\/\",\"url\":\"https:\/\/softplaysupply.com\/wp-content\/uploads\/2025\/12\/cropped-mobile-logo.png\",\"contentUrl\":\"https:\/\/softplaysupply.com\/wp-content\/uploads\/2025\/12\/cropped-mobile-logo.png\",\"width\":263,\"height\":84,\"caption\":\"Nanpak\"},\"image\":{\"@id\":\"https:\/\/softplaysupply.com\/#\/schema\/logo\/image\/\"}}]}<\/script>\n<!-- \/ Yoast SEO plugin. -->","yoast_head_json":{"title":"Equipos personalizados para parques infantiles interiores y juegos de rol para ni\u00f1os en la ciudad","description":"Equipo de juego infantil personalizado para interiores con casas de juego inmersivas, materiales seguros y personalizaci\u00f3n flexible para inspirar la creatividad, las habilidades sociales y las visitas repetidas.","robots":{"index":"index","follow":"follow","max-snippet":"max-snippet:-1","max-image-preview":"max-image-preview:large","max-video-preview":"max-video-preview:-1"},"canonical":"https:\/\/softplaysupply.com\/es\/producto\/casas-de-juegos-de-rol-para-ninos\/","og_locale":"es_ES","og_type":"article","og_title":"Customized Commercial Pretend Play City Kids Role Play House Indoor Playground Equipments","og_description":"Customized Commercial Pretend Play City Kids Role Play House indoor playground equipment featuring immersive pretend play houses, safe materials, and flexible customization to inspire creativity, social skills, and repeat visits.","og_url":"https:\/\/softplaysupply.com\/es\/producto\/casas-de-juegos-de-rol-para-ninos\/","og_site_name":"Nanpak","og_image":[{"width":800,"height":800,"url":"https:\/\/softplaysupply.com\/wp-content\/uploads\/2025\/12\/kids-role-play-house-2.jpg","type":"image\/jpeg"}],"twitter_card":"summary_large_image","twitter_misc":{"Tiempo de lectura":"5 minutos"},"schema":{"@context":"https:\/\/schema.org","@graph":[{"@type":"WebPage","@id":"https:\/\/softplaysupply.com\/product\/kids-role-play-houses\/","url":"https:\/\/softplaysupply.com\/product\/kids-role-play-houses\/","name":"Equipos personalizados para parques infantiles interiores y juegos de rol para ni\u00f1os en la ciudad","isPartOf":{"@id":"https:\/\/softplaysupply.com\/#website"},"primaryImageOfPage":{"@id":"https:\/\/softplaysupply.com\/product\/kids-role-play-houses\/#primaryimage"},"image":{"@id":"https:\/\/softplaysupply.com\/product\/kids-role-play-houses\/#primaryimage"},"thumbnailUrl":"https:\/\/softplaysupply.com\/wp-content\/uploads\/2025\/12\/kids-role-play-house-2.jpg","datePublished":"2025-12-26T14:20:47+00:00","description":"Equipo de juego infantil personalizado para interiores con casas de juego inmersivas, materiales seguros y personalizaci\u00f3n flexible para inspirar la creatividad, las habilidades sociales y las visitas repetidas.","breadcrumb":{"@id":"https:\/\/softplaysupply.com\/product\/kids-role-play-houses\/#breadcrumb"},"inLanguage":"es","potentialAction":[{"@type":"ReadAction","target":["https:\/\/softplaysupply.com\/product\/kids-role-play-houses\/"]}]},{"@type":"ImageObject","inLanguage":"es","@id":"https:\/\/softplaysupply.com\/product\/kids-role-play-houses\/#primaryimage","url":"https:\/\/softplaysupply.com\/wp-content\/uploads\/2025\/12\/kids-role-play-house-2.jpg","contentUrl":"https:\/\/softplaysupply.com\/wp-content\/uploads\/2025\/12\/kids-role-play-house-2.jpg","width":800,"height":800,"caption":"kids role play house"},{"@type":"BreadcrumbList","@id":"https:\/\/softplaysupply.com\/product\/kids-role-play-houses\/#breadcrumb","itemListElement":[{"@type":"ListItem","position":1,"name":"Home","item":"https:\/\/softplaysupply.com\/"},{"@type":"ListItem","position":2,"name":"Role Playhouse","item":"https:\/\/softplaysupply.com\/pcategory\/role-playhouse\/"},{"@type":"ListItem","position":3,"name":"Customized Commercial Pretend Play City Kids Role Play House Indoor Playground Equipments"}]},{"@type":"WebSite","@id":"https:\/\/softplaysupply.com\/#website","url":"https:\/\/softplaysupply.com\/","name":"Proveedor de juegos blandos","description":"Proveedor de juegos blandos","publisher":{"@id":"https:\/\/softplaysupply.com\/#organization"},"potentialAction":[{"@type":"SearchAction","target":{"@type":"EntryPoint","urlTemplate":"https:\/\/softplaysupply.com\/?s={search_term_string}"},"query-input":{"@type":"PropertyValueSpecification","valueRequired":true,"valueName":"search_term_string"}}],"inLanguage":"es"},{"@type":"Organization","@id":"https:\/\/softplaysupply.com\/#organization","name":"Nanpak","url":"https:\/\/softplaysupply.com\/","logo":{"@type":"ImageObject","inLanguage":"es","@id":"https:\/\/softplaysupply.com\/#\/schema\/logo\/image\/","url":"https:\/\/softplaysupply.com\/wp-content\/uploads\/2025\/12\/cropped-mobile-logo.png","contentUrl":"https:\/\/softplaysupply.com\/wp-content\/uploads\/2025\/12\/cropped-mobile-logo.png","width":263,"height":84,"caption":"Nanpak"},"image":{"@id":"https:\/\/softplaysupply.com\/#\/schema\/logo\/image\/"}}]}},"taxonomy_info":{"pcategory":[{"value":5,"label":"Indoor Playground Equipment"},{"value":20,"label":"Role Playhouse"}]},"featured_image_src_large":["https:\/\/softplaysupply.com\/wp-content\/uploads\/2025\/12\/kids-role-play-house-2.jpg",800,800,false],"author_info":[],"comment_info":"","_links":{"self":[{"href":"https:\/\/softplaysupply.com\/es\/wp-json\/wp\/v2\/product\/3389","targetHints":{"allow":["GET"]}}],"collection":[{"href":"https:\/\/softplaysupply.com\/es\/wp-json\/wp\/v2\/product"}],"about":[{"href":"https:\/\/softplaysupply.com\/es\/wp-json\/wp\/v2\/types\/product"}],"wp:featuredmedia":[{"embeddable":true,"href":"https:\/\/softplaysupply.com\/es\/wp-json\/wp\/v2\/media\/3392"}],"wp:attachment":[{"href":"https:\/\/softplaysupply.com\/es\/wp-json\/wp\/v2\/media?parent=3389"}],"wp:term":[{"taxonomy":"pcategory","embeddable":true,"href":"https:\/\/softplaysupply.com\/es\/wp-json\/wp\/v2\/pcategory?post=3389"},{"taxonomy":"ptag","embeddable":true,"href":"https:\/\/softplaysupply.com\/es\/wp-json\/wp\/v2\/ptag?post=3389"}],"curies":[{"name":"wp","href":"https:\/\/api.w.org\/{rel}","templated":true}]}}