{"id":3343,"date":"2025-12-15T04:50:49","date_gmt":"2025-12-15T04:50:49","guid":{"rendered":"https:\/\/softplaysupply.com\/?post_type=product&#038;p=3343"},"modified":"2025-12-15T05:52:39","modified_gmt":"2025-12-15T05:52:39","slug":"all-in-one-ball-pit-washing-ball-cleaning-machine","status":"publish","type":"product","link":"https:\/\/softplaysupply.com\/es\/producto\/all-in-one-ball-pit-washing-ball-cleaning-machine\/","title":{"rendered":"M\u00e1quina multifuncional todo en uno para lavar y limpiar pelotas de piscina de pelotas"},"content":{"rendered":"<div style=\"width: 1280px;\" class=\"wp-video\"><video class=\"wp-video-shortcode\" id=\"video-3343-1\" width=\"1280\" height=\"720\" preload=\"auto\" controls=\"controls\"><source type=\"video\/mp4\" src=\"https:\/\/softplaysupply.com\/wp-content\/uploads\/2025\/12\/all-in-one-ball-washing-machine.mp4?_=1\" \/><a href=\"https:\/\/softplaysupply.com\/wp-content\/uploads\/2025\/12\/all-in-one-ball-washing-machine.mp4\">https:\/\/softplaysupply.com\/wp-content\/uploads\/2025\/12\/all-in-one-ball-washing-machine.mp4<\/a><\/video><\/div>\n<p>Las piscinas de bolas son un elemento central en los parques infantiles, centros comerciales y parques tem\u00e1ticos cubiertos, pero tambi\u00e9n plantean importantes retos en materia de higiene. La gran cantidad de bolas de pl\u00e1stico que contienen requiere una limpieza continua, y los m\u00e9todos tradicionales son laboriosos y requieren mucho tiempo, por lo que a menudo no proporcionan la esterilizaci\u00f3n profunda necesaria para garantizar un entorno verdaderamente limpio.<\/p>\n<p>Presentamos la lavadora multifuncional para bolas, un revolucionario y eficiente dispositivo de limpieza dise\u00f1ado espec\u00edficamente para piscinas de bolas de gran tama\u00f1o. Esta lavadora todo en uno transforma su enfoque de la higiene, ofreciendo una soluci\u00f3n automatizada y de alta calidad para la limpieza de piscinas de bolas.<\/p>\n<p><img loading=\"lazy\" decoding=\"async\" class=\"alignnone size-medium wp-image-3348\" src=\"https:\/\/softplaysupply.com\/wp-content\/uploads\/2025\/12\/ball-pit-cleaning-machine-2-300x300.jpg\" alt=\"\" width=\"300\" height=\"300\" srcset=\"https:\/\/softplaysupply.com\/wp-content\/uploads\/2025\/12\/ball-pit-cleaning-machine-2-300x300.jpg 300w, https:\/\/softplaysupply.com\/wp-content\/uploads\/2025\/12\/ball-pit-cleaning-machine-2-150x150.jpg 150w, https:\/\/softplaysupply.com\/wp-content\/uploads\/2025\/12\/ball-pit-cleaning-machine-2-768x768.jpg 768w, https:\/\/softplaysupply.com\/wp-content\/uploads\/2025\/12\/ball-pit-cleaning-machine-2-12x12.jpg 12w, https:\/\/softplaysupply.com\/wp-content\/uploads\/2025\/12\/ball-pit-cleaning-machine-2.jpg 800w\" sizes=\"auto, (max-width: 300px) 100vw, 300px\" \/> <img loading=\"lazy\" decoding=\"async\" class=\"alignnone size-medium wp-image-3349\" src=\"https:\/\/softplaysupply.com\/wp-content\/uploads\/2025\/12\/ball-pit-cleaning-machine-3-300x300.jpg\" alt=\"\" width=\"300\" height=\"300\" srcset=\"https:\/\/softplaysupply.com\/wp-content\/uploads\/2025\/12\/ball-pit-cleaning-machine-3-300x300.jpg 300w, https:\/\/softplaysupply.com\/wp-content\/uploads\/2025\/12\/ball-pit-cleaning-machine-3-150x150.jpg 150w, https:\/\/softplaysupply.com\/wp-content\/uploads\/2025\/12\/ball-pit-cleaning-machine-3-768x768.jpg 768w, https:\/\/softplaysupply.com\/wp-content\/uploads\/2025\/12\/ball-pit-cleaning-machine-3-12x12.jpg 12w, https:\/\/softplaysupply.com\/wp-content\/uploads\/2025\/12\/ball-pit-cleaning-machine-3.jpg 800w\" sizes=\"auto, (max-width: 300px) 100vw, 300px\" \/> <img loading=\"lazy\" decoding=\"async\" class=\"alignnone size-medium wp-image-3351\" src=\"https:\/\/softplaysupply.com\/wp-content\/uploads\/2025\/12\/ball-pit-cleaning-machine-5-300x300.jpg\" alt=\"M\u00e1quina limpiadora de piscinas de bolas\" width=\"300\" height=\"300\" srcset=\"https:\/\/softplaysupply.com\/wp-content\/uploads\/2025\/12\/ball-pit-cleaning-machine-5-300x300.jpg 300w, https:\/\/softplaysupply.com\/wp-content\/uploads\/2025\/12\/ball-pit-cleaning-machine-5-150x150.jpg 150w, https:\/\/softplaysupply.com\/wp-content\/uploads\/2025\/12\/ball-pit-cleaning-machine-5-12x12.jpg 12w, https:\/\/softplaysupply.com\/wp-content\/uploads\/2025\/12\/ball-pit-cleaning-machine-5.jpg 750w\" sizes=\"auto, (max-width: 300px) 100vw, 300px\" \/><\/p>\n<h2 style=\"color: #2980b9;\"><strong>Ventajas clave: \u00bfPor qu\u00e9 elegir nuestra lavadora multifuncional para pelotas?<\/strong><\/h2>\n<ol>\n<li style=\"margin-bottom: 20px;\"><strong>Eficiencia extrema, ahorro de costes<\/strong><br \/>\n<strong>Eficiencia ultra alta<\/strong>: Capaz de limpiar hasta 25 000 pelotas de playa en solo una hora.<br \/>\n<strong>Rentabilidad de la inversi\u00f3n<\/strong>Al reducir la mano de obra y el tiempo necesarios para la limpieza manual, nuestra m\u00e1quina limpiadora de bolas garantiza un r\u00e1pido retorno de la inversi\u00f3n.<\/li>\n<li style=\"margin-bottom: 20px;\"><strong>Esterilizaci\u00f3n profunda, seguridad fiable<\/strong><br \/>\n<strong>Esterilizaci\u00f3n con luz azul<\/strong>El sistema integrado de esterilizaci\u00f3n con luz azul garantiza que las pelotas se desinfecten profundamente durante el proceso de lavado, logrando un nivel de limpieza muy superior al del lavado con agua normal.<br \/>\n<strong>Sistema de limpieza especial<\/strong>: Se a\u00f1ade al agua un desinfectante \u00fanico, combinado con un sistema de filtraci\u00f3n multicapa, para lograr una esterilizaci\u00f3n y limpieza superiores. Esto hace que nuestra lavadora para piscinas de bolas sea imprescindible para los propietarios de parques comprometidos con el mantenimiento de altos est\u00e1ndares de salud y seguridad.<\/li>\n<li style=\"margin-bottom: 20px;\"><strong>Funcionamiento inteligente, f\u00e1cil de usar<\/strong><br \/>\n<strong>Control inteligente con pantalla t\u00e1ctil<\/strong>: La interfaz intuitiva de la pantalla t\u00e1ctil inteligente hace que el funcionamiento sea f\u00e1cil y sencillo.<br \/>\n<strong>Inicio con un solo bot\u00f3n<\/strong>Simplifica el proceso para el personal no profesional, haciendo que sea accesible para que cualquiera pueda manejarlo con facilidad.<\/li>\n<\/ol>\n<h2 style=\"color: #2980b9;\"><strong>Especificaciones y caracter\u00edsticas detalladas<\/strong><\/h2>\n<table style=\"width: 100%; border-collapse: collapse; margin: 20px 0; background-color: #fff;\">\n<thead>\n<tr style=\"background-color: #3498db; color: white;\">\n<th style=\"padding: 12px; text-align: left; border: 1px solid #ddd;\">Caracter\u00edstica<\/th>\n<th style=\"padding: 12px; text-align: left; border: 1px solid #ddd;\">Detalles de las especificaciones<\/th>\n<th style=\"padding: 12px; text-align: left; border: 1px solid #ddd;\">Explicaci\u00f3n de las ventajas<\/th>\n<\/tr>\n<\/thead>\n<tbody>\n<tr>\n<td style=\"padding: 12px; border: 1px solid #ddd;\"><strong>Nombre del producto<\/strong><\/td>\n<td style=\"padding: 12px; border: 1px solid #ddd;\">Lavadora multifuncional de pelotas<\/td>\n<td style=\"padding: 12px; border: 1px solid #ddd;\">Dise\u00f1o integrado que satisface las necesidades de limpieza, desinfecci\u00f3n y secado.<\/td>\n<\/tr>\n<tr style=\"background-color: #ecf0f1;\">\n<td style=\"padding: 12px; border: 1px solid #ddd;\"><strong>Eficiencia de limpieza<\/strong><\/td>\n<td style=\"padding: 12px; border: 1px solid #ddd;\">25 000 piezas\/bolas por hora<\/td>\n<td style=\"padding: 12px; border: 1px solid #ddd;\">Capacidad de limpieza a alta velocidad sin igual en la industria.<\/td>\n<\/tr>\n<tr>\n<td style=\"padding: 12px; border: 1px solid #ddd;\"><strong>Esterilizaci\u00f3n<\/strong><\/td>\n<td style=\"padding: 12px; border: 1px solid #ddd;\">Esterilizaci\u00f3n con luz azul<\/td>\n<td style=\"padding: 12px; border: 1px solid #ddd;\">Elimina eficazmente las bacterias y los virus de la superficie de la pelota.<\/td>\n<\/tr>\n<tr style=\"background-color: #ecf0f1;\">\n<td style=\"padding: 12px; border: 1px solid #ddd;\"><strong>Par\u00e1metros del dispositivo<\/strong><\/td>\n<td style=\"padding: 12px; border: 1px solid #ddd;\">Potencia total 2,5 kW, corriente de 16 amperios.<\/td>\n<td style=\"padding: 12px; border: 1px solid #ddd;\">Potente motor, personalizable para satisfacer diferentes requisitos operativos.<\/td>\n<\/tr>\n<tr>\n<td style=\"padding: 12px; border: 1px solid #ddd;\"><strong>Tecnolog\u00eda central<\/strong><\/td>\n<td style=\"padding: 12px; border: 1px solid #ddd;\">Cepillo supersuave de 360\u00b0 + sistema de filtraci\u00f3n multicapa<\/td>\n<td style=\"padding: 12px; border: 1px solid #ddd;\">Frota y limpia suavemente cada cent\u00edmetro de la pelota mientras recicla el agua de manera eficiente.<\/td>\n<\/tr>\n<tr style=\"background-color: #ecf0f1;\">\n<td style=\"padding: 12px; border: 1px solid #ddd;\"><strong>Tecnolog\u00eda de secado<\/strong><\/td>\n<td style=\"padding: 12px; border: 1px solid #ddd;\">\u201cFunci\u00f3n \u201dM\u00e1s bola seca\u00bb<\/td>\n<td style=\"padding: 12px; border: 1px solid #ddd;\">El secado al aire de alta eficiencia y el secado con un pa\u00f1o de algod\u00f3n garantizan que las pelotas est\u00e9n listas al instante.<\/td>\n<\/tr>\n<tr>\n<td style=\"padding: 12px; border: 1px solid #ddd;\"><strong>Tama\u00f1o\/Peso<\/strong><\/td>\n<td style=\"padding: 12px; border: 1px solid #ddd;\">Tama\u00f1o: 140 x 65 x 120 cm, peso: 110 kg.<\/td>\n<td style=\"padding: 12px; border: 1px solid #ddd;\">Dise\u00f1o compacto y ligero, f\u00e1cil de mover dentro del recinto.<\/td>\n<\/tr>\n<tr style=\"background-color: #ecf0f1;\">\n<td style=\"padding: 12px; border: 1px solid #ddd;\"><strong>Informaci\u00f3n sobre el embalaje<\/strong><\/td>\n<td style=\"padding: 12px; border: 1px solid #ddd;\">Tama\u00f1o: 168*78*150 cm, peso bruto: 180 kg.<\/td>\n<td style=\"padding: 12px; border: 1px solid #ddd;\">Un embalaje resistente garantiza un transporte seguro.<\/td>\n<\/tr>\n<\/tbody>\n<\/table>\n<h2 style=\"color: #2980b9;\"><strong>Flujo de trabajo de la funci\u00f3n: de sucio a limpio en un solo paso<\/strong><\/h2>\n<p>Nuestro <strong><a href=\"https:\/\/softplaysupply.com\/es\/producto\/all-in-one-ball-pit-washing-ball-cleaning-machine\/\" data-internallinksmanager029f6b8e52c=\"4\" title=\"M\u00e1quina limpiadora de piscinas de bolas\" target=\"_blank\" rel=\"noopener\">M\u00e1quina limpiadora de piscinas de bolas<\/a><\/strong> Est\u00e1 dise\u00f1ado para parques con un gran volumen de pelotas. El proceso es sencillo y eficaz:<\/p>\n<ol>\n<li><strong>Recolecci\u00f3n e inmersi\u00f3n<\/strong>: Las bolas se aspiran autom\u00e1ticamente o se introducen en la m\u00e1quina.<\/li>\n<li><strong>Lavado profundo 360\u00b0<\/strong>El cepillo supersuave de 360\u00b0 frota las pelotas a fondo, mientras que el agua mezclada con un desinfectante especial garantiza una limpieza adecuada.<\/li>\n<li><strong>Filtraci\u00f3n de agua<\/strong>El agua sucia se filtra y recicla mediante un sistema de filtraci\u00f3n multicapa.<\/li>\n<li><strong>Desinfecci\u00f3n con luz azul<\/strong>La esterilizaci\u00f3n con luz azul funciona simult\u00e1neamente con el lavado, lo que garantiza que todas las pelotas est\u00e9n libres de bacterias da\u00f1inas.<\/li>\n<li><strong>Secado al aire de alta eficiencia<\/strong>Las bolas se someten a un proceso de secado y se limpian con un pa\u00f1o de algod\u00f3n para obtener un acabado seco instant\u00e1neo. Esta caracter\u00edstica ayuda a mantener el m\u00e1ximo tiempo de actividad de su \u00e1rea de juego.<\/li>\n<\/ol>\n<h2 style=\"color: #2980b9;\"><strong>Act\u00faa ahora: mejora tus est\u00e1ndares operativos<\/strong><\/h2>\n<p>Invertir en nuestra lavadora multifuncional para bolas es m\u00e1s que comprar un equipo: es una inversi\u00f3n en la salud, la seguridad y la eficiencia operativa general de sus clientes. Deje de perder tiempo en limpiezas manuales ineficaces. Esta lavadora para bolas todo en uno optimizar\u00e1 sus procesos, garantizar\u00e1 una higiene de primer nivel y ayudar\u00e1 a mantener un entorno limpio y seguro para todos los visitantes.<\/p>\n<p>Tanto si desea comprar una m\u00e1quina limpiadora de piscinas de bolas como si est\u00e1 interesado en alquilar una, no dude en ponerse en contacto con nosotros hoy mismo para encontrar la soluci\u00f3n que necesita.<\/p>\n<div id=\"gtx-trans\" style=\"position: absolute; left: 460px; top: 39px;\">\n<div class=\"gtx-trans-icon\"><\/div>\n<\/div>","protected":false},"excerpt":{"rendered":"<p>M\u00e1quina profesional de limpieza de piscinas de bolas dise\u00f1ada para parques infantiles y parques tem\u00e1ticos cubiertos. El lavado autom\u00e1tico, la esterilizaci\u00f3n con luz azul, el secado al aire y la filtraci\u00f3n del agua garantizan un entorno de juego seguro e higi\u00e9nico.<\/p>","protected":false},"featured_media":3351,"parent":0,"template":"","meta":{"_acf_changed":false,"_kad_blocks_custom_css":"","_kad_blocks_head_custom_js":"","_kad_blocks_body_custom_js":"","_kad_blocks_footer_custom_js":"","_kadence_starter_templates_imported_post":false,"_kad_post_transparent":"default","_kad_post_title":"","_kad_post_layout":"default","_kad_post_sidebar_id":"","_kad_post_content_style":"default","_kad_post_vertical_padding":"default","_kad_post_feature":"","_kad_post_feature_position":"","_kad_post_header":false,"_kad_post_footer":false},"pcategory":[5],"ptag":[],"class_list":["post-3343","product","type-product","status-publish","has-post-thumbnail","hentry","pcategory-indoor-playground-equipment"],"acf":[],"yoast_head":"<!-- This site is optimized with the Yoast SEO plugin v26.8 - https:\/\/yoast.com\/product\/yoast-seo-wordpress\/ -->\n<title>Multi-Functional All In One Ball Pit Washing Ball Cleaning Machine<\/title>\n<meta name=\"description\" content=\"Multi-Functional all in one ball pit washing ball cleaning machine reduce labor costs and improve hygiene with our automatic ball pit washing machine. Features 360\u00b0 soft brush cleaning, blue light sterilization, smart touch screen, and fast ROI for commercial venues.\" \/>\n<meta name=\"robots\" content=\"index, follow, max-snippet:-1, max-image-preview:large, max-video-preview:-1\" \/>\n<link rel=\"canonical\" href=\"https:\/\/softplaysupply.com\/es\/producto\/all-in-one-ball-pit-washing-ball-cleaning-machine\/\" \/>\n<meta property=\"og:locale\" content=\"es_ES\" \/>\n<meta property=\"og:type\" content=\"article\" \/>\n<meta property=\"og:title\" content=\"Multi-Functional All In One Ball Pit Washing Ball Cleaning Machine\" \/>\n<meta property=\"og:description\" content=\"Multi-Functional all in one ball pit washing ball cleaning machine reduce labor costs and improve hygiene with our automatic ball pit washing machine. Features 360\u00b0 soft brush cleaning, blue light sterilization, smart touch screen, and fast ROI for commercial venues.\" \/>\n<meta property=\"og:url\" content=\"https:\/\/softplaysupply.com\/es\/producto\/all-in-one-ball-pit-washing-ball-cleaning-machine\/\" \/>\n<meta property=\"og:site_name\" content=\"Nanpak\" \/>\n<meta property=\"article:modified_time\" content=\"2025-12-15T05:52:39+00:00\" \/>\n<meta property=\"og:image\" content=\"https:\/\/softplaysupply.com\/wp-content\/uploads\/2025\/12\/ball-pit-cleaning-machine-5.jpg\" \/>\n\t<meta property=\"og:image:width\" content=\"750\" \/>\n\t<meta property=\"og:image:height\" content=\"750\" \/>\n\t<meta property=\"og:image:type\" content=\"image\/jpeg\" \/>\n<meta name=\"twitter:card\" content=\"summary_large_image\" \/>\n<meta name=\"twitter:label1\" content=\"Tiempo de lectura\" \/>\n\t<meta name=\"twitter:data1\" content=\"4 minutos\" \/>\n<script type=\"application\/ld+json\" class=\"yoast-schema-graph\">{\"@context\":\"https:\/\/schema.org\",\"@graph\":[{\"@type\":\"WebPage\",\"@id\":\"https:\/\/softplaysupply.com\/product\/all-in-one-ball-pit-washing-ball-cleaning-machine\/\",\"url\":\"https:\/\/softplaysupply.com\/product\/all-in-one-ball-pit-washing-ball-cleaning-machine\/\",\"name\":\"Multi-Functional All In One Ball Pit Washing Ball Cleaning Machine\",\"isPartOf\":{\"@id\":\"https:\/\/softplaysupply.com\/#website\"},\"primaryImageOfPage\":{\"@id\":\"https:\/\/softplaysupply.com\/product\/all-in-one-ball-pit-washing-ball-cleaning-machine\/#primaryimage\"},\"image\":{\"@id\":\"https:\/\/softplaysupply.com\/product\/all-in-one-ball-pit-washing-ball-cleaning-machine\/#primaryimage\"},\"thumbnailUrl\":\"https:\/\/softplaysupply.com\/wp-content\/uploads\/2025\/12\/ball-pit-cleaning-machine-5.jpg\",\"datePublished\":\"2025-12-15T04:50:49+00:00\",\"dateModified\":\"2025-12-15T05:52:39+00:00\",\"description\":\"Multi-Functional all in one ball pit washing ball cleaning machine reduce labor costs and improve hygiene with our automatic ball pit washing machine. Features 360\u00b0 soft brush cleaning, blue light sterilization, smart touch screen, and fast ROI for commercial venues.\",\"breadcrumb\":{\"@id\":\"https:\/\/softplaysupply.com\/product\/all-in-one-ball-pit-washing-ball-cleaning-machine\/#breadcrumb\"},\"inLanguage\":\"es\",\"potentialAction\":[{\"@type\":\"ReadAction\",\"target\":[\"https:\/\/softplaysupply.com\/product\/all-in-one-ball-pit-washing-ball-cleaning-machine\/\"]}]},{\"@type\":\"ImageObject\",\"inLanguage\":\"es\",\"@id\":\"https:\/\/softplaysupply.com\/product\/all-in-one-ball-pit-washing-ball-cleaning-machine\/#primaryimage\",\"url\":\"https:\/\/softplaysupply.com\/wp-content\/uploads\/2025\/12\/ball-pit-cleaning-machine-5.jpg\",\"contentUrl\":\"https:\/\/softplaysupply.com\/wp-content\/uploads\/2025\/12\/ball-pit-cleaning-machine-5.jpg\",\"width\":750,\"height\":750,\"caption\":\"ball pit cleaning machine\"},{\"@type\":\"BreadcrumbList\",\"@id\":\"https:\/\/softplaysupply.com\/product\/all-in-one-ball-pit-washing-ball-cleaning-machine\/#breadcrumb\",\"itemListElement\":[{\"@type\":\"ListItem\",\"position\":1,\"name\":\"Home\",\"item\":\"https:\/\/softplaysupply.com\/\"},{\"@type\":\"ListItem\",\"position\":2,\"name\":\"Indoor Playground Equipment\",\"item\":\"https:\/\/softplaysupply.com\/pcategory\/indoor-playground-equipment\/\"},{\"@type\":\"ListItem\",\"position\":3,\"name\":\"Multi-Functional All In One Ball Pit Washing Ball Cleaning Machine\"}]},{\"@type\":\"WebSite\",\"@id\":\"https:\/\/softplaysupply.com\/#website\",\"url\":\"https:\/\/softplaysupply.com\/\",\"name\":\"Soft Play Supplier\",\"description\":\"Soft Play Supplier\",\"publisher\":{\"@id\":\"https:\/\/softplaysupply.com\/#organization\"},\"potentialAction\":[{\"@type\":\"SearchAction\",\"target\":{\"@type\":\"EntryPoint\",\"urlTemplate\":\"https:\/\/softplaysupply.com\/?s={search_term_string}\"},\"query-input\":{\"@type\":\"PropertyValueSpecification\",\"valueRequired\":true,\"valueName\":\"search_term_string\"}}],\"inLanguage\":\"es\"},{\"@type\":\"Organization\",\"@id\":\"https:\/\/softplaysupply.com\/#organization\",\"name\":\"Nanpak\",\"url\":\"https:\/\/softplaysupply.com\/\",\"logo\":{\"@type\":\"ImageObject\",\"inLanguage\":\"es\",\"@id\":\"https:\/\/softplaysupply.com\/#\/schema\/logo\/image\/\",\"url\":\"https:\/\/softplaysupply.com\/wp-content\/uploads\/2025\/12\/cropped-mobile-logo.png\",\"contentUrl\":\"https:\/\/softplaysupply.com\/wp-content\/uploads\/2025\/12\/cropped-mobile-logo.png\",\"width\":263,\"height\":84,\"caption\":\"Nanpak\"},\"image\":{\"@id\":\"https:\/\/softplaysupply.com\/#\/schema\/logo\/image\/\"}}]}<\/script>\n<!-- \/ Yoast SEO plugin. -->","yoast_head_json":{"title":"M\u00e1quina multifuncional todo en uno para lavar y limpiar pelotas de piscina de pelotas","description":"La m\u00e1quina multifuncional todo en uno para lavar y limpiar bolas de piscina de bolas reduce los costes de mano de obra y mejora la higiene con nuestra lavadora autom\u00e1tica para piscinas de bolas. Cuenta con limpieza con cepillo suave de 360\u00b0, esterilizaci\u00f3n con luz azul, pantalla t\u00e1ctil inteligente y r\u00e1pido retorno de la inversi\u00f3n para locales comerciales.","robots":{"index":"index","follow":"follow","max-snippet":"max-snippet:-1","max-image-preview":"max-image-preview:large","max-video-preview":"max-video-preview:-1"},"canonical":"https:\/\/softplaysupply.com\/es\/producto\/all-in-one-ball-pit-washing-ball-cleaning-machine\/","og_locale":"es_ES","og_type":"article","og_title":"Multi-Functional All In One Ball Pit Washing Ball Cleaning Machine","og_description":"Multi-Functional all in one ball pit washing ball cleaning machine reduce labor costs and improve hygiene with our automatic ball pit washing machine. Features 360\u00b0 soft brush cleaning, blue light sterilization, smart touch screen, and fast ROI for commercial venues.","og_url":"https:\/\/softplaysupply.com\/es\/producto\/all-in-one-ball-pit-washing-ball-cleaning-machine\/","og_site_name":"Nanpak","article_modified_time":"2025-12-15T05:52:39+00:00","og_image":[{"width":750,"height":750,"url":"https:\/\/softplaysupply.com\/wp-content\/uploads\/2025\/12\/ball-pit-cleaning-machine-5.jpg","type":"image\/jpeg"}],"twitter_card":"summary_large_image","twitter_misc":{"Tiempo de lectura":"4 minutos"},"schema":{"@context":"https:\/\/schema.org","@graph":[{"@type":"WebPage","@id":"https:\/\/softplaysupply.com\/product\/all-in-one-ball-pit-washing-ball-cleaning-machine\/","url":"https:\/\/softplaysupply.com\/product\/all-in-one-ball-pit-washing-ball-cleaning-machine\/","name":"M\u00e1quina multifuncional todo en uno para lavar y limpiar pelotas de piscina de pelotas","isPartOf":{"@id":"https:\/\/softplaysupply.com\/#website"},"primaryImageOfPage":{"@id":"https:\/\/softplaysupply.com\/product\/all-in-one-ball-pit-washing-ball-cleaning-machine\/#primaryimage"},"image":{"@id":"https:\/\/softplaysupply.com\/product\/all-in-one-ball-pit-washing-ball-cleaning-machine\/#primaryimage"},"thumbnailUrl":"https:\/\/softplaysupply.com\/wp-content\/uploads\/2025\/12\/ball-pit-cleaning-machine-5.jpg","datePublished":"2025-12-15T04:50:49+00:00","dateModified":"2025-12-15T05:52:39+00:00","description":"La m\u00e1quina multifuncional todo en uno para lavar y limpiar bolas de piscina de bolas reduce los costes de mano de obra y mejora la higiene con nuestra lavadora autom\u00e1tica para piscinas de bolas. Cuenta con limpieza con cepillo suave de 360\u00b0, esterilizaci\u00f3n con luz azul, pantalla t\u00e1ctil inteligente y r\u00e1pido retorno de la inversi\u00f3n para locales comerciales.","breadcrumb":{"@id":"https:\/\/softplaysupply.com\/product\/all-in-one-ball-pit-washing-ball-cleaning-machine\/#breadcrumb"},"inLanguage":"es","potentialAction":[{"@type":"ReadAction","target":["https:\/\/softplaysupply.com\/product\/all-in-one-ball-pit-washing-ball-cleaning-machine\/"]}]},{"@type":"ImageObject","inLanguage":"es","@id":"https:\/\/softplaysupply.com\/product\/all-in-one-ball-pit-washing-ball-cleaning-machine\/#primaryimage","url":"https:\/\/softplaysupply.com\/wp-content\/uploads\/2025\/12\/ball-pit-cleaning-machine-5.jpg","contentUrl":"https:\/\/softplaysupply.com\/wp-content\/uploads\/2025\/12\/ball-pit-cleaning-machine-5.jpg","width":750,"height":750,"caption":"ball pit cleaning machine"},{"@type":"BreadcrumbList","@id":"https:\/\/softplaysupply.com\/product\/all-in-one-ball-pit-washing-ball-cleaning-machine\/#breadcrumb","itemListElement":[{"@type":"ListItem","position":1,"name":"Home","item":"https:\/\/softplaysupply.com\/"},{"@type":"ListItem","position":2,"name":"Indoor Playground Equipment","item":"https:\/\/softplaysupply.com\/pcategory\/indoor-playground-equipment\/"},{"@type":"ListItem","position":3,"name":"Multi-Functional All In One Ball Pit Washing Ball Cleaning Machine"}]},{"@type":"WebSite","@id":"https:\/\/softplaysupply.com\/#website","url":"https:\/\/softplaysupply.com\/","name":"Proveedor de juegos blandos","description":"Proveedor de juegos blandos","publisher":{"@id":"https:\/\/softplaysupply.com\/#organization"},"potentialAction":[{"@type":"SearchAction","target":{"@type":"EntryPoint","urlTemplate":"https:\/\/softplaysupply.com\/?s={search_term_string}"},"query-input":{"@type":"PropertyValueSpecification","valueRequired":true,"valueName":"search_term_string"}}],"inLanguage":"es"},{"@type":"Organization","@id":"https:\/\/softplaysupply.com\/#organization","name":"Nanpak","url":"https:\/\/softplaysupply.com\/","logo":{"@type":"ImageObject","inLanguage":"es","@id":"https:\/\/softplaysupply.com\/#\/schema\/logo\/image\/","url":"https:\/\/softplaysupply.com\/wp-content\/uploads\/2025\/12\/cropped-mobile-logo.png","contentUrl":"https:\/\/softplaysupply.com\/wp-content\/uploads\/2025\/12\/cropped-mobile-logo.png","width":263,"height":84,"caption":"Nanpak"},"image":{"@id":"https:\/\/softplaysupply.com\/#\/schema\/logo\/image\/"}}]}},"taxonomy_info":{"pcategory":[{"value":5,"label":"Indoor Playground Equipment"}]},"featured_image_src_large":["https:\/\/softplaysupply.com\/wp-content\/uploads\/2025\/12\/ball-pit-cleaning-machine-5.jpg",750,750,false],"author_info":[],"comment_info":"","_links":{"self":[{"href":"https:\/\/softplaysupply.com\/es\/wp-json\/wp\/v2\/product\/3343","targetHints":{"allow":["GET"]}}],"collection":[{"href":"https:\/\/softplaysupply.com\/es\/wp-json\/wp\/v2\/product"}],"about":[{"href":"https:\/\/softplaysupply.com\/es\/wp-json\/wp\/v2\/types\/product"}],"wp:featuredmedia":[{"embeddable":true,"href":"https:\/\/softplaysupply.com\/es\/wp-json\/wp\/v2\/media\/3351"}],"wp:attachment":[{"href":"https:\/\/softplaysupply.com\/es\/wp-json\/wp\/v2\/media?parent=3343"}],"wp:term":[{"taxonomy":"pcategory","embeddable":true,"href":"https:\/\/softplaysupply.com\/es\/wp-json\/wp\/v2\/pcategory?post=3343"},{"taxonomy":"ptag","embeddable":true,"href":"https:\/\/softplaysupply.com\/es\/wp-json\/wp\/v2\/ptag?post=3343"}],"curies":[{"name":"wp","href":"https:\/\/api.w.org\/{rel}","templated":true}]}}