{"id":3310,"date":"2025-12-10T04:18:01","date_gmt":"2025-12-10T04:18:01","guid":{"rendered":"https:\/\/softplaysupply.com\/?post_type=product&#038;p=3310"},"modified":"2025-12-10T04:20:16","modified_gmt":"2025-12-10T04:20:16","slug":"climbing-wall-holds","status":"publish","type":"product","link":"https:\/\/softplaysupply.com\/es\/producto\/climbing-wall-holds\/","title":{"rendered":"Soporte para roc\u00f3dromo infantil de interior en venta"},"content":{"rendered":"<div style=\"margin: 0 auto; background-color: #fff; padding: 30px; box-shadow: 0 4px 8px rgba(0, 0, 0, 0.1);\">\n<div style=\"color: #2a2a2a;\">\n<p><img loading=\"lazy\" decoding=\"async\" class=\"alignnone size-full wp-image-3315\" src=\"https:\/\/softplaysupply.com\/wp-content\/uploads\/2025\/12\/Children-Rock-Climbing-Wall-Holds-1.jpg\" alt=\"\" width=\"750\" height=\"750\" srcset=\"https:\/\/softplaysupply.com\/wp-content\/uploads\/2025\/12\/Children-Rock-Climbing-Wall-Holds-1.jpg 750w, https:\/\/softplaysupply.com\/wp-content\/uploads\/2025\/12\/Children-Rock-Climbing-Wall-Holds-1-300x300.jpg 300w, https:\/\/softplaysupply.com\/wp-content\/uploads\/2025\/12\/Children-Rock-Climbing-Wall-Holds-1-150x150.jpg 150w, https:\/\/softplaysupply.com\/wp-content\/uploads\/2025\/12\/Children-Rock-Climbing-Wall-Holds-1-12x12.jpg 12w\" sizes=\"auto, (max-width: 750px) 100vw, 750px\" \/> <img loading=\"lazy\" decoding=\"async\" class=\"alignnone size-full wp-image-3316\" src=\"https:\/\/softplaysupply.com\/wp-content\/uploads\/2025\/12\/Children-Rock-Climbing-Wall-Holds-2.jpg\" alt=\"\" width=\"750\" height=\"806\" srcset=\"https:\/\/softplaysupply.com\/wp-content\/uploads\/2025\/12\/Children-Rock-Climbing-Wall-Holds-2.jpg 750w, https:\/\/softplaysupply.com\/wp-content\/uploads\/2025\/12\/Children-Rock-Climbing-Wall-Holds-2-279x300.jpg 279w, https:\/\/softplaysupply.com\/wp-content\/uploads\/2025\/12\/Children-Rock-Climbing-Wall-Holds-2-11x12.jpg 11w\" sizes=\"auto, (max-width: 750px) 100vw, 750px\" \/><\/p>\n<p style=\"font-size: 16px; margin-top: 10px;\">Nuestro roc\u00f3dromo de madera para interiores, dise\u00f1ado para el hogar, est\u00e1 pensado para llevar la aventura y la emoci\u00f3n a la vida cotidiana de sus hijos. Perfecto para cualquier sala de juegos o gimnasio dom\u00e9stico, este roc\u00f3dromo cuenta con presas de alta calidad que ayudan a los ni\u00f1os a desarrollar fuerza, coordinaci\u00f3n y confianza mientras escalan y exploran. Fabricado con fibra de vidrio resistente y poli\u00e9ster reforzado, el roc\u00f3dromo ofrece una experiencia de escalada segura y divertida. Es una forma fant\u00e1stica de mantener a los ni\u00f1os activos y entretenidos en casa.<\/p>\n<p><img loading=\"lazy\" decoding=\"async\" class=\"alignnone size-full wp-image-3317\" src=\"https:\/\/softplaysupply.com\/wp-content\/uploads\/2025\/12\/Children-Rock-Climbing-Wall-Holds-3.jpg\" alt=\"\" width=\"750\" height=\"1195\" srcset=\"https:\/\/softplaysupply.com\/wp-content\/uploads\/2025\/12\/Children-Rock-Climbing-Wall-Holds-3.jpg 750w, https:\/\/softplaysupply.com\/wp-content\/uploads\/2025\/12\/Children-Rock-Climbing-Wall-Holds-3-188x300.jpg 188w, https:\/\/softplaysupply.com\/wp-content\/uploads\/2025\/12\/Children-Rock-Climbing-Wall-Holds-3-643x1024.jpg 643w, https:\/\/softplaysupply.com\/wp-content\/uploads\/2025\/12\/Children-Rock-Climbing-Wall-Holds-3-8x12.jpg 8w\" sizes=\"auto, (max-width: 750px) 100vw, 750px\" \/> <img loading=\"lazy\" decoding=\"async\" class=\"alignnone size-full wp-image-3318\" src=\"https:\/\/softplaysupply.com\/wp-content\/uploads\/2025\/12\/Children-Rock-Climbing-Wall-Holds-4.jpg\" alt=\"\" width=\"750\" height=\"839\" srcset=\"https:\/\/softplaysupply.com\/wp-content\/uploads\/2025\/12\/Children-Rock-Climbing-Wall-Holds-4.jpg 750w, https:\/\/softplaysupply.com\/wp-content\/uploads\/2025\/12\/Children-Rock-Climbing-Wall-Holds-4-268x300.jpg 268w, https:\/\/softplaysupply.com\/wp-content\/uploads\/2025\/12\/Children-Rock-Climbing-Wall-Holds-4-11x12.jpg 11w\" sizes=\"auto, (max-width: 750px) 100vw, 750px\" \/> <img loading=\"lazy\" decoding=\"async\" class=\"alignnone size-full wp-image-3319\" src=\"https:\/\/softplaysupply.com\/wp-content\/uploads\/2025\/12\/Children-Rock-Climbing-Wall-Holds-5.jpg\" alt=\"\" width=\"750\" height=\"1415\" srcset=\"https:\/\/softplaysupply.com\/wp-content\/uploads\/2025\/12\/Children-Rock-Climbing-Wall-Holds-5.jpg 750w, https:\/\/softplaysupply.com\/wp-content\/uploads\/2025\/12\/Children-Rock-Climbing-Wall-Holds-5-159x300.jpg 159w, https:\/\/softplaysupply.com\/wp-content\/uploads\/2025\/12\/Children-Rock-Climbing-Wall-Holds-5-543x1024.jpg 543w, https:\/\/softplaysupply.com\/wp-content\/uploads\/2025\/12\/Children-Rock-Climbing-Wall-Holds-5-6x12.jpg 6w\" sizes=\"auto, (max-width: 750px) 100vw, 750px\" \/> <img loading=\"lazy\" decoding=\"async\" class=\"alignnone size-full wp-image-3321\" src=\"https:\/\/softplaysupply.com\/wp-content\/uploads\/2025\/12\/Children-Rock-Climbing-Wall-Holds-7.jpg\" alt=\"\" width=\"750\" height=\"1130\" srcset=\"https:\/\/softplaysupply.com\/wp-content\/uploads\/2025\/12\/Children-Rock-Climbing-Wall-Holds-7.jpg 750w, https:\/\/softplaysupply.com\/wp-content\/uploads\/2025\/12\/Children-Rock-Climbing-Wall-Holds-7-199x300.jpg 199w, https:\/\/softplaysupply.com\/wp-content\/uploads\/2025\/12\/Children-Rock-Climbing-Wall-Holds-7-680x1024.jpg 680w, https:\/\/softplaysupply.com\/wp-content\/uploads\/2025\/12\/Children-Rock-Climbing-Wall-Holds-7-8x12.jpg 8w\" sizes=\"auto, (max-width: 750px) 100vw, 750px\" \/> <img loading=\"lazy\" decoding=\"async\" class=\"alignnone size-full wp-image-3322\" src=\"https:\/\/softplaysupply.com\/wp-content\/uploads\/2025\/12\/Children-Rock-Climbing-Wall-Holds-8.jpg\" alt=\"\" width=\"800\" height=\"800\" srcset=\"https:\/\/softplaysupply.com\/wp-content\/uploads\/2025\/12\/Children-Rock-Climbing-Wall-Holds-8.jpg 800w, https:\/\/softplaysupply.com\/wp-content\/uploads\/2025\/12\/Children-Rock-Climbing-Wall-Holds-8-300x300.jpg 300w, https:\/\/softplaysupply.com\/wp-content\/uploads\/2025\/12\/Children-Rock-Climbing-Wall-Holds-8-150x150.jpg 150w, https:\/\/softplaysupply.com\/wp-content\/uploads\/2025\/12\/Children-Rock-Climbing-Wall-Holds-8-768x768.jpg 768w, https:\/\/softplaysupply.com\/wp-content\/uploads\/2025\/12\/Children-Rock-Climbing-Wall-Holds-8-12x12.jpg 12w\" sizes=\"auto, (max-width: 800px) 100vw, 800px\" \/><\/p>\n<p style=\"font-size: 16px; font-weight: bold; color: #2a2a2a;\">\u00bfQu\u00e9 hace que nuestro roc\u00f3dromo cubierto sea especial?<\/p>\n<p style=\"font-size: 16px;\">Nuestro roc\u00f3dromo de madera para interiores est\u00e1 fabricado con materiales de alta calidad, como fibra de vidrio (GRP) y poli\u00e9ster reforzado. Estos materiales son ligeros, pero incre\u00edblemente duraderos, lo que garantiza que su roc\u00f3dromo durar\u00e1 muchos a\u00f1os. Ofrecemos varias opciones de color, como gris, amarillo, rojo y verde, y podemos personalizar el dise\u00f1o para que se adapte a la decoraci\u00f3n de su hogar. Con los agarres para escalada en interiores, los ni\u00f1os pueden vivir una emocionante y segura aventura de escalada en su propia habitaci\u00f3n.<\/p>\n<p style=\"font-size: 16px; font-weight: bold; color: #2a2a2a;\">Los beneficios de la escalada en roca para los ni\u00f1os<\/p>\n<p style=\"font-size: 16px;\">Las presas de escalada no solo son divertidas, sino que tambi\u00e9n son beneficiosas para el desarrollo f\u00edsico de los ni\u00f1os. Al escalar rocas de diferentes tama\u00f1os y formas en un roc\u00f3dromo, los ni\u00f1os fortalecen sus m\u00fasculos y mejoran sus habilidades motoras. Este proceso les ayuda a desarrollar la concentraci\u00f3n, la coordinaci\u00f3n y el equilibrio. Estas habilidades son esenciales para el crecimiento de los ni\u00f1os, y nuestras presas de escalada infantiles garantizan que aprendan mientras se divierten.<\/p>\n<p style=\"font-size: 16px;\">Tanto si lo instala en la sala de juegos de sus hijos como en una guarder\u00eda, nuestros agarres de escalada para interiores ofrecen el equilibrio perfecto entre diversi\u00f3n y educaci\u00f3n. Los agarres de escalada a la venta est\u00e1n disponibles en diferentes formas, colores y tama\u00f1os, lo que permite personalizar la experiencia de escalada. Desde ni\u00f1os peque\u00f1os hasta j\u00f3venes aventureros, hay algo para todos. Los agarres para roc\u00f3dromos est\u00e1n dise\u00f1ados para ser duraderos y pueden soportar un uso intensivo, lo que los convierte en una gran inversi\u00f3n tanto para uso dom\u00e9stico como comercial.<\/p>\n<p style=\"font-size: 16px; font-weight: bold; color: #2a2a2a;\">F\u00e1cil de instalar y mantener<\/p>\n<p style=\"font-size: 16px;\">Nuestras presas de escalada indoor est\u00e1n dise\u00f1adas para facilitar su instalaci\u00f3n. Tanto si eres padre como empresario, el proceso de montaje te resultar\u00e1 sencillo y directo. La pared se puede instalar r\u00e1pidamente en cualquier estancia, lo que la hace perfecta para uso dom\u00e9stico, aulas o centros recreativos. Adem\u00e1s, nuestras presas de escalada requieren un mantenimiento m\u00ednimo. El material de fibra de vidrio est\u00e1 dise\u00f1ado para durar y resistir el desgaste del uso diario, proporcionando una experiencia segura y fiable durante a\u00f1os.<\/p>\n<p style=\"font-size: 16px;\">Una vez instalada, la pared solo requiere inspecciones y mantenimiento ocasionales para garantizar que las rocas de la pared de escalada permanezcan seguras. Proporcionamos un manual de formaci\u00f3n completo que le gu\u00eda sobre c\u00f3mo mantener e inspeccionar la pared para garantizar su seguridad y rendimiento. Para mayor tranquilidad, ofrecemos formaci\u00f3n sobre mantenimiento e inspecci\u00f3n tras un a\u00f1o de uso.<\/p>\n<p style=\"font-size: 20px; font-weight: bold; color: #2a2a2a;\">Detalles del producto<\/p>\n<table style=\"width: 100%; border-collapse: collapse; margin-top: 20px; background-color: #fff;\">\n<thead>\n<tr style=\"background-color: #f4f4f9; color: #333;\">\n<th style=\"padding: 12px; text-align: left; border: 1px solid #ddd;\">Material<\/th>\n<th style=\"padding: 12px; text-align: left; border: 1px solid #ddd;\">Fibra de vidrio (GRP), poli\u00e9ster reforzado<\/th>\n<\/tr>\n<tr>\n<th style=\"padding: 12px; text-align: left; border: 1px solid #ddd; background-color: #f9f9f9;\">Color disponible<\/th>\n<th style=\"padding: 12px; text-align: left; border: 1px solid #ddd;\">Gris, amarillo, siena, rojo, morado, azul, verde o combinaciones personalizadas de dos colores.<\/th>\n<\/tr>\n<tr style=\"background-color: #f9f9f9;\">\n<th style=\"padding: 12px; text-align: left; border: 1px solid #ddd;\">C\u00f3digo HS<\/th>\n<th style=\"padding: 12px; text-align: left; border: 1px solid #ddd;\">9506919000<\/th>\n<\/tr>\n<tr>\n<th style=\"padding: 12px; text-align: left; border: 1px solid #ddd; background-color: #f9f9f9;\">Caracter\u00edsticas est\u00e1ndar<\/th>\n<th style=\"padding: 12px; text-align: left; border: 1px solid #ddd;\">Climbing Wall genera un fuerte flujo de caja y una rentabilidad impresionante, un apoyo fiable y un \u00e9xito empresarial probado.<\/th>\n<\/tr>\n<tr style=\"background-color: #f9f9f9;\">\n<th style=\"padding: 12px; text-align: left; border: 1px solid #ddd;\">Ventajas<\/th>\n<th style=\"padding: 12px; text-align: left; border: 1px solid #ddd;\">1. Formas y colores atractivos, personalizables.<br \/>\n2. Fibra de vidrio reforzada de alta calidad.<br \/>\n3. Ligero<br \/>\n4. Resistente a la intemperie<br \/>\n5. Resistente a la corrosi\u00f3n<br \/>\n6. F\u00e1cil de instalar<br \/>\n7. Apto para uso tanto en interiores como en exteriores.<br \/>\n8. Formaci\u00f3n sobre mantenimiento e inspecci\u00f3n tras un a\u00f1o de uso.<\/th>\n<\/tr>\n<tr>\n<th style=\"padding: 12px; text-align: left; border: 1px solid #ddd; background-color: #f9f9f9;\">Plazo de entrega<\/th>\n<th style=\"padding: 12px; text-align: left; border: 1px solid #ddd;\">Seg\u00fan las condiciones de env\u00edo: por mar, aire o servicio urgente.<\/th>\n<\/tr>\n<tr style=\"background-color: #f9f9f9;\">\n<th style=\"padding: 12px; text-align: left; border: 1px solid #ddd;\">Condiciones de pago<\/th>\n<th style=\"padding: 12px; text-align: left; border: 1px solid #ddd;\">Transferencia bancaria, carta de cr\u00e9dito, Western Union, etc.<\/th>\n<\/tr>\n<tr>\n<th style=\"padding: 12px; text-align: left; border: 1px solid #ddd; background-color: #f9f9f9;\">Detalles del paquete<\/th>\n<th style=\"padding: 12px; text-align: left; border: 1px solid #ddd;\">Embalaje est\u00e1ndar para exportaci\u00f3n<\/th>\n<\/tr>\n<tr style=\"background-color: #f9f9f9;\">\n<th style=\"padding: 12px; text-align: left; border: 1px solid #ddd;\">Garant\u00eda<\/th>\n<th style=\"padding: 12px; text-align: left; border: 1px solid #ddd;\">12 meses para los productos y servicios t\u00e9cnicos gratuitos de por vida.<\/th>\n<\/tr>\n<tr>\n<th style=\"padding: 12px; text-align: left; border: 1px solid #ddd; background-color: #f9f9f9;\">Servicio<\/th>\n<th style=\"padding: 12px; text-align: left; border: 1px solid #ddd;\">1. Plan de negocio<br \/>\n2. Conceptos o planos de dise\u00f1o<br \/>\n3. Producci\u00f3n<br \/>\n4. V\u00eddeo\/manual de instalaci\u00f3n<br \/>\n5. Manual de formaci\u00f3n<br \/>\n6. Manual de mantenimiento e inspecci\u00f3n<\/th>\n<\/tr>\n<tr style=\"background-color: #f9f9f9;\">\n<th style=\"padding: 12px; text-align: left; border: 1px solid #ddd;\">Certificado<\/th>\n<th style=\"padding: 12px; text-align: left; border: 1px solid #ddd;\">CE, ISO, UIAA, IFSC, RoHS<\/th>\n<\/tr>\n<tr>\n<th style=\"padding: 12px; text-align: left; border: 1px solid #ddd; background-color: #f9f9f9;\">Cantidad m\u00ednima de pedido<\/th>\n<th style=\"padding: 12px; text-align: left; border: 1px solid #ddd;\">1 juego<\/th>\n<\/tr>\n<\/thead>\n<\/table>\n<p style=\"font-size: 20px; font-weight: bold; color: #2a2a2a; margin-top: 20px;\">Pida hoy mismo sus presas para roc\u00f3dromo<\/p>\n<p style=\"font-size: 16px;\">\u00bfListo para llevar la diversi\u00f3n y los beneficios de la escalada en roca a tu hogar o negocio? Nuestro <strong>presas de roc\u00f3dromo<\/strong> ofrecen una excelente manera de mantener a los ni\u00f1os activos, sanos y entretenidos. Desde <strong>agarres de pared de roca<\/strong> a <strong>presas de roc\u00f3dromo<\/strong>, tenemos las mejores soluciones de escalada disponibles. Ponte en contacto con nosotros hoy mismo para obtener m\u00e1s informaci\u00f3n sobre nuestros <strong>presas de escalada en venta<\/strong> \u00a1Y c\u00f3mo pueden ayudarte a mejorar tu experiencia de escalada en interiores!<\/p>\n<\/div>\n<\/div>\n<p>&nbsp;<\/p>","protected":false},"excerpt":{"rendered":"<p>Los agarres para roc\u00f3dromos infantiles de interior est\u00e1n fabricados con fibra de vidrio resistente y poli\u00e9ster reforzado. Estos agarres son f\u00e1ciles de instalar y perfectos tanto para uso dom\u00e9stico como comercial. Disponibles en varias formas, tama\u00f1os y colores, ayudan a los ni\u00f1os a desarrollar fuerza, coordinaci\u00f3n y habilidades motoras mientras se divierten. Ya sea para una sala de juegos, una guarder\u00eda o un gimnasio, nuestros agarres para roc\u00f3dromos ofrecen una experiencia de escalada segura y atractiva, lo que los convierte en una gran inversi\u00f3n para cualquier espacio.<\/p>","protected":false},"featured_media":3313,"parent":0,"template":"","meta":{"_acf_changed":false,"_kad_blocks_custom_css":"","_kad_blocks_head_custom_js":"","_kad_blocks_body_custom_js":"","_kad_blocks_footer_custom_js":"","_kadence_starter_templates_imported_post":false,"_kad_post_transparent":"default","_kad_post_title":"","_kad_post_layout":"default","_kad_post_sidebar_id":"","_kad_post_content_style":"default","_kad_post_vertical_padding":"default","_kad_post_feature":"","_kad_post_feature_position":"","_kad_post_header":false,"_kad_post_footer":false},"pcategory":[16],"ptag":[],"class_list":["post-3310","product","type-product","status-publish","has-post-thumbnail","hentry","pcategory-climbing-walls"],"acf":[],"yoast_head":"<!-- This site is optimized with the Yoast SEO plugin v26.8 - https:\/\/yoast.com\/product\/yoast-seo-wordpress\/ -->\n<title>Indoor Playground Wooden Climbing Wall for Home<\/title>\n<meta name=\"robots\" content=\"index, follow, max-snippet:-1, max-image-preview:large, max-video-preview:-1\" \/>\n<link rel=\"canonical\" href=\"https:\/\/softplaysupply.com\/es\/producto\/climbing-wall-holds\/\" \/>\n<meta property=\"og:locale\" content=\"es_ES\" \/>\n<meta property=\"og:type\" content=\"article\" \/>\n<meta property=\"og:title\" content=\"Indoor Playground Wooden Climbing Wall for Home\" \/>\n<meta property=\"og:description\" content=\"indoor playground children rock climbing wall holds for sale are made from durable fiberglass and reinforced polyester. These climbing holds are easy to install and perfect for both home and commercial use. Available in various shapes, sizes, and colors, they help children develop strength, coordination, and motor skills while having fun. Whether for a playroom, daycare, or gym, our rock climbing holds offer a safe, engaging climbing experience, making them a great investment for any space.\" \/>\n<meta property=\"og:url\" content=\"https:\/\/softplaysupply.com\/es\/producto\/climbing-wall-holds\/\" \/>\n<meta property=\"og:site_name\" content=\"Nanpak\" \/>\n<meta property=\"article:modified_time\" content=\"2025-12-10T04:20:16+00:00\" \/>\n<meta property=\"og:image\" content=\"https:\/\/softplaysupply.com\/wp-content\/uploads\/2025\/12\/Climbing-Wall-Holds-2.jpg\" \/>\n\t<meta property=\"og:image:width\" content=\"750\" \/>\n\t<meta property=\"og:image:height\" content=\"750\" \/>\n\t<meta property=\"og:image:type\" content=\"image\/jpeg\" \/>\n<meta name=\"twitter:card\" content=\"summary_large_image\" \/>\n<meta name=\"twitter:label1\" content=\"Tiempo de lectura\" \/>\n\t<meta name=\"twitter:data1\" content=\"5 minutos\" \/>\n<script type=\"application\/ld+json\" class=\"yoast-schema-graph\">{\"@context\":\"https:\/\/schema.org\",\"@graph\":[{\"@type\":\"WebPage\",\"@id\":\"https:\/\/softplaysupply.com\/product\/climbing-wall-holds\/\",\"url\":\"https:\/\/softplaysupply.com\/product\/climbing-wall-holds\/\",\"name\":\"Indoor Playground Wooden Climbing Wall for Home\",\"isPartOf\":{\"@id\":\"https:\/\/softplaysupply.com\/#website\"},\"primaryImageOfPage\":{\"@id\":\"https:\/\/softplaysupply.com\/product\/climbing-wall-holds\/#primaryimage\"},\"image\":{\"@id\":\"https:\/\/softplaysupply.com\/product\/climbing-wall-holds\/#primaryimage\"},\"thumbnailUrl\":\"https:\/\/softplaysupply.com\/wp-content\/uploads\/2025\/12\/Climbing-Wall-Holds-2.jpg\",\"datePublished\":\"2025-12-10T04:18:01+00:00\",\"dateModified\":\"2025-12-10T04:20:16+00:00\",\"breadcrumb\":{\"@id\":\"https:\/\/softplaysupply.com\/product\/climbing-wall-holds\/#breadcrumb\"},\"inLanguage\":\"es\",\"potentialAction\":[{\"@type\":\"ReadAction\",\"target\":[\"https:\/\/softplaysupply.com\/product\/climbing-wall-holds\/\"]}]},{\"@type\":\"ImageObject\",\"inLanguage\":\"es\",\"@id\":\"https:\/\/softplaysupply.com\/product\/climbing-wall-holds\/#primaryimage\",\"url\":\"https:\/\/softplaysupply.com\/wp-content\/uploads\/2025\/12\/Climbing-Wall-Holds-2.jpg\",\"contentUrl\":\"https:\/\/softplaysupply.com\/wp-content\/uploads\/2025\/12\/Climbing-Wall-Holds-2.jpg\",\"width\":750,\"height\":750},{\"@type\":\"BreadcrumbList\",\"@id\":\"https:\/\/softplaysupply.com\/product\/climbing-wall-holds\/#breadcrumb\",\"itemListElement\":[{\"@type\":\"ListItem\",\"position\":1,\"name\":\"Home\",\"item\":\"https:\/\/softplaysupply.com\/\"},{\"@type\":\"ListItem\",\"position\":2,\"name\":\"Climbing Walls\",\"item\":\"https:\/\/softplaysupply.com\/pcategory\/climbing-walls\/\"},{\"@type\":\"ListItem\",\"position\":3,\"name\":\"Indoor Playground Children Rock Climbing Wall Holds for Sale\"}]},{\"@type\":\"WebSite\",\"@id\":\"https:\/\/softplaysupply.com\/#website\",\"url\":\"https:\/\/softplaysupply.com\/\",\"name\":\"Soft Play Supplier\",\"description\":\"Soft Play Supplier\",\"publisher\":{\"@id\":\"https:\/\/softplaysupply.com\/#organization\"},\"potentialAction\":[{\"@type\":\"SearchAction\",\"target\":{\"@type\":\"EntryPoint\",\"urlTemplate\":\"https:\/\/softplaysupply.com\/?s={search_term_string}\"},\"query-input\":{\"@type\":\"PropertyValueSpecification\",\"valueRequired\":true,\"valueName\":\"search_term_string\"}}],\"inLanguage\":\"es\"},{\"@type\":\"Organization\",\"@id\":\"https:\/\/softplaysupply.com\/#organization\",\"name\":\"Nanpak\",\"url\":\"https:\/\/softplaysupply.com\/\",\"logo\":{\"@type\":\"ImageObject\",\"inLanguage\":\"es\",\"@id\":\"https:\/\/softplaysupply.com\/#\/schema\/logo\/image\/\",\"url\":\"https:\/\/softplaysupply.com\/wp-content\/uploads\/2025\/12\/cropped-mobile-logo.png\",\"contentUrl\":\"https:\/\/softplaysupply.com\/wp-content\/uploads\/2025\/12\/cropped-mobile-logo.png\",\"width\":263,\"height\":84,\"caption\":\"Nanpak\"},\"image\":{\"@id\":\"https:\/\/softplaysupply.com\/#\/schema\/logo\/image\/\"}}]}<\/script>\n<!-- \/ Yoast SEO plugin. -->","yoast_head_json":{"title":"Parque infantil interior con roc\u00f3dromo de madera para el hogar","robots":{"index":"index","follow":"follow","max-snippet":"max-snippet:-1","max-image-preview":"max-image-preview:large","max-video-preview":"max-video-preview:-1"},"canonical":"https:\/\/softplaysupply.com\/es\/producto\/climbing-wall-holds\/","og_locale":"es_ES","og_type":"article","og_title":"Indoor Playground Wooden Climbing Wall for Home","og_description":"indoor playground children rock climbing wall holds for sale are made from durable fiberglass and reinforced polyester. These climbing holds are easy to install and perfect for both home and commercial use. Available in various shapes, sizes, and colors, they help children develop strength, coordination, and motor skills while having fun. Whether for a playroom, daycare, or gym, our rock climbing holds offer a safe, engaging climbing experience, making them a great investment for any space.","og_url":"https:\/\/softplaysupply.com\/es\/producto\/climbing-wall-holds\/","og_site_name":"Nanpak","article_modified_time":"2025-12-10T04:20:16+00:00","og_image":[{"width":750,"height":750,"url":"https:\/\/softplaysupply.com\/wp-content\/uploads\/2025\/12\/Climbing-Wall-Holds-2.jpg","type":"image\/jpeg"}],"twitter_card":"summary_large_image","twitter_misc":{"Tiempo de lectura":"5 minutos"},"schema":{"@context":"https:\/\/schema.org","@graph":[{"@type":"WebPage","@id":"https:\/\/softplaysupply.com\/product\/climbing-wall-holds\/","url":"https:\/\/softplaysupply.com\/product\/climbing-wall-holds\/","name":"Parque infantil interior con roc\u00f3dromo de madera para el hogar","isPartOf":{"@id":"https:\/\/softplaysupply.com\/#website"},"primaryImageOfPage":{"@id":"https:\/\/softplaysupply.com\/product\/climbing-wall-holds\/#primaryimage"},"image":{"@id":"https:\/\/softplaysupply.com\/product\/climbing-wall-holds\/#primaryimage"},"thumbnailUrl":"https:\/\/softplaysupply.com\/wp-content\/uploads\/2025\/12\/Climbing-Wall-Holds-2.jpg","datePublished":"2025-12-10T04:18:01+00:00","dateModified":"2025-12-10T04:20:16+00:00","breadcrumb":{"@id":"https:\/\/softplaysupply.com\/product\/climbing-wall-holds\/#breadcrumb"},"inLanguage":"es","potentialAction":[{"@type":"ReadAction","target":["https:\/\/softplaysupply.com\/product\/climbing-wall-holds\/"]}]},{"@type":"ImageObject","inLanguage":"es","@id":"https:\/\/softplaysupply.com\/product\/climbing-wall-holds\/#primaryimage","url":"https:\/\/softplaysupply.com\/wp-content\/uploads\/2025\/12\/Climbing-Wall-Holds-2.jpg","contentUrl":"https:\/\/softplaysupply.com\/wp-content\/uploads\/2025\/12\/Climbing-Wall-Holds-2.jpg","width":750,"height":750},{"@type":"BreadcrumbList","@id":"https:\/\/softplaysupply.com\/product\/climbing-wall-holds\/#breadcrumb","itemListElement":[{"@type":"ListItem","position":1,"name":"Home","item":"https:\/\/softplaysupply.com\/"},{"@type":"ListItem","position":2,"name":"Climbing Walls","item":"https:\/\/softplaysupply.com\/pcategory\/climbing-walls\/"},{"@type":"ListItem","position":3,"name":"Indoor Playground Children Rock Climbing Wall Holds for Sale"}]},{"@type":"WebSite","@id":"https:\/\/softplaysupply.com\/#website","url":"https:\/\/softplaysupply.com\/","name":"Proveedor de juegos blandos","description":"Proveedor de juegos blandos","publisher":{"@id":"https:\/\/softplaysupply.com\/#organization"},"potentialAction":[{"@type":"SearchAction","target":{"@type":"EntryPoint","urlTemplate":"https:\/\/softplaysupply.com\/?s={search_term_string}"},"query-input":{"@type":"PropertyValueSpecification","valueRequired":true,"valueName":"search_term_string"}}],"inLanguage":"es"},{"@type":"Organization","@id":"https:\/\/softplaysupply.com\/#organization","name":"Nanpak","url":"https:\/\/softplaysupply.com\/","logo":{"@type":"ImageObject","inLanguage":"es","@id":"https:\/\/softplaysupply.com\/#\/schema\/logo\/image\/","url":"https:\/\/softplaysupply.com\/wp-content\/uploads\/2025\/12\/cropped-mobile-logo.png","contentUrl":"https:\/\/softplaysupply.com\/wp-content\/uploads\/2025\/12\/cropped-mobile-logo.png","width":263,"height":84,"caption":"Nanpak"},"image":{"@id":"https:\/\/softplaysupply.com\/#\/schema\/logo\/image\/"}}]}},"taxonomy_info":{"pcategory":[{"value":16,"label":"Climbing Walls"}]},"featured_image_src_large":["https:\/\/softplaysupply.com\/wp-content\/uploads\/2025\/12\/Climbing-Wall-Holds-2.jpg",750,750,false],"author_info":[],"comment_info":"","_links":{"self":[{"href":"https:\/\/softplaysupply.com\/es\/wp-json\/wp\/v2\/product\/3310","targetHints":{"allow":["GET"]}}],"collection":[{"href":"https:\/\/softplaysupply.com\/es\/wp-json\/wp\/v2\/product"}],"about":[{"href":"https:\/\/softplaysupply.com\/es\/wp-json\/wp\/v2\/types\/product"}],"wp:featuredmedia":[{"embeddable":true,"href":"https:\/\/softplaysupply.com\/es\/wp-json\/wp\/v2\/media\/3313"}],"wp:attachment":[{"href":"https:\/\/softplaysupply.com\/es\/wp-json\/wp\/v2\/media?parent=3310"}],"wp:term":[{"taxonomy":"pcategory","embeddable":true,"href":"https:\/\/softplaysupply.com\/es\/wp-json\/wp\/v2\/pcategory?post=3310"},{"taxonomy":"ptag","embeddable":true,"href":"https:\/\/softplaysupply.com\/es\/wp-json\/wp\/v2\/ptag?post=3310"}],"curies":[{"name":"wp","href":"https:\/\/api.w.org\/{rel}","templated":true}]}}