{"id":5065,"date":"2026-04-22T08:11:36","date_gmt":"2026-04-22T08:11:36","guid":{"rendered":"https:\/\/softplaysupply.com\/?post_type=product&#038;p=5065"},"modified":"2026-03-09T04:42:30","modified_gmt":"2026-03-09T04:42:30","slug":"white-inflatable-commercial-bounce-house-with-slide","status":"publish","type":"product","link":"https:\/\/softplaysupply.com\/de\/produkt\/white-inflatable-commercial-bounce-house-with-slide\/","title":{"rendered":"Wei\u00df aufblasbare kommerzielle Bounce House mit Rutsche &amp; Ball Pit Bow Bouncy Castle zu verkaufen"},"content":{"rendered":"<div style=\"margin: 40px auto; padding: 40px; background: #ffffff; border-radius: 16px; box-shadow: 0 8px 30px rgba(0,0,0,0.08);\">\n<p><span style=\"color: #1f3c88; font-weight: 600;\">Wei\u00df aufblasbare kommerzielle Bounce House mit Rutsche &amp; Ball Pit Bow Bouncy Castle zu verkaufen<\/span> ist eine auff\u00e4llige, vielseitige aufblasbare Spiell\u00f6sung, die f\u00fcr den ganzj\u00e4hrigen Einsatz im Innen- und Au\u00dfenbereich konzipiert ist. Diese f\u00fcr den kommerziellen Einsatz konzipierte H\u00fcpfburg kombiniert einen ger\u00e4umigen Sprungbereich, eine sichere integrierte Rutsche und eine fesselnde Ballgrube, um eine Spielumgebung mit mehreren Aktivit\u00e4ten zu schaffen, die Kinder stundenlang unterh\u00e4lt. Das hochwertige PVC-Material und die robuste Konstruktion sorgen f\u00fcr au\u00dfergew\u00f6hnliche Haltbarkeit und Sicherheit an stark frequentierten Orten. Sein klares wei\u00dfes Design und die von einer Schleife inspirierten Akzente machen ihn in einer Vielzahl von Umgebungen optisch ansprechend - von Partyverleihern und Spielplatzzentren bis hin zu Caf\u00e9s, Einkaufszentren und Sonderveranstaltungen - und helfen den Betreibern, sich von der Masse abzuheben und gleichzeitig die Investitionsrendite zu maximieren.<\/p>\n<p><img loading=\"lazy\" decoding=\"async\" class=\"alignnone size-full wp-image-5067\" src=\"https:\/\/softplaysupply.com\/wp-content\/uploads\/2026\/08\/Bounce-House-with-Slide-Ball-Pit-1.jpg\" alt=\"Bounce House mit Rutsche und Ballspielplatz\" width=\"800\" height=\"800\" srcset=\"https:\/\/softplaysupply.com\/wp-content\/uploads\/2026\/08\/Bounce-House-with-Slide-Ball-Pit-1.jpg 800w, https:\/\/softplaysupply.com\/wp-content\/uploads\/2026\/08\/Bounce-House-with-Slide-Ball-Pit-1-300x300.jpg 300w, https:\/\/softplaysupply.com\/wp-content\/uploads\/2026\/08\/Bounce-House-with-Slide-Ball-Pit-1-150x150.jpg 150w, https:\/\/softplaysupply.com\/wp-content\/uploads\/2026\/08\/Bounce-House-with-Slide-Ball-Pit-1-768x768.jpg 768w, https:\/\/softplaysupply.com\/wp-content\/uploads\/2026\/08\/Bounce-House-with-Slide-Ball-Pit-1-12x12.jpg 12w\" sizes=\"auto, (max-width: 800px) 100vw, 800px\" \/> <img loading=\"lazy\" decoding=\"async\" class=\"alignnone size-full wp-image-5069\" src=\"https:\/\/softplaysupply.com\/wp-content\/uploads\/2026\/08\/Bounce-House-with-Slide-Ball-Pit-2.jpg\" alt=\"\" width=\"800\" height=\"800\" srcset=\"https:\/\/softplaysupply.com\/wp-content\/uploads\/2026\/08\/Bounce-House-with-Slide-Ball-Pit-2.jpg 800w, https:\/\/softplaysupply.com\/wp-content\/uploads\/2026\/08\/Bounce-House-with-Slide-Ball-Pit-2-300x300.jpg 300w, https:\/\/softplaysupply.com\/wp-content\/uploads\/2026\/08\/Bounce-House-with-Slide-Ball-Pit-2-150x150.jpg 150w, https:\/\/softplaysupply.com\/wp-content\/uploads\/2026\/08\/Bounce-House-with-Slide-Ball-Pit-2-768x768.jpg 768w, https:\/\/softplaysupply.com\/wp-content\/uploads\/2026\/08\/Bounce-House-with-Slide-Ball-Pit-2-12x12.jpg 12w\" sizes=\"auto, (max-width: 800px) 100vw, 800px\" \/> <img loading=\"lazy\" decoding=\"async\" class=\"alignnone size-full wp-image-5070\" src=\"https:\/\/softplaysupply.com\/wp-content\/uploads\/2026\/08\/Bounce-House-with-Slide-Ball-Pit-3.jpg\" alt=\"\" width=\"800\" height=\"800\" srcset=\"https:\/\/softplaysupply.com\/wp-content\/uploads\/2026\/08\/Bounce-House-with-Slide-Ball-Pit-3.jpg 800w, https:\/\/softplaysupply.com\/wp-content\/uploads\/2026\/08\/Bounce-House-with-Slide-Ball-Pit-3-300x300.jpg 300w, https:\/\/softplaysupply.com\/wp-content\/uploads\/2026\/08\/Bounce-House-with-Slide-Ball-Pit-3-150x150.jpg 150w, https:\/\/softplaysupply.com\/wp-content\/uploads\/2026\/08\/Bounce-House-with-Slide-Ball-Pit-3-768x768.jpg 768w, https:\/\/softplaysupply.com\/wp-content\/uploads\/2026\/08\/Bounce-House-with-Slide-Ball-Pit-3-12x12.jpg 12w\" sizes=\"auto, (max-width: 800px) 100vw, 800px\" \/> <img loading=\"lazy\" decoding=\"async\" class=\"alignnone size-full wp-image-5071\" src=\"https:\/\/softplaysupply.com\/wp-content\/uploads\/2026\/08\/Bounce-House-with-Slide-Ball-Pit-4.jpg\" alt=\"\" width=\"800\" height=\"800\" srcset=\"https:\/\/softplaysupply.com\/wp-content\/uploads\/2026\/08\/Bounce-House-with-Slide-Ball-Pit-4.jpg 800w, https:\/\/softplaysupply.com\/wp-content\/uploads\/2026\/08\/Bounce-House-with-Slide-Ball-Pit-4-300x300.jpg 300w, https:\/\/softplaysupply.com\/wp-content\/uploads\/2026\/08\/Bounce-House-with-Slide-Ball-Pit-4-150x150.jpg 150w, https:\/\/softplaysupply.com\/wp-content\/uploads\/2026\/08\/Bounce-House-with-Slide-Ball-Pit-4-768x768.jpg 768w, https:\/\/softplaysupply.com\/wp-content\/uploads\/2026\/08\/Bounce-House-with-Slide-Ball-Pit-4-12x12.jpg 12w\" sizes=\"auto, (max-width: 800px) 100vw, 800px\" \/><\/p>\n<p style=\"font-size: 20px; font-weight: bold; color: #6a5acd; margin-top: 30px;\">Eigenschaften<\/p>\n<p><span style=\"color: #1f3c88; font-weight: 600;\">Hochwertige aufblasbare Konstruktion<\/span><br \/>\nDiese aufblasbare Struktur besteht aus einer dicken, handels\u00fcblichen PVC-Plane, die schwer entflammbar, wasserdicht und rei\u00dffest ist. Sie h\u00e4lt h\u00e4ufigem Gebrauch stand und bietet eine lange Lebensdauer.<\/p>\n<p><span style=\"color: #1f3c88; font-weight: 600;\">Multi-Aktivit\u00e4ts-Spielzonen<\/span><br \/>\nKombiniert drei zentrale Spielelemente - einen gro\u00dfen H\u00fcpfbereich, eine lustige Rutsche und eine spezielle Ballgrube - und bietet so vielf\u00e4ltige Spielerfahrungen, die zu aktiver Bewegung und sozialer Interaktion anregen.<\/p>\n<p><span style=\"color: #1f3c88; font-weight: 600;\">Sicheres Design<\/span><br \/>\nHochfeste Netzseiten verbessern die Sicht und die Bel\u00fcftung und verhindern St\u00fcrze; verst\u00e4rkte N\u00e4hte, stabile Verankerungspunkte und gepolsterte Kanten sch\u00fctzen junge Springer vor St\u00f6\u00dfen.<\/p>\n<p><span style=\"color: #1f3c88; font-weight: 600;\">Elegante wei\u00dfe \u00c4sthetik<\/span><br \/>\nDie schlichte wei\u00dfe Farbgebung und das stilvolle Bogenmotiv verleihen dieser H\u00fcpfburg ein hochwertiges, modernes Aussehen, das die Veranstaltungsthemen und die Dekoration des Veranstaltungsortes erg\u00e4nzt, ohne mit bestehenden Farbschemata zu kollidieren.<\/p>\n<p><span style=\"color: #1f3c88; font-weight: 600;\">Innen- und Au\u00dfeneinsatz<\/span><br \/>\nSie sind f\u00fcr den Einsatz in verschiedenen Umgebungen konzipiert - von Partyhallen und Spielpl\u00e4tzen in Innenr\u00e4umen bis hin zu Rasenfl\u00e4chen, Terrassen oder eingez\u00e4unten Arenen im Freien - und lassen sich leicht auf- und abbauen.<\/p>\n<p><span style=\"color: #1f3c88; font-weight: 600;\">Einfache Montage &amp; Transport<\/span><br \/>\nEr l\u00e4sst sich mit dem mitgelieferten Gebl\u00e4se schnell aufblasen und wieder entleeren, um ihn effizient zu lagern oder von einem Veranstaltungsort zum anderen zu transportieren - ideal f\u00fcr Verleihunternehmen.<\/p>\n<p style=\"font-size: 20px; font-weight: bold; color: #6a5acd; margin-top: 30px;\">Anwendungen<\/p>\n<p>Diese aufblasbare H\u00fcpfburg ist ideal f\u00fcr eine Vielzahl von kommerziellen und veranstaltungsorientierten Umgebungen:<\/p>\n<p><span style=\"color: #1f3c88; font-weight: 600;\">Party Rental Businesses:<\/span> Ein sehr gefragter Verleihartikel f\u00fcr Geburtstagsfeiern, Jugendveranstaltungen, Gemeindefeste und saisonale Feste.<br \/>\n<span style=\"color: #1f3c88; font-weight: 600;\">Indoor-Spielpl\u00e4tze und Unterhaltungszentren f\u00fcr Familien:<\/span> Bietet einen dynamischen Spielreiz, der die Verweildauer und die Anzahl der Besuche erh\u00f6ht.<br \/>\n<span style=\"color: #1f3c88; font-weight: 600;\">Einkaufszentren und Einzelhandelsfl\u00e4chen:<\/span> Verbessert die familienfreundlichen Zonen, zieht Familien an und steigert das allgemeine Besuchererlebnis.<br \/>\n<span style=\"color: #1f3c88; font-weight: 600;\">Caf\u00e9s und kinderfreundliche Lokale:<\/span> Schafft einen unterhaltsamen Spielbereich, der die Eltern ermutigt, l\u00e4nger zu bleiben, w\u00e4hrend die Kinder besch\u00e4ftigt sind.<br \/>\n<span style=\"color: #1f3c88; font-weight: 600;\">Schulen und Kinderbetreuungseinrichtungen:<\/span> Sicheres aktives Spiel f\u00fcr die Pausen im Haus, f\u00fcr besondere Veranstaltungen oder Enrichment-Programme.<br \/>\n<span style=\"color: #1f3c88; font-weight: 600;\">Veranstaltungen und Festivals im Freien:<\/span> Es l\u00e4sst sich leicht bei Picknicks, Karnevalsveranstaltungen, Messen und Nachbarschaftstreffen aufstellen und unterst\u00fctzt sicheres Spielen im Freien.<\/p>\n<p style=\"font-size: 20px; font-weight: bold; color: #6a5acd; margin-top: 30px;\">Personalisierung<\/p>\n<p>Wir bieten flexible Anpassungsm\u00f6glichkeiten, um diese aufblasbare H\u00fcpfburg an die Bed\u00fcrfnisse Ihres Unternehmens oder Ihrer Veranstaltung anzupassen:<\/p>\n<p><span style=\"color: #1f3c88; font-weight: 600;\">Gr\u00f6\u00dfe und Layout-Optionen<\/span><br \/>\nW\u00e4hlen Sie aus verschiedenen Grundfl\u00e4chengr\u00f6\u00dfen, um den verf\u00fcgbaren Platz zu nutzen - von kompakten Aufbauten bis hin zu gro\u00dfen Spielbereichen.<\/p>\n<p><span style=\"color: #1f3c88; font-weight: 600;\">Farb- und Themenanpassung<\/span><br \/>\nW\u00e4hrend das Basismodell eine auff\u00e4llige wei\u00dfe Farbpalette aufweist, k\u00f6nnen zus\u00e4tzliche Farbakzente oder thematische Grafiken (z. B. Markenlogos, Urlaubsmotive) hinzugef\u00fcgt werden, um die visuelle Attraktivit\u00e4t zu erh\u00f6hen.<\/p>\n<p><span style=\"color: #1f3c88; font-weight: 600;\">Branding &amp; Druck<\/span><br \/>\nF\u00fcgen Sie ein individuelles Branding, Veranstaltungsnamen oder Werbebotschaften auf den Oberfl\u00e4chen der Struktur oder in der N\u00e4he der Beschilderung hinzu, um die Aufmerksamkeit zu erh\u00f6hen.<\/p>\n<p><span style=\"color: #1f3c88; font-weight: 600;\">Erg\u00e4nzende Erweiterungen<\/span><br \/>\nZu den optionalen Erweiterungen geh\u00f6ren verst\u00e4rkte Verankerungss\u00e4tze, hochwertige Transporttaschen, Bodenplanen und zus\u00e4tzliche B\u00e4lle, die ein komplettes Spielpaket bilden.<\/p>\n<p><span style=\"color: #1f3c88; font-weight: 600;\">Material- und Funktionsverbesserungen<\/span><br \/>\nW\u00e4hlen Sie eine verst\u00e4rkte PVC-St\u00e4rke, UV-best\u00e4ndige Beschichtungen f\u00fcr den l\u00e4ngeren Einsatz im Freien oder Sicherheitspuffer f\u00fcr stark frequentierte Orte.<\/p>\n<div style=\"width: 1280px;\" class=\"wp-video\"><video class=\"wp-video-shortcode\" id=\"video-5065-1\" width=\"1280\" height=\"720\" preload=\"metadata\" controls=\"controls\"><source type=\"video\/mp4\" src=\"https:\/\/softplaysupply.com\/wp-content\/uploads\/2026\/08\/Bounce-House-with-Slide-Ball-Pit-1.mp4?_=1\" \/><a href=\"https:\/\/softplaysupply.com\/wp-content\/uploads\/2026\/08\/Bounce-House-with-Slide-Ball-Pit-1.mp4\">https:\/\/softplaysupply.com\/wp-content\/uploads\/2026\/08\/Bounce-House-with-Slide-Ball-Pit-1.mp4<\/a><\/video><\/div>\n<p style=\"font-size: 20px; font-weight: bold; color: #6a5acd; margin-top: 30px;\">Anfrage US<\/p>\n<p>Sind Sie bereit, Ihr Spielangebot mit dieser vielseitigen aufblasbaren H\u00fcpfburg aufzuwerten? Unser Team unterst\u00fctzt Ihr Projekt vom ersten Konzept bis zur Lieferung:<\/p>\n<p>Detaillierte Produktspezifikationen und Belastungswerte<br \/>\nKundenspezifische Layout-Vorschl\u00e4ge &amp; Kostenvoranschlag<br \/>\nBeispielbilder und 3D-Mockups<br \/>\nVoraussichtliche Lieferzeiten und Versandoptionen<\/p>\n<p>Ganz gleich, ob Sie einen Partyservice, ein Unterhaltungszentrum f\u00fcr Familien, eine Schule, ein Einkaufszentrum oder ein Caf\u00e9 betreiben, wir helfen Ihnen, die perfekte L\u00f6sung zu finden. <span style=\"color: #1f3c88; font-weight: 600;\">Nehmen Sie jetzt Kontakt mit uns auf, um ein Angebot anzufordern, Massenpreise zu best\u00e4tigen oder Anpassungsoptionen mit unseren Spezialisten zu besprechen!<\/span><\/p>\n<\/div>","protected":false},"excerpt":{"rendered":"<p>Aufblasbare Luxus-H\u00fcpfburg in Wei\u00df mit integrierter Rutsche und Ballspielplatz. Ideal f\u00fcr Event-Verleihfirmen, Indoor-Spielpl\u00e4tze und Einkaufszentren. Strapazierf\u00e4higes Material, sichere Netzseiten und modernes Bogendesign sorgen f\u00fcr mehr Buchungen und Stammkunden.<\/p>","protected":false},"featured_media":5067,"parent":0,"template":"","meta":{"_acf_changed":false,"_kad_blocks_custom_css":"","_kad_blocks_head_custom_js":"","_kad_blocks_body_custom_js":"","_kad_blocks_footer_custom_js":"","_kadence_starter_templates_imported_post":false,"_kad_post_transparent":"default","_kad_post_title":"","_kad_post_layout":"default","_kad_post_sidebar_id":"","_kad_post_content_style":"default","_kad_post_vertical_padding":"default","_kad_post_feature":"","_kad_post_feature_position":"","_kad_post_header":false,"_kad_post_footer":false},"pcategory":[48],"ptag":[],"class_list":["post-5065","product","type-product","status-publish","has-post-thumbnail","hentry","pcategory-bounce-house"],"acf":[],"yoast_head":"<!-- This site is optimized with the Yoast SEO plugin v26.8 - https:\/\/yoast.com\/product\/yoast-seo-wordpress\/ -->\n<title>White Inflatable Commercial Bounce House with Slide &amp; Ball Pit Bow Bouncy Castle for Sale<\/title>\n<meta name=\"robots\" content=\"index, follow, max-snippet:-1, max-image-preview:large, max-video-preview:-1\" \/>\n<link rel=\"canonical\" href=\"https:\/\/softplaysupply.com\/de\/produkt\/white-inflatable-commercial-bounce-house-with-slide\/\" \/>\n<meta property=\"og:locale\" content=\"de_DE\" \/>\n<meta property=\"og:type\" content=\"article\" \/>\n<meta property=\"og:title\" content=\"White Inflatable Commercial Bounce House with Slide &amp; Ball Pit Bow Bouncy Castle for Sale\" \/>\n<meta property=\"og:description\" content=\"Luxury white commercial inflatable bounce house featuring integrated slide and ball pit. Ideal for event hire companies, indoor playgrounds and shopping malls. Heavy-duty material, safe mesh sides and modern bow design attract more bookings and repeat customers.\" \/>\n<meta property=\"og:url\" content=\"https:\/\/softplaysupply.com\/de\/produkt\/white-inflatable-commercial-bounce-house-with-slide\/\" \/>\n<meta property=\"og:site_name\" content=\"Nanpak\" \/>\n<meta property=\"og:image\" content=\"https:\/\/softplaysupply.com\/wp-content\/uploads\/2026\/08\/Bounce-House-with-Slide-Ball-Pit-1.jpg\" \/>\n\t<meta property=\"og:image:width\" content=\"800\" \/>\n\t<meta property=\"og:image:height\" content=\"800\" \/>\n\t<meta property=\"og:image:type\" content=\"image\/jpeg\" \/>\n<meta name=\"twitter:card\" content=\"summary_large_image\" \/>\n<meta name=\"twitter:label1\" content=\"Gesch\u00e4tzte Lesezeit\" \/>\n\t<meta name=\"twitter:data1\" content=\"4\u00a0Minuten\" \/>\n<script type=\"application\/ld+json\" class=\"yoast-schema-graph\">{\"@context\":\"https:\/\/schema.org\",\"@graph\":[{\"@type\":\"WebPage\",\"@id\":\"https:\/\/softplaysupply.com\/product\/white-inflatable-commercial-bounce-house-with-slide\/\",\"url\":\"https:\/\/softplaysupply.com\/product\/white-inflatable-commercial-bounce-house-with-slide\/\",\"name\":\"White Inflatable Commercial Bounce House with Slide & Ball Pit Bow Bouncy Castle for Sale\",\"isPartOf\":{\"@id\":\"https:\/\/softplaysupply.com\/#website\"},\"primaryImageOfPage\":{\"@id\":\"https:\/\/softplaysupply.com\/product\/white-inflatable-commercial-bounce-house-with-slide\/#primaryimage\"},\"image\":{\"@id\":\"https:\/\/softplaysupply.com\/product\/white-inflatable-commercial-bounce-house-with-slide\/#primaryimage\"},\"thumbnailUrl\":\"https:\/\/softplaysupply.com\/wp-content\/uploads\/2026\/08\/Bounce-House-with-Slide-Ball-Pit-1.jpg\",\"datePublished\":\"2026-04-22T08:11:36+00:00\",\"breadcrumb\":{\"@id\":\"https:\/\/softplaysupply.com\/product\/white-inflatable-commercial-bounce-house-with-slide\/#breadcrumb\"},\"inLanguage\":\"de\",\"potentialAction\":[{\"@type\":\"ReadAction\",\"target\":[\"https:\/\/softplaysupply.com\/product\/white-inflatable-commercial-bounce-house-with-slide\/\"]}]},{\"@type\":\"ImageObject\",\"inLanguage\":\"de\",\"@id\":\"https:\/\/softplaysupply.com\/product\/white-inflatable-commercial-bounce-house-with-slide\/#primaryimage\",\"url\":\"https:\/\/softplaysupply.com\/wp-content\/uploads\/2026\/08\/Bounce-House-with-Slide-Ball-Pit-1.jpg\",\"contentUrl\":\"https:\/\/softplaysupply.com\/wp-content\/uploads\/2026\/08\/Bounce-House-with-Slide-Ball-Pit-1.jpg\",\"width\":800,\"height\":800,\"caption\":\"Bounce House with Slide & Ball Pit\"},{\"@type\":\"BreadcrumbList\",\"@id\":\"https:\/\/softplaysupply.com\/product\/white-inflatable-commercial-bounce-house-with-slide\/#breadcrumb\",\"itemListElement\":[{\"@type\":\"ListItem\",\"position\":1,\"name\":\"Home\",\"item\":\"https:\/\/softplaysupply.com\/\"},{\"@type\":\"ListItem\",\"position\":2,\"name\":\"Bounce House\",\"item\":\"https:\/\/softplaysupply.com\/pcategory\/bounce-house\/\"},{\"@type\":\"ListItem\",\"position\":3,\"name\":\"White Inflatable Commercial Bounce House with Slide &#038; Ball Pit Bow Bouncy Castle for Sale\"}]},{\"@type\":\"WebSite\",\"@id\":\"https:\/\/softplaysupply.com\/#website\",\"url\":\"https:\/\/softplaysupply.com\/\",\"name\":\"Soft Play Supplier\",\"description\":\"Soft Play Supplier\",\"publisher\":{\"@id\":\"https:\/\/softplaysupply.com\/#organization\"},\"potentialAction\":[{\"@type\":\"SearchAction\",\"target\":{\"@type\":\"EntryPoint\",\"urlTemplate\":\"https:\/\/softplaysupply.com\/?s={search_term_string}\"},\"query-input\":{\"@type\":\"PropertyValueSpecification\",\"valueRequired\":true,\"valueName\":\"search_term_string\"}}],\"inLanguage\":\"de\"},{\"@type\":\"Organization\",\"@id\":\"https:\/\/softplaysupply.com\/#organization\",\"name\":\"Nanpak\",\"url\":\"https:\/\/softplaysupply.com\/\",\"logo\":{\"@type\":\"ImageObject\",\"inLanguage\":\"de\",\"@id\":\"https:\/\/softplaysupply.com\/#\/schema\/logo\/image\/\",\"url\":\"https:\/\/softplaysupply.com\/wp-content\/uploads\/2025\/12\/cropped-mobile-logo.png\",\"contentUrl\":\"https:\/\/softplaysupply.com\/wp-content\/uploads\/2025\/12\/cropped-mobile-logo.png\",\"width\":263,\"height\":84,\"caption\":\"Nanpak\"},\"image\":{\"@id\":\"https:\/\/softplaysupply.com\/#\/schema\/logo\/image\/\"}}]}<\/script>\n<!-- \/ Yoast SEO plugin. -->","yoast_head_json":{"title":"Wei\u00df aufblasbare kommerzielle Bounce House mit Rutsche &amp; Ball Pit Bow Bouncy Castle zu verkaufen","robots":{"index":"index","follow":"follow","max-snippet":"max-snippet:-1","max-image-preview":"max-image-preview:large","max-video-preview":"max-video-preview:-1"},"canonical":"https:\/\/softplaysupply.com\/de\/produkt\/white-inflatable-commercial-bounce-house-with-slide\/","og_locale":"de_DE","og_type":"article","og_title":"White Inflatable Commercial Bounce House with Slide & Ball Pit Bow Bouncy Castle for Sale","og_description":"Luxury white commercial inflatable bounce house featuring integrated slide and ball pit. Ideal for event hire companies, indoor playgrounds and shopping malls. Heavy-duty material, safe mesh sides and modern bow design attract more bookings and repeat customers.","og_url":"https:\/\/softplaysupply.com\/de\/produkt\/white-inflatable-commercial-bounce-house-with-slide\/","og_site_name":"Nanpak","og_image":[{"width":800,"height":800,"url":"https:\/\/softplaysupply.com\/wp-content\/uploads\/2026\/08\/Bounce-House-with-Slide-Ball-Pit-1.jpg","type":"image\/jpeg"}],"twitter_card":"summary_large_image","twitter_misc":{"Gesch\u00e4tzte Lesezeit":"4\u00a0Minuten"},"schema":{"@context":"https:\/\/schema.org","@graph":[{"@type":"WebPage","@id":"https:\/\/softplaysupply.com\/product\/white-inflatable-commercial-bounce-house-with-slide\/","url":"https:\/\/softplaysupply.com\/product\/white-inflatable-commercial-bounce-house-with-slide\/","name":"Wei\u00df aufblasbare kommerzielle Bounce House mit Rutsche &amp; Ball Pit Bow Bouncy Castle zu verkaufen","isPartOf":{"@id":"https:\/\/softplaysupply.com\/#website"},"primaryImageOfPage":{"@id":"https:\/\/softplaysupply.com\/product\/white-inflatable-commercial-bounce-house-with-slide\/#primaryimage"},"image":{"@id":"https:\/\/softplaysupply.com\/product\/white-inflatable-commercial-bounce-house-with-slide\/#primaryimage"},"thumbnailUrl":"https:\/\/softplaysupply.com\/wp-content\/uploads\/2026\/08\/Bounce-House-with-Slide-Ball-Pit-1.jpg","datePublished":"2026-04-22T08:11:36+00:00","breadcrumb":{"@id":"https:\/\/softplaysupply.com\/product\/white-inflatable-commercial-bounce-house-with-slide\/#breadcrumb"},"inLanguage":"de","potentialAction":[{"@type":"ReadAction","target":["https:\/\/softplaysupply.com\/product\/white-inflatable-commercial-bounce-house-with-slide\/"]}]},{"@type":"ImageObject","inLanguage":"de","@id":"https:\/\/softplaysupply.com\/product\/white-inflatable-commercial-bounce-house-with-slide\/#primaryimage","url":"https:\/\/softplaysupply.com\/wp-content\/uploads\/2026\/08\/Bounce-House-with-Slide-Ball-Pit-1.jpg","contentUrl":"https:\/\/softplaysupply.com\/wp-content\/uploads\/2026\/08\/Bounce-House-with-Slide-Ball-Pit-1.jpg","width":800,"height":800,"caption":"Bounce House with Slide & Ball Pit"},{"@type":"BreadcrumbList","@id":"https:\/\/softplaysupply.com\/product\/white-inflatable-commercial-bounce-house-with-slide\/#breadcrumb","itemListElement":[{"@type":"ListItem","position":1,"name":"Home","item":"https:\/\/softplaysupply.com\/"},{"@type":"ListItem","position":2,"name":"Bounce House","item":"https:\/\/softplaysupply.com\/pcategory\/bounce-house\/"},{"@type":"ListItem","position":3,"name":"White Inflatable Commercial Bounce House with Slide &#038; Ball Pit Bow Bouncy Castle for Sale"}]},{"@type":"WebSite","@id":"https:\/\/softplaysupply.com\/#website","url":"https:\/\/softplaysupply.com\/","name":"Anbieter von Softplay-Spielger\u00e4ten","description":"Anbieter von Softplay-Spielger\u00e4ten","publisher":{"@id":"https:\/\/softplaysupply.com\/#organization"},"potentialAction":[{"@type":"SearchAction","target":{"@type":"EntryPoint","urlTemplate":"https:\/\/softplaysupply.com\/?s={search_term_string}"},"query-input":{"@type":"PropertyValueSpecification","valueRequired":true,"valueName":"search_term_string"}}],"inLanguage":"de"},{"@type":"Organization","@id":"https:\/\/softplaysupply.com\/#organization","name":"Nanpak","url":"https:\/\/softplaysupply.com\/","logo":{"@type":"ImageObject","inLanguage":"de","@id":"https:\/\/softplaysupply.com\/#\/schema\/logo\/image\/","url":"https:\/\/softplaysupply.com\/wp-content\/uploads\/2025\/12\/cropped-mobile-logo.png","contentUrl":"https:\/\/softplaysupply.com\/wp-content\/uploads\/2025\/12\/cropped-mobile-logo.png","width":263,"height":84,"caption":"Nanpak"},"image":{"@id":"https:\/\/softplaysupply.com\/#\/schema\/logo\/image\/"}}]}},"taxonomy_info":{"pcategory":[{"value":48,"label":"Bounce House"}]},"featured_image_src_large":["https:\/\/softplaysupply.com\/wp-content\/uploads\/2026\/08\/Bounce-House-with-Slide-Ball-Pit-1.jpg",800,800,false],"author_info":[],"comment_info":"","_links":{"self":[{"href":"https:\/\/softplaysupply.com\/de\/wp-json\/wp\/v2\/product\/5065","targetHints":{"allow":["GET"]}}],"collection":[{"href":"https:\/\/softplaysupply.com\/de\/wp-json\/wp\/v2\/product"}],"about":[{"href":"https:\/\/softplaysupply.com\/de\/wp-json\/wp\/v2\/types\/product"}],"wp:featuredmedia":[{"embeddable":true,"href":"https:\/\/softplaysupply.com\/de\/wp-json\/wp\/v2\/media\/5067"}],"wp:attachment":[{"href":"https:\/\/softplaysupply.com\/de\/wp-json\/wp\/v2\/media?parent=5065"}],"wp:term":[{"taxonomy":"pcategory","embeddable":true,"href":"https:\/\/softplaysupply.com\/de\/wp-json\/wp\/v2\/pcategory?post=5065"},{"taxonomy":"ptag","embeddable":true,"href":"https:\/\/softplaysupply.com\/de\/wp-json\/wp\/v2\/ptag?post=5065"}],"curies":[{"name":"wp","href":"https:\/\/api.w.org\/{rel}","templated":true}]}}