{"id":4123,"date":"2026-03-02T05:59:55","date_gmt":"2026-03-02T05:59:55","guid":{"rendered":"https:\/\/softplaysupply.com\/?post_type=product&#038;p=4123"},"modified":"2026-02-11T08:20:27","modified_gmt":"2026-02-11T08:20:27","slug":"soft-inflatable-blow-up-castle-jump-bounce-house","status":"publish","type":"product","link":"https:\/\/softplaysupply.com\/de\/produkt\/soft-inflatable-blow-up-castle-jump-bounce-house\/","title":{"rendered":"Bunte Tie-Dye Pastell weiche aufblasbare Blow Up Castle Jump Bounce House f\u00fcr Spielplatz Party mieten"},"content":{"rendered":"<div style=\"text-align: center; margin-bottom: 30px;\">\n<h2 style=\"color: #ff6ac1; font-size: 28px; margin: 0; font-weight: bold; text-shadow: 1px 1px 2px rgba(255,106,193,0.3);\">Blow Up Jump House f\u00fcr Kinder - Soft Play Ger\u00e4te f\u00fcr Partyverleih<\/h2>\n<div style=\"width: 1280px;\" class=\"wp-video\"><video class=\"wp-video-shortcode\" id=\"video-4123-1\" width=\"1280\" height=\"720\" preload=\"metadata\" controls=\"controls\"><source type=\"video\/mp4\" src=\"https:\/\/softplaysupply.com\/wp-content\/uploads\/2026\/05\/Soft-Inflatable-Blow-Up-Castle-Jump-Bounce-House.mp4?_=1\" \/><a href=\"https:\/\/softplaysupply.com\/wp-content\/uploads\/2026\/05\/Soft-Inflatable-Blow-Up-Castle-Jump-Bounce-House.mp4\">https:\/\/softplaysupply.com\/wp-content\/uploads\/2026\/05\/Soft-Inflatable-Blow-Up-Castle-Jump-Bounce-House.mp4<\/a><\/video><\/div>\n<\/div>\n<div style=\"background: linear-gradient(135deg, #ffeef7, #f0f8ff); padding: 25px; border-radius: 15px; box-shadow: 0 8px 20px rgba(173,216,230,0.3); margin-bottom: 30px; border: 2px solid #a8d8ff;\"><strong style=\"color: #ff69b4; font-size: 24px; display: block; margin-bottom: 15px; text-align: center;\">Bunter Tie-Dye-Spa\u00df f\u00fcr jede Party<br \/>\n<\/strong>Diese H\u00fcpfburg ist f\u00fcr sicheres, energiegeladenes Spielen konzipiert. Es verf\u00fcgt \u00fcber einen ger\u00e4umigen H\u00fcpfbereich, hohe Netzw\u00e4nde f\u00fcr Sicht und Luftzirkulation und einen leicht zug\u00e4nglichen Eingang. Viele Modelle verf\u00fcgen auch \u00fcber eine Rutsche und ein Mini-B\u00e4llebad, um die Kinder stundenlang zu unterhalten. Das aufblasbare Haus aus strapazierf\u00e4higem PVC oder Oxford-Stoff ist wasserdicht, leicht zu reinigen und langlebig genug f\u00fcr den wiederholten Gebrauch. Ideal f\u00fcr Geburtstagsfeiern, Schulveranstaltungen, Sommerfestivals und vieles mehr, ist diese aufblasbare H\u00fcpfburg sicher das Highlight jeder Veranstaltung.Erh\u00e4ltlich in 8ft, 10ft und 13ft Gr\u00f6\u00dfen, mit vollst\u00e4ndig anpassbaren Farben und Funktionen. Machen Sie Ihre Veranstaltung unvergesslich mit dieser aufblasbaren H\u00fcpfburg - Spa\u00df f\u00fcr Kinder, stressfrei f\u00fcr Eltern!<\/div>\n<div style=\"background: linear-gradient(135deg, #e6f7ff, #f0fff0); padding: 25px; border-radius: 15px; box-shadow: 0 8px 20px rgba(144,238,144,0.25); margin-bottom: 30px; border: 2px solid #98fb98;\"><strong style=\"color: #00b894; font-size: 24px; display: block; margin-bottom: 15px; text-align: center;\"><br \/>\nSicheres und spannendes Spielen<br \/>\n<\/strong><\/p>\n<p style=\"color: #4a4a4a; font-size: 17px; margin-bottom: 15px;\">Diese H\u00fcpfburg ist f\u00fcr sicheres, energiegeladenes Spielen konzipiert:<\/p>\n<ul style=\"list-style: none; padding-left: 0; font-size: 17px; color: #2c3e50;\">\n<li style=\"margin-bottom: 12px; padding-left: 30px; position: relative;\"><span style=\"position: absolute; left: 0; color: #00b894; font-size: 22px;\">\u2022<\/span>Ger\u00e4umige H\u00fcpffl\u00e4che zum Springen und Purzeln<\/li>\n<li style=\"margin-bottom: 12px; padding-left: 30px; position: relative;\"><span style=\"position: absolute; left: 0; color: #00b894; font-size: 22px;\">\u2022<\/span>Hochmaschige W\u00e4nde f\u00fcr Sicht und Luftzirkulation<\/li>\n<li style=\"margin-bottom: 12px; padding-left: 30px; position: relative;\"><span style=\"position: absolute; left: 0; color: #00b894; font-size: 22px;\">\u2022<\/span>Leicht zug\u00e4nglicher Eingang f\u00fcr Kleinkinder und junge Kinder<\/li>\n<li style=\"margin-bottom: 12px; padding-left: 30px; position: relative;\"><span style=\"position: absolute; left: 0; color: #00b894; font-size: 22px;\">\u2022<\/span>Optionale Rutsche und Mini-B\u00e4llebad f\u00fcr zus\u00e4tzlichen Spa\u00df<\/li>\n<\/ul>\n<p style=\"color: #4a4a4a; font-size: 17px; margin-top: 20px;\">Dieses aufblasbare Haus aus PVC oder Oxford-Stoff ist langlebig, wasserdicht und leicht zu reinigen. Schlie\u00dfen Sie es einfach an ein handels\u00fcbliches Gebl\u00e4se an, und Ihr aufblasbares Sprunghaus ist in wenigen Minuten einsatzbereit.<\/p>\n<\/div>\n<div style=\"background: linear-gradient(135deg, #fffaf0, #fff0f5); padding: 25px; border-radius: 15px; box-shadow: 0 8px 20px rgba(255,182,193,0.25); margin-bottom: 30px; border: 2px solid #ffb6c1;\"><strong style=\"color: #ff6ac1; font-size: 24px; display: block; margin-bottom: 15px; text-align: center;\"><br \/>\nProduktdetails<br \/>\n<\/strong><\/p>\n<table style=\"width: 100%; border-collapse: collapse; font-size: 16px; color: #333;\">\n<tbody>\n<tr style=\"background: #fff0f5;\">\n<td style=\"padding: 12px; border: 1px solid #ffb6c1; font-weight: bold; width: 40%;\">Stil<\/td>\n<td style=\"padding: 12px; border: 1px solid #ffb6c1;\">Multifunktionaler Spielplatz Indoor &amp; Outdoor<\/td>\n<\/tr>\n<tr>\n<td style=\"padding: 12px; border: 1px solid #ffb6c1; font-weight: bold;\">Typ<\/td>\n<td style=\"padding: 12px; border: 1px solid #ffb6c1;\">Softplay-Ger\u00e4te<\/td>\n<\/tr>\n<tr style=\"background: #fff0f5;\">\n<td style=\"padding: 12px; border: 1px solid #ffb6c1; font-weight: bold;\">Verwendung<\/td>\n<td style=\"padding: 12px; border: 1px solid #ffb6c1;\">Spielende Kinder<\/td>\n<\/tr>\n<tr>\n<td style=\"padding: 12px; border: 1px solid #ffb6c1; font-weight: bold;\">Design<\/td>\n<td style=\"padding: 12px; border: 1px solid #ffb6c1;\">Anforderung der Kunden<\/td>\n<\/tr>\n<tr style=\"background: #fff0f5;\">\n<td style=\"padding: 12px; border: 1px solid #ffb6c1; font-weight: bold;\">Bewerben bei<\/td>\n<td style=\"padding: 12px; border: 1px solid #ffb6c1;\">Spielplatz, Partyverleih, Kleinkind<\/td>\n<\/tr>\n<tr>\n<td style=\"padding: 12px; border: 1px solid #ffb6c1; font-weight: bold;\">Farbe<\/td>\n<td style=\"padding: 12px; border: 1px solid #ffb6c1;\">Je nach Bedarf angepasst<\/td>\n<\/tr>\n<tr style=\"background: #fff0f5;\">\n<td style=\"padding: 12px; border: 1px solid #ffb6c1; font-weight: bold;\">Merkmal<\/td>\n<td style=\"padding: 12px; border: 1px solid #ffb6c1;\">Ungiftig, lichtecht<\/td>\n<\/tr>\n<tr>\n<td style=\"padding: 12px; border: 1px solid #ffb6c1; font-weight: bold;\">Verpackung<\/td>\n<td style=\"padding: 12px; border: 1px solid #ffb6c1;\">Standard-Verpackung<\/td>\n<\/tr>\n<\/tbody>\n<\/table>\n<\/div>\n<div style=\"background: linear-gradient(135deg, #f0f8ff, #e6ffe6); padding: 25px; border-radius: 15px; box-shadow: 0 8px 20px rgba(144,238,144,0.25); border: 2px solid #90ee90;\"><strong style=\"color: #2ecc71; font-size: 24px; display: block; margin-bottom: 15px; text-align: center;\">Perfekt f\u00fcr alle Anl\u00e4sse<br \/>\n<\/strong><\/p>\n<p style=\"color: #4a4a4a; font-size: 17px; margin-bottom: 15px;\">Diese aufblasbare Burg H\u00fcpfburg ist ideal f\u00fcr:<\/p>\n<ul style=\"list-style: none; padding-left: 0; font-size: 17px; color: #2c3e50;\">\n<li style=\"margin-bottom: 12px; padding-left: 30px; position: relative;\"><span style=\"position: absolute; left: 0; color: #2ecc71; font-size: 22px;\">\u2605<\/span>Geburtstagsfeiern<\/li>\n<li style=\"margin-bottom: 12px; padding-left: 30px; position: relative;\"><span style=\"position: absolute; left: 0; color: #2ecc71; font-size: 22px;\">\u2605<\/span>Schulische Veranstaltungen<\/li>\n<li style=\"margin-bottom: 12px; padding-left: 30px; position: relative;\"><span style=\"position: absolute; left: 0; color: #2ecc71; font-size: 22px;\">\u2605<\/span>Sommerfestivals<\/li>\n<li style=\"margin-bottom: 12px; padding-left: 30px; position: relative;\"><span style=\"position: absolute; left: 0; color: #2ecc71; font-size: 22px;\">\u2605<\/span>Spielplatz- und Partyverleih<\/li>\n<\/ul>\n<p style=\"color: #4a4a4a; font-size: 17px; margin-top: 20px; font-weight: bold; text-align: center;\">Erh\u00e4ltlich in den Gr\u00f6\u00dfen 8ft, 10ft und 13ft, mit vollst\u00e4ndig anpassbaren Farben und Funktionen. Machen Sie Ihre Veranstaltung unvergesslich mit diesem aufblasbaren H\u00fcpfhaus - Spa\u00df f\u00fcr Kinder, stressfrei f\u00fcr Eltern!<\/p>\n<\/div>","protected":false},"excerpt":{"rendered":"<p>Blow Up Jump House for Kids - Soft Play Equipment for Party Hire Colorful Tie-Dye Fun for Any Party Diese H\u00fcpfburg ist f\u00fcr sicheres, energiegeladenes Spielen konzipiert. Es verf\u00fcgt \u00fcber einen ger\u00e4umigen H\u00fcpfbereich, hohe Netzw\u00e4nde f\u00fcr Sicht und Luftzirkulation und einen leicht zug\u00e4nglichen Eingang. Viele Modelle sind auch mit einer Rutsche und...<\/p>","protected":false},"featured_media":4126,"parent":0,"template":"","meta":{"_acf_changed":false,"_kad_blocks_custom_css":"","_kad_blocks_head_custom_js":"","_kad_blocks_body_custom_js":"","_kad_blocks_footer_custom_js":"","_kadence_starter_templates_imported_post":false,"_kad_post_transparent":"default","_kad_post_title":"","_kad_post_layout":"default","_kad_post_sidebar_id":"","_kad_post_content_style":"default","_kad_post_vertical_padding":"default","_kad_post_feature":"","_kad_post_feature_position":"","_kad_post_header":false,"_kad_post_footer":false},"pcategory":[5,48],"ptag":[],"class_list":["post-4123","product","type-product","status-publish","has-post-thumbnail","hentry","pcategory-indoor-playground-equipment","pcategory-bounce-house"],"acf":[],"yoast_head":"<!-- This site is optimized with the Yoast SEO plugin v26.8 - https:\/\/yoast.com\/product\/yoast-seo-wordpress\/ -->\n<title>Colorful Tie-Dye Pastel Soft Inflatable Blow Up Castle Jump Bounce House for Playground Party Rental<\/title>\n<meta name=\"robots\" content=\"index, follow, max-snippet:-1, max-image-preview:large, max-video-preview:-1\" \/>\n<link rel=\"canonical\" href=\"https:\/\/softplaysupply.com\/de\/produkt\/soft-inflatable-blow-up-castle-jump-bounce-house\/\" \/>\n<meta property=\"og:locale\" content=\"de_DE\" \/>\n<meta property=\"og:type\" content=\"article\" \/>\n<meta property=\"og:title\" content=\"Colorful Tie-Dye Pastel Soft Inflatable Blow Up Castle Jump Bounce House for Playground Party Rental\" \/>\n<meta property=\"og:description\" content=\"Blow Up Jump House for Kids \u2013 Soft Play Equipment for Party Hire Colorful Tie-Dye Fun for Any Party This bounce house rental is designed for safe, energetic play. It includes a spacious bouncing area, high mesh walls for visibility and airflow, and an easy-access entrance. Many models also come with a slide and mini...\" \/>\n<meta property=\"og:url\" content=\"https:\/\/softplaysupply.com\/de\/produkt\/soft-inflatable-blow-up-castle-jump-bounce-house\/\" \/>\n<meta property=\"og:site_name\" content=\"Nanpak\" \/>\n<meta property=\"og:image\" content=\"https:\/\/softplaysupply.com\/wp-content\/uploads\/2026\/05\/Tie-Dye-Pastel-Bounce-House-1.jpg\" \/>\n\t<meta property=\"og:image:width\" content=\"800\" \/>\n\t<meta property=\"og:image:height\" content=\"800\" \/>\n\t<meta property=\"og:image:type\" content=\"image\/jpeg\" \/>\n<meta name=\"twitter:card\" content=\"summary_large_image\" \/>\n<meta name=\"twitter:label1\" content=\"Gesch\u00e4tzte Lesezeit\" \/>\n\t<meta name=\"twitter:data1\" content=\"2\u00a0Minuten\" \/>\n<script type=\"application\/ld+json\" class=\"yoast-schema-graph\">{\"@context\":\"https:\/\/schema.org\",\"@graph\":[{\"@type\":\"WebPage\",\"@id\":\"https:\/\/softplaysupply.com\/product\/soft-inflatable-blow-up-castle-jump-bounce-house\/\",\"url\":\"https:\/\/softplaysupply.com\/product\/soft-inflatable-blow-up-castle-jump-bounce-house\/\",\"name\":\"Colorful Tie-Dye Pastel Soft Inflatable Blow Up Castle Jump Bounce House for Playground Party Rental\",\"isPartOf\":{\"@id\":\"https:\/\/softplaysupply.com\/#website\"},\"primaryImageOfPage\":{\"@id\":\"https:\/\/softplaysupply.com\/product\/soft-inflatable-blow-up-castle-jump-bounce-house\/#primaryimage\"},\"image\":{\"@id\":\"https:\/\/softplaysupply.com\/product\/soft-inflatable-blow-up-castle-jump-bounce-house\/#primaryimage\"},\"thumbnailUrl\":\"https:\/\/softplaysupply.com\/wp-content\/uploads\/2026\/05\/Tie-Dye-Pastel-Bounce-House-1.jpg\",\"datePublished\":\"2026-03-02T05:59:55+00:00\",\"breadcrumb\":{\"@id\":\"https:\/\/softplaysupply.com\/product\/soft-inflatable-blow-up-castle-jump-bounce-house\/#breadcrumb\"},\"inLanguage\":\"de\",\"potentialAction\":[{\"@type\":\"ReadAction\",\"target\":[\"https:\/\/softplaysupply.com\/product\/soft-inflatable-blow-up-castle-jump-bounce-house\/\"]}]},{\"@type\":\"ImageObject\",\"inLanguage\":\"de\",\"@id\":\"https:\/\/softplaysupply.com\/product\/soft-inflatable-blow-up-castle-jump-bounce-house\/#primaryimage\",\"url\":\"https:\/\/softplaysupply.com\/wp-content\/uploads\/2026\/05\/Tie-Dye-Pastel-Bounce-House-1.jpg\",\"contentUrl\":\"https:\/\/softplaysupply.com\/wp-content\/uploads\/2026\/05\/Tie-Dye-Pastel-Bounce-House-1.jpg\",\"width\":800,\"height\":800,\"caption\":\"Tie-Dye Pastel Bounce House\"},{\"@type\":\"BreadcrumbList\",\"@id\":\"https:\/\/softplaysupply.com\/product\/soft-inflatable-blow-up-castle-jump-bounce-house\/#breadcrumb\",\"itemListElement\":[{\"@type\":\"ListItem\",\"position\":1,\"name\":\"Home\",\"item\":\"https:\/\/softplaysupply.com\/\"},{\"@type\":\"ListItem\",\"position\":2,\"name\":\"Bounce House\",\"item\":\"https:\/\/softplaysupply.com\/pcategory\/bounce-house\/\"},{\"@type\":\"ListItem\",\"position\":3,\"name\":\"Colorful Tie-Dye Pastel Soft Inflatable Blow Up Castle Jump Bounce House for Playground Party Rental\"}]},{\"@type\":\"WebSite\",\"@id\":\"https:\/\/softplaysupply.com\/#website\",\"url\":\"https:\/\/softplaysupply.com\/\",\"name\":\"Soft Play Supplier\",\"description\":\"Soft Play Supplier\",\"publisher\":{\"@id\":\"https:\/\/softplaysupply.com\/#organization\"},\"potentialAction\":[{\"@type\":\"SearchAction\",\"target\":{\"@type\":\"EntryPoint\",\"urlTemplate\":\"https:\/\/softplaysupply.com\/?s={search_term_string}\"},\"query-input\":{\"@type\":\"PropertyValueSpecification\",\"valueRequired\":true,\"valueName\":\"search_term_string\"}}],\"inLanguage\":\"de\"},{\"@type\":\"Organization\",\"@id\":\"https:\/\/softplaysupply.com\/#organization\",\"name\":\"Nanpak\",\"url\":\"https:\/\/softplaysupply.com\/\",\"logo\":{\"@type\":\"ImageObject\",\"inLanguage\":\"de\",\"@id\":\"https:\/\/softplaysupply.com\/#\/schema\/logo\/image\/\",\"url\":\"https:\/\/softplaysupply.com\/wp-content\/uploads\/2025\/12\/cropped-mobile-logo.png\",\"contentUrl\":\"https:\/\/softplaysupply.com\/wp-content\/uploads\/2025\/12\/cropped-mobile-logo.png\",\"width\":263,\"height\":84,\"caption\":\"Nanpak\"},\"image\":{\"@id\":\"https:\/\/softplaysupply.com\/#\/schema\/logo\/image\/\"}}]}<\/script>\n<!-- \/ Yoast SEO plugin. -->","yoast_head_json":{"title":"Bunte Tie-Dye Pastell weiche aufblasbare Blow Up Castle Jump Bounce House f\u00fcr Spielplatz Party mieten","robots":{"index":"index","follow":"follow","max-snippet":"max-snippet:-1","max-image-preview":"max-image-preview:large","max-video-preview":"max-video-preview:-1"},"canonical":"https:\/\/softplaysupply.com\/de\/produkt\/soft-inflatable-blow-up-castle-jump-bounce-house\/","og_locale":"de_DE","og_type":"article","og_title":"Colorful Tie-Dye Pastel Soft Inflatable Blow Up Castle Jump Bounce House for Playground Party Rental","og_description":"Blow Up Jump House for Kids \u2013 Soft Play Equipment for Party Hire Colorful Tie-Dye Fun for Any Party This bounce house rental is designed for safe, energetic play. It includes a spacious bouncing area, high mesh walls for visibility and airflow, and an easy-access entrance. Many models also come with a slide and mini...","og_url":"https:\/\/softplaysupply.com\/de\/produkt\/soft-inflatable-blow-up-castle-jump-bounce-house\/","og_site_name":"Nanpak","og_image":[{"width":800,"height":800,"url":"https:\/\/softplaysupply.com\/wp-content\/uploads\/2026\/05\/Tie-Dye-Pastel-Bounce-House-1.jpg","type":"image\/jpeg"}],"twitter_card":"summary_large_image","twitter_misc":{"Gesch\u00e4tzte Lesezeit":"2\u00a0Minuten"},"schema":{"@context":"https:\/\/schema.org","@graph":[{"@type":"WebPage","@id":"https:\/\/softplaysupply.com\/product\/soft-inflatable-blow-up-castle-jump-bounce-house\/","url":"https:\/\/softplaysupply.com\/product\/soft-inflatable-blow-up-castle-jump-bounce-house\/","name":"Bunte Tie-Dye Pastell weiche aufblasbare Blow Up Castle Jump Bounce House f\u00fcr Spielplatz Party mieten","isPartOf":{"@id":"https:\/\/softplaysupply.com\/#website"},"primaryImageOfPage":{"@id":"https:\/\/softplaysupply.com\/product\/soft-inflatable-blow-up-castle-jump-bounce-house\/#primaryimage"},"image":{"@id":"https:\/\/softplaysupply.com\/product\/soft-inflatable-blow-up-castle-jump-bounce-house\/#primaryimage"},"thumbnailUrl":"https:\/\/softplaysupply.com\/wp-content\/uploads\/2026\/05\/Tie-Dye-Pastel-Bounce-House-1.jpg","datePublished":"2026-03-02T05:59:55+00:00","breadcrumb":{"@id":"https:\/\/softplaysupply.com\/product\/soft-inflatable-blow-up-castle-jump-bounce-house\/#breadcrumb"},"inLanguage":"de","potentialAction":[{"@type":"ReadAction","target":["https:\/\/softplaysupply.com\/product\/soft-inflatable-blow-up-castle-jump-bounce-house\/"]}]},{"@type":"ImageObject","inLanguage":"de","@id":"https:\/\/softplaysupply.com\/product\/soft-inflatable-blow-up-castle-jump-bounce-house\/#primaryimage","url":"https:\/\/softplaysupply.com\/wp-content\/uploads\/2026\/05\/Tie-Dye-Pastel-Bounce-House-1.jpg","contentUrl":"https:\/\/softplaysupply.com\/wp-content\/uploads\/2026\/05\/Tie-Dye-Pastel-Bounce-House-1.jpg","width":800,"height":800,"caption":"Tie-Dye Pastel Bounce House"},{"@type":"BreadcrumbList","@id":"https:\/\/softplaysupply.com\/product\/soft-inflatable-blow-up-castle-jump-bounce-house\/#breadcrumb","itemListElement":[{"@type":"ListItem","position":1,"name":"Home","item":"https:\/\/softplaysupply.com\/"},{"@type":"ListItem","position":2,"name":"Bounce House","item":"https:\/\/softplaysupply.com\/pcategory\/bounce-house\/"},{"@type":"ListItem","position":3,"name":"Colorful Tie-Dye Pastel Soft Inflatable Blow Up Castle Jump Bounce House for Playground Party Rental"}]},{"@type":"WebSite","@id":"https:\/\/softplaysupply.com\/#website","url":"https:\/\/softplaysupply.com\/","name":"Anbieter von Softplay-Spielger\u00e4ten","description":"Anbieter von Softplay-Spielger\u00e4ten","publisher":{"@id":"https:\/\/softplaysupply.com\/#organization"},"potentialAction":[{"@type":"SearchAction","target":{"@type":"EntryPoint","urlTemplate":"https:\/\/softplaysupply.com\/?s={search_term_string}"},"query-input":{"@type":"PropertyValueSpecification","valueRequired":true,"valueName":"search_term_string"}}],"inLanguage":"de"},{"@type":"Organization","@id":"https:\/\/softplaysupply.com\/#organization","name":"Nanpak","url":"https:\/\/softplaysupply.com\/","logo":{"@type":"ImageObject","inLanguage":"de","@id":"https:\/\/softplaysupply.com\/#\/schema\/logo\/image\/","url":"https:\/\/softplaysupply.com\/wp-content\/uploads\/2025\/12\/cropped-mobile-logo.png","contentUrl":"https:\/\/softplaysupply.com\/wp-content\/uploads\/2025\/12\/cropped-mobile-logo.png","width":263,"height":84,"caption":"Nanpak"},"image":{"@id":"https:\/\/softplaysupply.com\/#\/schema\/logo\/image\/"}}]}},"taxonomy_info":{"pcategory":[{"value":5,"label":"Indoor Playground Equipment"},{"value":48,"label":"Bounce House"}]},"featured_image_src_large":["https:\/\/softplaysupply.com\/wp-content\/uploads\/2026\/05\/Tie-Dye-Pastel-Bounce-House-1.jpg",800,800,false],"author_info":[],"comment_info":"","_links":{"self":[{"href":"https:\/\/softplaysupply.com\/de\/wp-json\/wp\/v2\/product\/4123","targetHints":{"allow":["GET"]}}],"collection":[{"href":"https:\/\/softplaysupply.com\/de\/wp-json\/wp\/v2\/product"}],"about":[{"href":"https:\/\/softplaysupply.com\/de\/wp-json\/wp\/v2\/types\/product"}],"wp:featuredmedia":[{"embeddable":true,"href":"https:\/\/softplaysupply.com\/de\/wp-json\/wp\/v2\/media\/4126"}],"wp:attachment":[{"href":"https:\/\/softplaysupply.com\/de\/wp-json\/wp\/v2\/media?parent=4123"}],"wp:term":[{"taxonomy":"pcategory","embeddable":true,"href":"https:\/\/softplaysupply.com\/de\/wp-json\/wp\/v2\/pcategory?post=4123"},{"taxonomy":"ptag","embeddable":true,"href":"https:\/\/softplaysupply.com\/de\/wp-json\/wp\/v2\/ptag?post=4123"}],"curies":[{"name":"wp","href":"https:\/\/api.w.org\/{rel}","templated":true}]}}