{"id":3551,"date":"2026-01-31T06:12:11","date_gmt":"2026-01-31T06:12:11","guid":{"rendered":"https:\/\/softplaysupply.com\/?post_type=product&#038;p=3551"},"modified":"2025-12-25T07:27:26","modified_gmt":"2025-12-25T07:27:26","slug":"custom-dinosaur-themed-indoor-playground","status":"publish","type":"product","link":"https:\/\/softplaysupply.com\/de\/produkt\/custom-dinosaur-themed-indoor-playground\/","title":{"rendered":"Ma\u00dfgeschneiderte Indoor-Spielplatzger\u00e4te mit Dinosaurier-Motiven f\u00fcr kommerzielle Spielbereiche"},"content":{"rendered":"<p style=\"font-size: 19px; color: #34495e; margin: 0 0 50px; font-weight: 500; text-align: left;\">Erleben Sie pr\u00e4historische Abenteuer hautnah mit unseren Dinosauriern. <a href=\"https:\/\/softplaysupply.com\/de\/pcategory\/indoor-playground-equipment\/themed-playground\/\" data-internallinksmanager029f6b8e52c=\"7\" title=\"Themen-Spielplatz\" target=\"_blank\" rel=\"noopener\">Themen-Spielplatz<\/a> Ein lebendiges und fesselndes Indoor-Spielerlebnis, das Kinder jeden Alters begeistert und mitrei\u00dft. Dieser Spielplatz verwandelt jede kommerzielle Spielzone in eine pr\u00e4historische Welt, in der Kinder klettern, rutschen, krabbeln und zwischen lebensechten Strukturen zum Thema Dinosaurier auf Entdeckungsreise gehen k\u00f6nnen. Mit mehrst\u00f6ckigen Rutschen, B\u00e4llebecken, Klettertunneln, Seilbr\u00fccken und interaktiven Elementen f\u00f6rdert er k\u00f6rperliche Aktivit\u00e4t, fantasievolles Spielen und soziale Interaktion. Dieser Spielplatz eignet sich perfekt f\u00fcr Einkaufszentren, Familienunterhaltungszentren und Indoor-Freizeitparks und kann vollst\u00e4ndig an Ihre r\u00e4umlichen und thematischen Anforderungen angepasst werden. Jedes Detail wurde unter Ber\u00fccksichtigung von Sicherheit, Langlebigkeit und Spa\u00df entworfen, was ihn zum ultimativen Dinosaurier-Spielplatz f\u00fcr Kinder im Alter von 3 bis 15 Jahren macht.<\/p>\n<p><img loading=\"lazy\" decoding=\"async\" class=\"alignnone size-full wp-image-3553\" src=\"https:\/\/softplaysupply.com\/wp-content\/uploads\/2026\/01\/dinosaur-themed-playground-2-1.jpg\" alt=\"\" width=\"800\" height=\"502\" srcset=\"https:\/\/softplaysupply.com\/wp-content\/uploads\/2026\/01\/dinosaur-themed-playground-2-1.jpg 800w, https:\/\/softplaysupply.com\/wp-content\/uploads\/2026\/01\/dinosaur-themed-playground-2-1-300x188.jpg 300w, https:\/\/softplaysupply.com\/wp-content\/uploads\/2026\/01\/dinosaur-themed-playground-2-1-768x482.jpg 768w, https:\/\/softplaysupply.com\/wp-content\/uploads\/2026\/01\/dinosaur-themed-playground-2-1-18x12.jpg 18w\" sizes=\"auto, (max-width: 800px) 100vw, 800px\" \/> <img loading=\"lazy\" decoding=\"async\" class=\"alignnone size-full wp-image-3554\" src=\"https:\/\/softplaysupply.com\/wp-content\/uploads\/2026\/01\/dinosaur-themed-playground-3.jpg\" alt=\"\" width=\"749\" height=\"749\" srcset=\"https:\/\/softplaysupply.com\/wp-content\/uploads\/2026\/01\/dinosaur-themed-playground-3.jpg 749w, https:\/\/softplaysupply.com\/wp-content\/uploads\/2026\/01\/dinosaur-themed-playground-3-300x300.jpg 300w, https:\/\/softplaysupply.com\/wp-content\/uploads\/2026\/01\/dinosaur-themed-playground-3-150x150.jpg 150w, https:\/\/softplaysupply.com\/wp-content\/uploads\/2026\/01\/dinosaur-themed-playground-3-12x12.jpg 12w\" sizes=\"auto, (max-width: 749px) 100vw, 749px\" \/> <img loading=\"lazy\" decoding=\"async\" class=\"alignnone size-full wp-image-3558\" src=\"https:\/\/softplaysupply.com\/wp-content\/uploads\/2026\/01\/dinosaur-themed-playground-7.jpg\" alt=\"\" width=\"800\" height=\"707\" srcset=\"https:\/\/softplaysupply.com\/wp-content\/uploads\/2026\/01\/dinosaur-themed-playground-7.jpg 800w, https:\/\/softplaysupply.com\/wp-content\/uploads\/2026\/01\/dinosaur-themed-playground-7-300x265.jpg 300w, https:\/\/softplaysupply.com\/wp-content\/uploads\/2026\/01\/dinosaur-themed-playground-7-768x679.jpg 768w, https:\/\/softplaysupply.com\/wp-content\/uploads\/2026\/01\/dinosaur-themed-playground-7-14x12.jpg 14w\" sizes=\"auto, (max-width: 800px) 100vw, 800px\" \/> <img loading=\"lazy\" decoding=\"async\" class=\"alignnone size-full wp-image-3559\" src=\"https:\/\/softplaysupply.com\/wp-content\/uploads\/2026\/01\/dinosaur-themed-playground-8.jpg\" alt=\"\" width=\"640\" height=\"640\" srcset=\"https:\/\/softplaysupply.com\/wp-content\/uploads\/2026\/01\/dinosaur-themed-playground-8.jpg 640w, https:\/\/softplaysupply.com\/wp-content\/uploads\/2026\/01\/dinosaur-themed-playground-8-300x300.jpg 300w, https:\/\/softplaysupply.com\/wp-content\/uploads\/2026\/01\/dinosaur-themed-playground-8-150x150.jpg 150w, https:\/\/softplaysupply.com\/wp-content\/uploads\/2026\/01\/dinosaur-themed-playground-8-12x12.jpg 12w\" sizes=\"auto, (max-width: 640px) 100vw, 640px\" \/> <img loading=\"lazy\" decoding=\"async\" class=\"alignnone size-full wp-image-3562\" src=\"https:\/\/softplaysupply.com\/wp-content\/uploads\/2026\/01\/dinosaur-themed-playground-11.jpg\" alt=\"Spielplatz mit Dinosaurier-Thema\" width=\"749\" height=\"749\" srcset=\"https:\/\/softplaysupply.com\/wp-content\/uploads\/2026\/01\/dinosaur-themed-playground-11.jpg 749w, https:\/\/softplaysupply.com\/wp-content\/uploads\/2026\/01\/dinosaur-themed-playground-11-300x300.jpg 300w, https:\/\/softplaysupply.com\/wp-content\/uploads\/2026\/01\/dinosaur-themed-playground-11-150x150.jpg 150w, https:\/\/softplaysupply.com\/wp-content\/uploads\/2026\/01\/dinosaur-themed-playground-11-12x12.jpg 12w\" sizes=\"auto, (max-width: 749px) 100vw, 749px\" \/> <img loading=\"lazy\" decoding=\"async\" class=\"alignnone size-full wp-image-3563\" src=\"https:\/\/softplaysupply.com\/wp-content\/uploads\/2026\/01\/dinosaur-themed-playground-12.jpg\" alt=\"\" width=\"800\" height=\"700\" srcset=\"https:\/\/softplaysupply.com\/wp-content\/uploads\/2026\/01\/dinosaur-themed-playground-12.jpg 800w, https:\/\/softplaysupply.com\/wp-content\/uploads\/2026\/01\/dinosaur-themed-playground-12-300x263.jpg 300w, https:\/\/softplaysupply.com\/wp-content\/uploads\/2026\/01\/dinosaur-themed-playground-12-768x672.jpg 768w, https:\/\/softplaysupply.com\/wp-content\/uploads\/2026\/01\/dinosaur-themed-playground-12-14x12.jpg 14w\" sizes=\"auto, (max-width: 800px) 100vw, 800px\" \/> <img loading=\"lazy\" decoding=\"async\" class=\"alignnone size-full wp-image-3560\" src=\"https:\/\/softplaysupply.com\/wp-content\/uploads\/2026\/01\/dinosaur-themed-playground-9.jpg\" alt=\"\" width=\"790\" height=\"1063\" srcset=\"https:\/\/softplaysupply.com\/wp-content\/uploads\/2026\/01\/dinosaur-themed-playground-9.jpg 790w, https:\/\/softplaysupply.com\/wp-content\/uploads\/2026\/01\/dinosaur-themed-playground-9-223x300.jpg 223w, https:\/\/softplaysupply.com\/wp-content\/uploads\/2026\/01\/dinosaur-themed-playground-9-761x1024.jpg 761w, https:\/\/softplaysupply.com\/wp-content\/uploads\/2026\/01\/dinosaur-themed-playground-9-768x1033.jpg 768w, https:\/\/softplaysupply.com\/wp-content\/uploads\/2026\/01\/dinosaur-themed-playground-9-9x12.jpg 9w\" sizes=\"auto, (max-width: 790px) 100vw, 790px\" \/> <img loading=\"lazy\" decoding=\"async\" class=\"alignnone size-full wp-image-3561\" src=\"https:\/\/softplaysupply.com\/wp-content\/uploads\/2026\/01\/dinosaur-themed-playground-10.jpg\" alt=\"\" width=\"638\" height=\"768\" srcset=\"https:\/\/softplaysupply.com\/wp-content\/uploads\/2026\/01\/dinosaur-themed-playground-10.jpg 638w, https:\/\/softplaysupply.com\/wp-content\/uploads\/2026\/01\/dinosaur-themed-playground-10-249x300.jpg 249w, https:\/\/softplaysupply.com\/wp-content\/uploads\/2026\/01\/dinosaur-themed-playground-10-10x12.jpg 10w\" sizes=\"auto, (max-width: 638px) 100vw, 638px\" \/><\/p>\n<p style=\"font-size: 28px; font-weight: bold; color: #2e7d32; margin: 70px 0 25px; text-align: left;\">Produkt-Parameter<\/p>\n<div style=\"margin: 0 0 60px;\">\n<p style=\"font-size: 19px; font-weight: bold; color: #1a5c38; margin: 0 0 12px; text-align: left;\">Produkt<\/p>\n<p style=\"font-size: 17px; color: #424242; margin: 0 0 25px; padding-left: 20px; text-align: left;\">Kinderspielplatz f\u00fcr drinnen<\/p>\n<p style=\"font-size: 19px; font-weight: bold; color: #1a5c38; margin: 0 0 12px; text-align: left;\">Gr\u00f6\u00dfe\/Farbe<\/p>\n<p style=\"font-size: 17px; color: #424242; margin: 0 0 25px; padding-left: 20px; text-align: left;\">Ma\u00dfgeschneidert<\/p>\n<p style=\"font-size: 19px; font-weight: bold; color: #1a5c38; margin: 0 0 12px; text-align: left;\">Zertifikate<\/p>\n<p style=\"font-size: 17px; color: #424242; margin: 0 0 25px; padding-left: 20px; text-align: left;\">CE, ISO 9001, ISO 8124, EN 1176, STU usw.<\/p>\n<p style=\"font-size: 19px; font-weight: bold; color: #1a5c38; margin: 0 0 12px; text-align: left;\">Altersgruppe<\/p>\n<p style=\"font-size: 17px; color: #424242; margin: 0 0 25px; padding-left: 20px; text-align: left;\">3\u201315 Jahre alt<\/p>\n<p style=\"font-size: 19px; font-weight: bold; color: #1a5c38; margin: 0 0 12px; text-align: left;\">Hauptmaterial<\/p>\n<p style=\"font-size: 17px; color: #424242; margin: 0 0 25px; padding-left: 20px; text-align: left;\">Verzinktes Stahlrohr + hochdichtes Sperrholz oder Kunststoff + hochdichte EPE-F\u00fcllung + hochwertige PU-Beschichtung + rostfreie Beschl\u00e4ge<\/p>\n<p style=\"font-size: 19px; font-weight: bold; color: #1a5c38; margin: 0 0 12px; text-align: left;\">Verf\u00fcgbare Themen<\/p>\n<p style=\"font-size: 17px; color: #424242; margin: 0 0 25px; padding-left: 20px; text-align: left;\">Weltraum, S\u00fc\u00dfigkeiten, Ozean, Macaron, Wald, Romantischer Schnee, Britisch, Trampolin-Serie, Dinosaurier usw.<\/p>\n<p style=\"font-size: 19px; font-weight: bold; color: #1a5c38; margin: 0 0 12px; text-align: left;\">Installation<\/p>\n<p style=\"font-size: 17px; color: #424242; margin: 0 0 25px; padding-left: 20px; text-align: left;\">Professioneller CAD-Unterricht, Montageverfahren und Projektbeispiele<\/p>\n<p style=\"font-size: 19px; font-weight: bold; color: #1a5c38; margin: 0 0 12px; text-align: left;\">Verpackung<\/p>\n<p style=\"font-size: 17px; color: #424242; margin: 0 0 25px; padding-left: 20px; text-align: left;\">Standard-Exportverpackung<\/p>\n<p style=\"font-size: 19px; font-weight: bold; color: #1a5c38; margin: 0 0 12px; text-align: left;\">Vorteile<\/p>\n<p style=\"font-size: 17px; color: #424242; margin: 0 0 25px; padding-left: 20px; text-align: left;\">Rissfest, lichtbest\u00e4ndig, ungiftig, UV-best\u00e4ndig<\/p>\n<p style=\"font-size: 19px; font-weight: bold; color: #1a5c38; margin: 0 0 12px; text-align: left;\">Zonen oder Attraktionen<\/p>\n<p style=\"font-size: 17px; color: #424242; margin: 0 0 25px; padding-left: 20px; text-align: left;\">Sandbecken, B\u00e4llebad, EPP-Schaumstoff-Bausteine, Eisenkettenbr\u00fccke, Elektrofahrrad, Drehk\u00fcbel, Yogaball, Karussell, Ballschaukel, weiche Dreh-Kokosnussbaum, Seilbr\u00fccke, Boxschaukel, Ballblaster, Weltraumtunnel, Kriechtunnel, aufblasbarer Boxring, H\u00fcpfburg<\/p>\n<p style=\"font-size: 19px; font-weight: bold; color: #1a5c38; margin: 0 0 12px; text-align: left;\">Lieferzeit<\/p>\n<p style=\"font-size: 17px; color: #424242; margin: 0 0 25px; padding-left: 20px; text-align: left;\">30 Tage<\/p>\n<\/div>\n<p style=\"font-size: 28px; font-weight: bold; color: #2e7d32; margin: 70px 0 25px; text-align: left;\">Warum Sie sich f\u00fcr uns entscheiden sollten<\/p>\n<div style=\"margin: 0 0 60px;\">\n<p style=\"font-size: 20px; font-weight: bold; color: #1a5c38; margin: 0 0 15px; text-align: left;\">\u2022 Quelle Fabrik &amp; hohe Kosteneffizienz<\/p>\n<p style=\"font-size: 17px; color: #424242; margin: 0 0 30px; text-align: left;\">Smart Sports ist der direkte Hersteller, der eine ausreichende Versorgung und die wettbewerbsf\u00e4higsten Preise f\u00fcr einen sorgenfreien Einkauf bietet.<\/p>\n<p style=\"font-size: 20px; font-weight: bold; color: #1a5c38; margin: 0 0 15px; text-align: left;\">\u2022 Innovationsf\u00fchrerschaft<\/p>\n<p style=\"font-size: 17px; color: #424242; margin: 0 0 30px; text-align: left;\">Kontinuierliche Forschung und Entwicklung sorgen f\u00fcr technologische Fortschritte und Verbesserungen in allen Abteilungen und steigern so die Produktqualit\u00e4t und Effizienz.<\/p>\n<p style=\"font-size: 20px; font-weight: bold; color: #1a5c38; margin: 0 0 15px; text-align: left;\">\u2022 Exzellenz und hochwertige Produkte<\/p>\n<p style=\"font-size: 17px; color: #424242; margin: 0 0 30px; text-align: left;\">Strenge Produktkontrollen garantieren eine lange Lebensdauer und eine geringe R\u00fccklaufquote und sorgen so f\u00fcr \u00e4u\u00dferst zuverl\u00e4ssige Spielpl\u00e4tze.<\/p>\n<p style=\"font-size: 20px; font-weight: bold; color: #1a5c38; margin: 0 0 15px; text-align: left;\">\u2022 Komplettservice und Kundendienst<\/p>\n<p style=\"font-size: 17px; color: #424242; margin: 0 0 30px; text-align: left;\">Wir bieten umfassende Beschaffungsdienstleistungen, von der Konzeption und Produktion bis hin zur Installation und zum Kundendienst, und sorgen so f\u00fcr die Zufriedenheit unserer gewerblichen Kunden.<\/p>\n<\/div>\n<div style=\"margin: 80px 0 40px; padding: 50px 35px; background: linear-gradient(135deg, #e8f5e9, #f0fff0); border-radius: 30px; text-align: left;\">\n<p style=\"font-size: 26px; font-weight: bold; color: #1a5c38; margin: 0 0 25px;\">Sind Sie bereit, die pr\u00e4historische Welt an Ihren Veranstaltungsort zu holen?<\/p>\n<p style=\"font-size: 20px; font-weight: 600; color: #2e7d32; margin: 0;\">Kontaktieren Sie uns noch heute f\u00fcr Ihren ganz individuell gestalteten Spielplatz zum Thema Dinosaurier!<\/p>\n<p><iframe loading=\"lazy\" title=\"Dinosaurier-Abenteuer-Indoor-Spielplatz mit Rutschen und B\u00e4llebad f\u00fcr Kinder #dinosaurthemedplayground\" width=\"563\" height=\"1000\" src=\"https:\/\/www.youtube.com\/embed\/Qbyyu4XOd5k?feature=oembed\" frameborder=\"0\" allow=\"accelerometer; autoplay; clipboard-write; encrypted-media; gyroscope; picture-in-picture; web-share\" referrerpolicy=\"strict-origin-when-cross-origin\" allowfullscreen><\/iframe><\/p>\n<\/div>","protected":false},"excerpt":{"rendered":"<p>Erleben Sie pr\u00e4historische Abenteuer hautnah mit unserem Dinosaurier-Spielplatz \u2013 einem lebendigen und fesselnden Indoor-Spielerlebnis, das Kinder jeden Alters begeistert und mitrei\u00dft. Dieser Spielplatz verwandelt jede kommerzielle Spielzone in eine pr\u00e4historische Welt, in der Kinder klettern, rutschen, krabbeln und zwischen lebensechten Dinosaurier-Strukturen auf Entdeckungsreise gehen k\u00f6nnen. Mit mehrst\u00f6ckigen Rutschen, B\u00e4llebecken, Kletterger\u00fcsten ...<\/p>","protected":false},"featured_media":3562,"parent":0,"template":"","meta":{"_acf_changed":false,"_kad_blocks_custom_css":"","_kad_blocks_head_custom_js":"","_kad_blocks_body_custom_js":"","_kad_blocks_footer_custom_js":"","_kadence_starter_templates_imported_post":false,"_kad_post_transparent":"default","_kad_post_title":"","_kad_post_layout":"default","_kad_post_sidebar_id":"","_kad_post_content_style":"default","_kad_post_vertical_padding":"default","_kad_post_feature":"","_kad_post_feature_position":"","_kad_post_header":false,"_kad_post_footer":false},"pcategory":[5,34],"ptag":[],"class_list":["post-3551","product","type-product","status-publish","has-post-thumbnail","hentry","pcategory-indoor-playground-equipment","pcategory-themed-playground"],"acf":[],"yoast_head":"<!-- This site is optimized with the Yoast SEO plugin v26.8 - https:\/\/yoast.com\/product\/yoast-seo-wordpress\/ -->\n<title>Custom Dinosaur Themed Indoor Playground Gym Equipment for Commercial Play Zones<\/title>\n<meta name=\"robots\" content=\"index, follow, max-snippet:-1, max-image-preview:large, max-video-preview:-1\" \/>\n<link rel=\"canonical\" href=\"https:\/\/softplaysupply.com\/de\/produkt\/custom-dinosaur-themed-indoor-playground\/\" \/>\n<meta property=\"og:locale\" content=\"de_DE\" \/>\n<meta property=\"og:type\" content=\"article\" \/>\n<meta property=\"og:title\" content=\"Custom Dinosaur Themed Indoor Playground Gym Equipment for Commercial Play Zones\" \/>\n<meta property=\"og:description\" content=\"Bring prehistoric adventure to life with our dinosaur themed playground a vibrant and immersive indoor play experience designed to thrill and engage children of all ages. This playground transforms any commercial play zone into a prehistoric world where kids can climb, slide, crawl, and explore among life-like dinosaur-themed structures. Featuring multi-level slides, ball pits, climbing...\" \/>\n<meta property=\"og:url\" content=\"https:\/\/softplaysupply.com\/de\/produkt\/custom-dinosaur-themed-indoor-playground\/\" \/>\n<meta property=\"og:site_name\" content=\"Nanpak\" \/>\n<meta property=\"og:image\" content=\"https:\/\/softplaysupply.com\/wp-content\/uploads\/2026\/01\/dinosaur-themed-playground-11.jpg\" \/>\n\t<meta property=\"og:image:width\" content=\"749\" \/>\n\t<meta property=\"og:image:height\" content=\"749\" \/>\n\t<meta property=\"og:image:type\" content=\"image\/jpeg\" \/>\n<meta name=\"twitter:card\" content=\"summary_large_image\" \/>\n<meta name=\"twitter:label1\" content=\"Gesch\u00e4tzte Lesezeit\" \/>\n\t<meta name=\"twitter:data1\" content=\"4\u00a0Minuten\" \/>\n<script type=\"application\/ld+json\" class=\"yoast-schema-graph\">{\"@context\":\"https:\/\/schema.org\",\"@graph\":[{\"@type\":\"WebPage\",\"@id\":\"https:\/\/softplaysupply.com\/product\/custom-dinosaur-themed-indoor-playground\/\",\"url\":\"https:\/\/softplaysupply.com\/product\/custom-dinosaur-themed-indoor-playground\/\",\"name\":\"Custom Dinosaur Themed Indoor Playground Gym Equipment for Commercial Play Zones\",\"isPartOf\":{\"@id\":\"https:\/\/softplaysupply.com\/#website\"},\"primaryImageOfPage\":{\"@id\":\"https:\/\/softplaysupply.com\/product\/custom-dinosaur-themed-indoor-playground\/#primaryimage\"},\"image\":{\"@id\":\"https:\/\/softplaysupply.com\/product\/custom-dinosaur-themed-indoor-playground\/#primaryimage\"},\"thumbnailUrl\":\"https:\/\/softplaysupply.com\/wp-content\/uploads\/2026\/01\/dinosaur-themed-playground-11.jpg\",\"datePublished\":\"2026-01-31T06:12:11+00:00\",\"breadcrumb\":{\"@id\":\"https:\/\/softplaysupply.com\/product\/custom-dinosaur-themed-indoor-playground\/#breadcrumb\"},\"inLanguage\":\"de\",\"potentialAction\":[{\"@type\":\"ReadAction\",\"target\":[\"https:\/\/softplaysupply.com\/product\/custom-dinosaur-themed-indoor-playground\/\"]}]},{\"@type\":\"ImageObject\",\"inLanguage\":\"de\",\"@id\":\"https:\/\/softplaysupply.com\/product\/custom-dinosaur-themed-indoor-playground\/#primaryimage\",\"url\":\"https:\/\/softplaysupply.com\/wp-content\/uploads\/2026\/01\/dinosaur-themed-playground-11.jpg\",\"contentUrl\":\"https:\/\/softplaysupply.com\/wp-content\/uploads\/2026\/01\/dinosaur-themed-playground-11.jpg\",\"width\":749,\"height\":749,\"caption\":\"dinosaur themed playground\"},{\"@type\":\"BreadcrumbList\",\"@id\":\"https:\/\/softplaysupply.com\/product\/custom-dinosaur-themed-indoor-playground\/#breadcrumb\",\"itemListElement\":[{\"@type\":\"ListItem\",\"position\":1,\"name\":\"Home\",\"item\":\"https:\/\/softplaysupply.com\/\"},{\"@type\":\"ListItem\",\"position\":2,\"name\":\"Indoor Playground Equipment\",\"item\":\"https:\/\/softplaysupply.com\/pcategory\/indoor-playground-equipment\/\"},{\"@type\":\"ListItem\",\"position\":3,\"name\":\"Custom Dinosaur Themed Indoor Playground Gym Equipment for Commercial Play Zones\"}]},{\"@type\":\"WebSite\",\"@id\":\"https:\/\/softplaysupply.com\/#website\",\"url\":\"https:\/\/softplaysupply.com\/\",\"name\":\"Soft Play Supplier\",\"description\":\"Soft Play Supplier\",\"publisher\":{\"@id\":\"https:\/\/softplaysupply.com\/#organization\"},\"potentialAction\":[{\"@type\":\"SearchAction\",\"target\":{\"@type\":\"EntryPoint\",\"urlTemplate\":\"https:\/\/softplaysupply.com\/?s={search_term_string}\"},\"query-input\":{\"@type\":\"PropertyValueSpecification\",\"valueRequired\":true,\"valueName\":\"search_term_string\"}}],\"inLanguage\":\"de\"},{\"@type\":\"Organization\",\"@id\":\"https:\/\/softplaysupply.com\/#organization\",\"name\":\"Nanpak\",\"url\":\"https:\/\/softplaysupply.com\/\",\"logo\":{\"@type\":\"ImageObject\",\"inLanguage\":\"de\",\"@id\":\"https:\/\/softplaysupply.com\/#\/schema\/logo\/image\/\",\"url\":\"https:\/\/softplaysupply.com\/wp-content\/uploads\/2025\/12\/cropped-mobile-logo.png\",\"contentUrl\":\"https:\/\/softplaysupply.com\/wp-content\/uploads\/2025\/12\/cropped-mobile-logo.png\",\"width\":263,\"height\":84,\"caption\":\"Nanpak\"},\"image\":{\"@id\":\"https:\/\/softplaysupply.com\/#\/schema\/logo\/image\/\"}}]}<\/script>\n<!-- \/ Yoast SEO plugin. -->","yoast_head_json":{"title":"Ma\u00dfgeschneiderte Indoor-Spielplatzger\u00e4te mit Dinosaurier-Motiven f\u00fcr kommerzielle Spielbereiche","robots":{"index":"index","follow":"follow","max-snippet":"max-snippet:-1","max-image-preview":"max-image-preview:large","max-video-preview":"max-video-preview:-1"},"canonical":"https:\/\/softplaysupply.com\/de\/produkt\/custom-dinosaur-themed-indoor-playground\/","og_locale":"de_DE","og_type":"article","og_title":"Custom Dinosaur Themed Indoor Playground Gym Equipment for Commercial Play Zones","og_description":"Bring prehistoric adventure to life with our dinosaur themed playground a vibrant and immersive indoor play experience designed to thrill and engage children of all ages. This playground transforms any commercial play zone into a prehistoric world where kids can climb, slide, crawl, and explore among life-like dinosaur-themed structures. Featuring multi-level slides, ball pits, climbing...","og_url":"https:\/\/softplaysupply.com\/de\/produkt\/custom-dinosaur-themed-indoor-playground\/","og_site_name":"Nanpak","og_image":[{"width":749,"height":749,"url":"https:\/\/softplaysupply.com\/wp-content\/uploads\/2026\/01\/dinosaur-themed-playground-11.jpg","type":"image\/jpeg"}],"twitter_card":"summary_large_image","twitter_misc":{"Gesch\u00e4tzte Lesezeit":"4\u00a0Minuten"},"schema":{"@context":"https:\/\/schema.org","@graph":[{"@type":"WebPage","@id":"https:\/\/softplaysupply.com\/product\/custom-dinosaur-themed-indoor-playground\/","url":"https:\/\/softplaysupply.com\/product\/custom-dinosaur-themed-indoor-playground\/","name":"Ma\u00dfgeschneiderte Indoor-Spielplatzger\u00e4te mit Dinosaurier-Motiven f\u00fcr kommerzielle Spielbereiche","isPartOf":{"@id":"https:\/\/softplaysupply.com\/#website"},"primaryImageOfPage":{"@id":"https:\/\/softplaysupply.com\/product\/custom-dinosaur-themed-indoor-playground\/#primaryimage"},"image":{"@id":"https:\/\/softplaysupply.com\/product\/custom-dinosaur-themed-indoor-playground\/#primaryimage"},"thumbnailUrl":"https:\/\/softplaysupply.com\/wp-content\/uploads\/2026\/01\/dinosaur-themed-playground-11.jpg","datePublished":"2026-01-31T06:12:11+00:00","breadcrumb":{"@id":"https:\/\/softplaysupply.com\/product\/custom-dinosaur-themed-indoor-playground\/#breadcrumb"},"inLanguage":"de","potentialAction":[{"@type":"ReadAction","target":["https:\/\/softplaysupply.com\/product\/custom-dinosaur-themed-indoor-playground\/"]}]},{"@type":"ImageObject","inLanguage":"de","@id":"https:\/\/softplaysupply.com\/product\/custom-dinosaur-themed-indoor-playground\/#primaryimage","url":"https:\/\/softplaysupply.com\/wp-content\/uploads\/2026\/01\/dinosaur-themed-playground-11.jpg","contentUrl":"https:\/\/softplaysupply.com\/wp-content\/uploads\/2026\/01\/dinosaur-themed-playground-11.jpg","width":749,"height":749,"caption":"dinosaur themed playground"},{"@type":"BreadcrumbList","@id":"https:\/\/softplaysupply.com\/product\/custom-dinosaur-themed-indoor-playground\/#breadcrumb","itemListElement":[{"@type":"ListItem","position":1,"name":"Home","item":"https:\/\/softplaysupply.com\/"},{"@type":"ListItem","position":2,"name":"Indoor Playground Equipment","item":"https:\/\/softplaysupply.com\/pcategory\/indoor-playground-equipment\/"},{"@type":"ListItem","position":3,"name":"Custom Dinosaur Themed Indoor Playground Gym Equipment for Commercial Play Zones"}]},{"@type":"WebSite","@id":"https:\/\/softplaysupply.com\/#website","url":"https:\/\/softplaysupply.com\/","name":"Anbieter von Softplay-Spielger\u00e4ten","description":"Anbieter von Softplay-Spielger\u00e4ten","publisher":{"@id":"https:\/\/softplaysupply.com\/#organization"},"potentialAction":[{"@type":"SearchAction","target":{"@type":"EntryPoint","urlTemplate":"https:\/\/softplaysupply.com\/?s={search_term_string}"},"query-input":{"@type":"PropertyValueSpecification","valueRequired":true,"valueName":"search_term_string"}}],"inLanguage":"de"},{"@type":"Organization","@id":"https:\/\/softplaysupply.com\/#organization","name":"Nanpak","url":"https:\/\/softplaysupply.com\/","logo":{"@type":"ImageObject","inLanguage":"de","@id":"https:\/\/softplaysupply.com\/#\/schema\/logo\/image\/","url":"https:\/\/softplaysupply.com\/wp-content\/uploads\/2025\/12\/cropped-mobile-logo.png","contentUrl":"https:\/\/softplaysupply.com\/wp-content\/uploads\/2025\/12\/cropped-mobile-logo.png","width":263,"height":84,"caption":"Nanpak"},"image":{"@id":"https:\/\/softplaysupply.com\/#\/schema\/logo\/image\/"}}]}},"taxonomy_info":{"pcategory":[{"value":5,"label":"Indoor Playground Equipment"},{"value":34,"label":"Themed Playground"}]},"featured_image_src_large":["https:\/\/softplaysupply.com\/wp-content\/uploads\/2026\/01\/dinosaur-themed-playground-11.jpg",749,749,false],"author_info":[],"comment_info":"","_links":{"self":[{"href":"https:\/\/softplaysupply.com\/de\/wp-json\/wp\/v2\/product\/3551","targetHints":{"allow":["GET"]}}],"collection":[{"href":"https:\/\/softplaysupply.com\/de\/wp-json\/wp\/v2\/product"}],"about":[{"href":"https:\/\/softplaysupply.com\/de\/wp-json\/wp\/v2\/types\/product"}],"wp:featuredmedia":[{"embeddable":true,"href":"https:\/\/softplaysupply.com\/de\/wp-json\/wp\/v2\/media\/3562"}],"wp:attachment":[{"href":"https:\/\/softplaysupply.com\/de\/wp-json\/wp\/v2\/media?parent=3551"}],"wp:term":[{"taxonomy":"pcategory","embeddable":true,"href":"https:\/\/softplaysupply.com\/de\/wp-json\/wp\/v2\/pcategory?post=3551"},{"taxonomy":"ptag","embeddable":true,"href":"https:\/\/softplaysupply.com\/de\/wp-json\/wp\/v2\/ptag?post=3551"}],"curies":[{"name":"wp","href":"https:\/\/api.w.org\/{rel}","templated":true}]}}