{"id":3507,"date":"2026-01-22T03:05:48","date_gmt":"2026-01-22T03:05:48","guid":{"rendered":"https:\/\/softplaysupply.com\/?post_type=product&#038;p=3507"},"modified":"2025-12-25T03:24:33","modified_gmt":"2025-12-25T03:24:33","slug":"farm-barn-theme-playground","status":"publish","type":"product","link":"https:\/\/softplaysupply.com\/de\/produkt\/farm-barn-theme-playground\/","title":{"rendered":"Spielplatz-Simulationsausr\u00fcstung zum Thema Bauernhofscheune f\u00fcr Indoor-Kinderspielbereiche"},"content":{"rendered":"<div class=\"entry-content-asset videofit\"><iframe loading=\"lazy\" title=\"Spielger\u00e4te mit Bauernhof-Motiven\" width=\"720\" height=\"405\" src=\"https:\/\/www.youtube.com\/embed\/rUWWvkI2DDg?feature=oembed\" frameborder=\"0\" allow=\"accelerometer; autoplay; clipboard-write; encrypted-media; gyroscope; picture-in-picture; web-share\" referrerpolicy=\"strict-origin-when-cross-origin\" allowfullscreen><\/iframe><\/div>\n<div style=\"background: #fff8e7; border-left: 5px solid #d2691e; padding: 25px; margin: 30px 0; border-radius: 8px;\">\n<p style=\"font-size: 17px; color: #444;\">Spielplatz-Simulationsausr\u00fcstung zum Thema Bauernhofscheune f\u00fcr Indoor-Kinderspielbereiche, hergestellt aus hochwertigen Materialien wie Holz, PVC, Nylon, Pl\u00fcsch, PE, ABS und mehr, dieser Bauernhof...<a href=\"https:\/\/softplaysupply.com\/de\/pcategory\/indoor-playground-equipment\/themed-playground\/\" data-internallinksmanager029f6b8e52c=\"7\" title=\"Themen-Spielplatz\" target=\"_blank\" rel=\"noopener\">Themen-Spielplatz<\/a> Die Ger\u00e4te sind auf Langlebigkeit ausgelegt. Unsere Ger\u00e4te erf\u00fcllen alle erforderlichen Sicherheits- und Leistungsstandards, einschlie\u00dflich CE- und ISO9001-Zertifizierungen, sodass Eltern und Facility-Manager sich keine Sorgen machen m\u00fcssen. Der Spielplatz im Bauernhof-Design verf\u00fcgt \u00fcber verschiedene interaktive Elemente wie Scheunen, Tiere, Bauernh\u00e4user und Spielbereiche, die zu fantasievollen Rollenspielen, kreativer Erkundung und der Entwicklung motorischer F\u00e4higkeiten anregen.<\/p>\n<p><img loading=\"lazy\" decoding=\"async\" class=\"alignnone size-full wp-image-3521\" src=\"https:\/\/softplaysupply.com\/wp-content\/uploads\/2026\/01\/Farm-Barn-Theme-Playground-13.jpg\" alt=\"\" width=\"750\" height=\"627\" srcset=\"https:\/\/softplaysupply.com\/wp-content\/uploads\/2026\/01\/Farm-Barn-Theme-Playground-13.jpg 750w, https:\/\/softplaysupply.com\/wp-content\/uploads\/2026\/01\/Farm-Barn-Theme-Playground-13-300x251.jpg 300w, https:\/\/softplaysupply.com\/wp-content\/uploads\/2026\/01\/Farm-Barn-Theme-Playground-13-14x12.jpg 14w\" sizes=\"auto, (max-width: 750px) 100vw, 750px\" \/><img loading=\"lazy\" decoding=\"async\" class=\"alignnone size-full wp-image-3519\" src=\"https:\/\/softplaysupply.com\/wp-content\/uploads\/2026\/01\/Farm-Barn-Theme-Playground-11.jpg\" alt=\"\" width=\"750\" height=\"731\" srcset=\"https:\/\/softplaysupply.com\/wp-content\/uploads\/2026\/01\/Farm-Barn-Theme-Playground-11.jpg 750w, https:\/\/softplaysupply.com\/wp-content\/uploads\/2026\/01\/Farm-Barn-Theme-Playground-11-300x292.jpg 300w, https:\/\/softplaysupply.com\/wp-content\/uploads\/2026\/01\/Farm-Barn-Theme-Playground-11-12x12.jpg 12w\" sizes=\"auto, (max-width: 750px) 100vw, 750px\" \/> <img loading=\"lazy\" decoding=\"async\" class=\"alignnone size-full wp-image-3514\" src=\"https:\/\/softplaysupply.com\/wp-content\/uploads\/2026\/01\/Farm-Barn-Theme-Playground-7.jpg\" alt=\"\" width=\"750\" height=\"521\" srcset=\"https:\/\/softplaysupply.com\/wp-content\/uploads\/2026\/01\/Farm-Barn-Theme-Playground-7.jpg 750w, https:\/\/softplaysupply.com\/wp-content\/uploads\/2026\/01\/Farm-Barn-Theme-Playground-7-300x208.jpg 300w, https:\/\/softplaysupply.com\/wp-content\/uploads\/2026\/01\/Farm-Barn-Theme-Playground-7-18x12.jpg 18w\" sizes=\"auto, (max-width: 750px) 100vw, 750px\" \/> <img loading=\"lazy\" decoding=\"async\" class=\"alignnone size-full wp-image-3510\" src=\"https:\/\/softplaysupply.com\/wp-content\/uploads\/2026\/01\/Farm-Barn-Theme-Playground-3.jpg\" alt=\"\" width=\"750\" height=\"942\" srcset=\"https:\/\/softplaysupply.com\/wp-content\/uploads\/2026\/01\/Farm-Barn-Theme-Playground-3.jpg 750w, https:\/\/softplaysupply.com\/wp-content\/uploads\/2026\/01\/Farm-Barn-Theme-Playground-3-239x300.jpg 239w, https:\/\/softplaysupply.com\/wp-content\/uploads\/2026\/01\/Farm-Barn-Theme-Playground-3-10x12.jpg 10w\" sizes=\"auto, (max-width: 750px) 100vw, 750px\" \/> <img loading=\"lazy\" decoding=\"async\" class=\"alignnone size-full wp-image-3509\" src=\"https:\/\/softplaysupply.com\/wp-content\/uploads\/2026\/01\/Farm-Barn-Theme-Playground-2.jpg\" alt=\"\" width=\"750\" height=\"855\" srcset=\"https:\/\/softplaysupply.com\/wp-content\/uploads\/2026\/01\/Farm-Barn-Theme-Playground-2.jpg 750w, https:\/\/softplaysupply.com\/wp-content\/uploads\/2026\/01\/Farm-Barn-Theme-Playground-2-263x300.jpg 263w, https:\/\/softplaysupply.com\/wp-content\/uploads\/2026\/01\/Farm-Barn-Theme-Playground-2-11x12.jpg 11w\" sizes=\"auto, (max-width: 750px) 100vw, 750px\" \/> <img loading=\"lazy\" decoding=\"async\" class=\"alignnone size-full wp-image-3508\" src=\"https:\/\/softplaysupply.com\/wp-content\/uploads\/2026\/01\/Farm-Barn-Theme-Playground-1.jpg\" alt=\"\" width=\"750\" height=\"311\" srcset=\"https:\/\/softplaysupply.com\/wp-content\/uploads\/2026\/01\/Farm-Barn-Theme-Playground-1.jpg 750w, https:\/\/softplaysupply.com\/wp-content\/uploads\/2026\/01\/Farm-Barn-Theme-Playground-1-300x124.jpg 300w, https:\/\/softplaysupply.com\/wp-content\/uploads\/2026\/01\/Farm-Barn-Theme-Playground-1-18x7.jpg 18w\" sizes=\"auto, (max-width: 750px) 100vw, 750px\" \/> <img loading=\"lazy\" decoding=\"async\" class=\"alignnone size-full wp-image-3516\" src=\"https:\/\/softplaysupply.com\/wp-content\/uploads\/2026\/01\/Farm-Barn-Theme-Playground-8-1.jpg\" alt=\"\" width=\"750\" height=\"528\" srcset=\"https:\/\/softplaysupply.com\/wp-content\/uploads\/2026\/01\/Farm-Barn-Theme-Playground-8-1.jpg 750w, https:\/\/softplaysupply.com\/wp-content\/uploads\/2026\/01\/Farm-Barn-Theme-Playground-8-1-300x211.jpg 300w, https:\/\/softplaysupply.com\/wp-content\/uploads\/2026\/01\/Farm-Barn-Theme-Playground-8-1-18x12.jpg 18w\" sizes=\"auto, (max-width: 750px) 100vw, 750px\" \/><\/p>\n<p style=\"font-size: 17px; color: #444; margin-top: 20px;\">Der Spielplatz ist anpassbar, mit flexiblen Gr\u00f6\u00dfenoptionen und personalisierten Designs. Ganz gleich, ob Sie einen kleinen Spielbereich oder einen gro\u00dfen Indoor-Spielplatz planen, wir k\u00f6nnen die Ausstattung genau auf Ihren Platz zuschneiden. Unser Spielplatz im Bauernhof-Design kann um gr\u00f6\u00dfere Elemente wie Heuballen, Traktorfahrten und Bauernhoftierfiguren erweitert werden und eignet sich somit perfekt f\u00fcr gr\u00f6\u00dfere Umgebungen wie Vergn\u00fcgungsparks oder Unterhaltungszentren. Wir bieten einen kostenlosen Design-Service und Sie erhalten noch am selben Tag einen ersten Entwurf, damit Ihre Vision schnell Wirklichkeit wird.<\/p>\n<\/div>\n<p style=\"font-size: 24px; font-weight: bold; color: #8b4513; margin: 50px 0 25px; text-align: center;\">Warum Sie sich f\u00fcr uns entscheiden sollten:<\/p>\n<div style=\"display: grid; grid-template-columns: repeat(auto-fit, minmax(280px, 1fr)); gap: 25px; margin: 30px 0;\">\n<div style=\"background: #fef5e7; padding: 25px; border-radius: 12px; border: 2px solid #deb887; text-align: center;\">\n<p style=\"font-size: 18px; font-weight: bold; color: #a0522d; margin: 0;\">1. Vollst\u00e4ndig anpassbarer Service mit pers\u00f6nlicher Beratung.<\/p>\n<\/div>\n<div style=\"background: #fef5e7; padding: 25px; border-radius: 12px; border: 2px solid #deb887; text-align: center;\">\n<p style=\"font-size: 18px; font-weight: bold; color: #a0522d; margin: 0;\">2. Die Ger\u00e4te erf\u00fcllen internationale Sicherheits- und Leistungsstandards mit CE, ISO9001 und \u00fcber 80 Patenten und Zertifizierungen.<\/p>\n<\/div>\n<div style=\"background: #fef5e7; padding: 25px; border-radius: 12px; border: 2px solid #deb887; text-align: center;\">\n<p style=\"font-size: 18px; font-weight: bold; color: #a0522d; margin: 0;\">3. Technischer Support vor Ort f\u00fcr Installation und Wartung.<\/p>\n<\/div>\n<div style=\"background: #fef5e7; padding: 25px; border-radius: 12px; border: 2px solid #deb887; text-align: center;\">\n<p style=\"font-size: 18px; font-weight: bold; color: #a0522d; margin: 0;\">4. Erschwingliche Preise f\u00fcr jedes Budget, ohne Abstriche bei der Qualit\u00e4t.<\/p>\n<\/div>\n<\/div>\n<p style=\"font-size: 24px; font-weight: bold; color: #8b4513; margin: 60px 0 30px; text-align: center;\">Ideal f\u00fcr:<\/p>\n<ul style=\"list-style: none; padding: 0; font-size: 17px; color: #444;\">\n<li style=\"margin: 18px 0; padding-left: 35px; position: relative;\"><span style=\"position: absolute; left: 0; color: #cd853f; font-size: 24px; line-height: 1;\">\u2022<\/span><strong style=\"color: #a0522d;\">Schulen:<\/strong> Bietet Kindern eine lehrreiche und zugleich unterhaltsame Erfahrung, um das Leben auf dem Bauernhof kennenzulernen.<\/li>\n<li style=\"margin: 18px 0; padding-left: 35px; position: relative;\"><span style=\"position: absolute; left: 0; color: #cd853f; font-size: 24px; line-height: 1;\">\u2022<\/span><strong style=\"color: #a0522d;\">G\u00e4rten und Parks:<\/strong> Verwandeln Sie Au\u00dfenbereiche in lebendige, von Bauernh\u00f6fen inspirierte Spielpl\u00e4tze.<\/li>\n<li style=\"margin: 18px 0; padding-left: 35px; position: relative;\"><span style=\"position: absolute; left: 0; color: #cd853f; font-size: 24px; line-height: 1;\">\u2022<\/span><strong style=\"color: #a0522d;\">Restaurants &amp; Einkaufszentren:<\/strong> Unterhaltung f\u00fcr Kinder, w\u00e4hrend die Eltern essen gehen oder einkaufen.<\/li>\n<li style=\"margin: 18px 0; padding-left: 35px; position: relative;\"><span style=\"position: absolute; left: 0; color: #cd853f; font-size: 24px; line-height: 1;\">\u2022<\/span><strong style=\"color: #a0522d;\">Hotels und Krankenh\u00e4user:<\/strong> Schaffung einer einladenden Atmosph\u00e4re f\u00fcr Familien, die auf Reisen sind oder zu Besuch kommen.<\/li>\n<li style=\"margin: 18px 0; padding-left: 35px; position: relative;\"><span style=\"position: absolute; left: 0; color: #cd853f; font-size: 24px; line-height: 1;\">\u2022<\/span><strong style=\"color: #a0522d;\">Gro\u00dfe Indoor-Spielpl\u00e4tze:<\/strong> Perfekt f\u00fcr gro\u00dfe R\u00e4ume, die ansprechende und weitl\u00e4ufige Spielbereiche f\u00fcr Kinder erfordern, wobei verschiedene Elemente zum Thema Bauernhof kombiniert werden, um maximalen Spa\u00df zu gew\u00e4hrleisten.<\/li>\n<\/ul>\n<p style=\"font-size: 20px; font-weight: bold; color: #8b4513; text-align: center; margin: 60px 0 20px; padding: 25px; background: #fff0e5; border-radius: 15px; border: 3px dashed #d2691e;\">Dieser Spielplatz im Scheunendesign ist die perfekte Wahl f\u00fcr die Gestaltung einer einzigartigen, vom Bauernhof inspirierten Spielzone, die Spa\u00df, Kreativit\u00e4t und Lernen miteinander verbindet.<\/p>","protected":false},"excerpt":{"rendered":"<p>Spielplatzger\u00e4te zum Thema Bauernhof f\u00fcr Indoor-Kinderspielpl\u00e4tze Diese Spielger\u00e4te zum Thema Bauernhof werden aus hochwertigen Materialien wie Holz, PVC, Nylon, Pl\u00fcsch, PE, ABS und mehr hergestellt und sind auf Langlebigkeit ausgelegt. Unsere Ger\u00e4te erf\u00fcllen alle erforderlichen Sicherheits- und Leistungsstandards, einschlie\u00dflich der CE- und ISO9001-Zertifizierungen, und bieten Eltern und Einrichtungen somit ein beruhigendes Gef\u00fchl.<\/p>","protected":false},"featured_media":3511,"parent":0,"template":"","meta":{"_acf_changed":false,"_kad_blocks_custom_css":"","_kad_blocks_head_custom_js":"","_kad_blocks_body_custom_js":"","_kad_blocks_footer_custom_js":"","_kadence_starter_templates_imported_post":false,"_kad_post_transparent":"default","_kad_post_title":"","_kad_post_layout":"default","_kad_post_sidebar_id":"","_kad_post_content_style":"default","_kad_post_vertical_padding":"default","_kad_post_feature":"","_kad_post_feature_position":"","_kad_post_header":false,"_kad_post_footer":false},"pcategory":[5,34],"ptag":[],"class_list":["post-3507","product","type-product","status-publish","has-post-thumbnail","hentry","pcategory-indoor-playground-equipment","pcategory-themed-playground"],"acf":[],"yoast_head":"<!-- This site is optimized with the Yoast SEO plugin v26.8 - https:\/\/yoast.com\/product\/yoast-seo-wordpress\/ -->\n<title>Farm Barn Theme Playground Simulation Equipment for Indoor Children&#039;s Play Area<\/title>\n<meta name=\"robots\" content=\"index, follow, max-snippet:-1, max-image-preview:large, max-video-preview:-1\" \/>\n<link rel=\"canonical\" href=\"https:\/\/softplaysupply.com\/de\/produkt\/farm-barn-theme-playground\/\" \/>\n<meta property=\"og:locale\" content=\"de_DE\" \/>\n<meta property=\"og:type\" content=\"article\" \/>\n<meta property=\"og:title\" content=\"Farm Barn Theme Playground Simulation Equipment for Indoor Children&#039;s Play Area\" \/>\n<meta property=\"og:description\" content=\"Farm Barn Theme Playground Simulation Equipment for Indoor Children&#8217;s Play Area crafted using high-quality materials such as wood, PVC, nylon, plush, PE, ABS, and more, this farm-themed playground equipment is built to last. Our equipment meets all required safety and performance standards, including CE and ISO9001 certifications, ensuring peace of mind for parents and facility...\" \/>\n<meta property=\"og:url\" content=\"https:\/\/softplaysupply.com\/de\/produkt\/farm-barn-theme-playground\/\" \/>\n<meta property=\"og:site_name\" content=\"Nanpak\" \/>\n<meta property=\"og:image\" content=\"https:\/\/softplaysupply.com\/wp-content\/uploads\/2026\/01\/Farm-Barn-Theme-Playground-4.jpg\" \/>\n\t<meta property=\"og:image:width\" content=\"750\" \/>\n\t<meta property=\"og:image:height\" content=\"750\" \/>\n\t<meta property=\"og:image:type\" content=\"image\/jpeg\" \/>\n<meta name=\"twitter:card\" content=\"summary_large_image\" \/>\n<meta name=\"twitter:label1\" content=\"Gesch\u00e4tzte Lesezeit\" \/>\n\t<meta name=\"twitter:data1\" content=\"3\u00a0Minuten\" \/>\n<script type=\"application\/ld+json\" class=\"yoast-schema-graph\">{\"@context\":\"https:\/\/schema.org\",\"@graph\":[{\"@type\":\"WebPage\",\"@id\":\"https:\/\/softplaysupply.com\/product\/farm-barn-theme-playground\/\",\"url\":\"https:\/\/softplaysupply.com\/product\/farm-barn-theme-playground\/\",\"name\":\"Farm Barn Theme Playground Simulation Equipment for Indoor Children's Play Area\",\"isPartOf\":{\"@id\":\"https:\/\/softplaysupply.com\/#website\"},\"primaryImageOfPage\":{\"@id\":\"https:\/\/softplaysupply.com\/product\/farm-barn-theme-playground\/#primaryimage\"},\"image\":{\"@id\":\"https:\/\/softplaysupply.com\/product\/farm-barn-theme-playground\/#primaryimage\"},\"thumbnailUrl\":\"https:\/\/softplaysupply.com\/wp-content\/uploads\/2026\/01\/Farm-Barn-Theme-Playground-4.jpg\",\"datePublished\":\"2026-01-22T03:05:48+00:00\",\"breadcrumb\":{\"@id\":\"https:\/\/softplaysupply.com\/product\/farm-barn-theme-playground\/#breadcrumb\"},\"inLanguage\":\"de\",\"potentialAction\":[{\"@type\":\"ReadAction\",\"target\":[\"https:\/\/softplaysupply.com\/product\/farm-barn-theme-playground\/\"]}]},{\"@type\":\"ImageObject\",\"inLanguage\":\"de\",\"@id\":\"https:\/\/softplaysupply.com\/product\/farm-barn-theme-playground\/#primaryimage\",\"url\":\"https:\/\/softplaysupply.com\/wp-content\/uploads\/2026\/01\/Farm-Barn-Theme-Playground-4.jpg\",\"contentUrl\":\"https:\/\/softplaysupply.com\/wp-content\/uploads\/2026\/01\/Farm-Barn-Theme-Playground-4.jpg\",\"width\":750,\"height\":750},{\"@type\":\"BreadcrumbList\",\"@id\":\"https:\/\/softplaysupply.com\/product\/farm-barn-theme-playground\/#breadcrumb\",\"itemListElement\":[{\"@type\":\"ListItem\",\"position\":1,\"name\":\"Home\",\"item\":\"https:\/\/softplaysupply.com\/\"},{\"@type\":\"ListItem\",\"position\":2,\"name\":\"Indoor Playground Equipment\",\"item\":\"https:\/\/softplaysupply.com\/pcategory\/indoor-playground-equipment\/\"},{\"@type\":\"ListItem\",\"position\":3,\"name\":\"Farm Barn Theme Playground Simulation Equipment for Indoor Children&#8217;s Play Area\"}]},{\"@type\":\"WebSite\",\"@id\":\"https:\/\/softplaysupply.com\/#website\",\"url\":\"https:\/\/softplaysupply.com\/\",\"name\":\"Soft Play Supplier\",\"description\":\"Soft Play Supplier\",\"publisher\":{\"@id\":\"https:\/\/softplaysupply.com\/#organization\"},\"potentialAction\":[{\"@type\":\"SearchAction\",\"target\":{\"@type\":\"EntryPoint\",\"urlTemplate\":\"https:\/\/softplaysupply.com\/?s={search_term_string}\"},\"query-input\":{\"@type\":\"PropertyValueSpecification\",\"valueRequired\":true,\"valueName\":\"search_term_string\"}}],\"inLanguage\":\"de\"},{\"@type\":\"Organization\",\"@id\":\"https:\/\/softplaysupply.com\/#organization\",\"name\":\"Nanpak\",\"url\":\"https:\/\/softplaysupply.com\/\",\"logo\":{\"@type\":\"ImageObject\",\"inLanguage\":\"de\",\"@id\":\"https:\/\/softplaysupply.com\/#\/schema\/logo\/image\/\",\"url\":\"https:\/\/softplaysupply.com\/wp-content\/uploads\/2025\/12\/cropped-mobile-logo.png\",\"contentUrl\":\"https:\/\/softplaysupply.com\/wp-content\/uploads\/2025\/12\/cropped-mobile-logo.png\",\"width\":263,\"height\":84,\"caption\":\"Nanpak\"},\"image\":{\"@id\":\"https:\/\/softplaysupply.com\/#\/schema\/logo\/image\/\"}}]}<\/script>\n<!-- \/ Yoast SEO plugin. -->","yoast_head_json":{"title":"Spielplatz-Simulationsausr\u00fcstung zum Thema Bauernhofscheune f\u00fcr Indoor-Kinderspielbereiche","robots":{"index":"index","follow":"follow","max-snippet":"max-snippet:-1","max-image-preview":"max-image-preview:large","max-video-preview":"max-video-preview:-1"},"canonical":"https:\/\/softplaysupply.com\/de\/produkt\/farm-barn-theme-playground\/","og_locale":"de_DE","og_type":"article","og_title":"Farm Barn Theme Playground Simulation Equipment for Indoor Children's Play Area","og_description":"Farm Barn Theme Playground Simulation Equipment for Indoor Children&#8217;s Play Area crafted using high-quality materials such as wood, PVC, nylon, plush, PE, ABS, and more, this farm-themed playground equipment is built to last. Our equipment meets all required safety and performance standards, including CE and ISO9001 certifications, ensuring peace of mind for parents and facility...","og_url":"https:\/\/softplaysupply.com\/de\/produkt\/farm-barn-theme-playground\/","og_site_name":"Nanpak","og_image":[{"width":750,"height":750,"url":"https:\/\/softplaysupply.com\/wp-content\/uploads\/2026\/01\/Farm-Barn-Theme-Playground-4.jpg","type":"image\/jpeg"}],"twitter_card":"summary_large_image","twitter_misc":{"Gesch\u00e4tzte Lesezeit":"3\u00a0Minuten"},"schema":{"@context":"https:\/\/schema.org","@graph":[{"@type":"WebPage","@id":"https:\/\/softplaysupply.com\/product\/farm-barn-theme-playground\/","url":"https:\/\/softplaysupply.com\/product\/farm-barn-theme-playground\/","name":"Spielplatz-Simulationsausr\u00fcstung zum Thema Bauernhofscheune f\u00fcr Indoor-Kinderspielbereiche","isPartOf":{"@id":"https:\/\/softplaysupply.com\/#website"},"primaryImageOfPage":{"@id":"https:\/\/softplaysupply.com\/product\/farm-barn-theme-playground\/#primaryimage"},"image":{"@id":"https:\/\/softplaysupply.com\/product\/farm-barn-theme-playground\/#primaryimage"},"thumbnailUrl":"https:\/\/softplaysupply.com\/wp-content\/uploads\/2026\/01\/Farm-Barn-Theme-Playground-4.jpg","datePublished":"2026-01-22T03:05:48+00:00","breadcrumb":{"@id":"https:\/\/softplaysupply.com\/product\/farm-barn-theme-playground\/#breadcrumb"},"inLanguage":"de","potentialAction":[{"@type":"ReadAction","target":["https:\/\/softplaysupply.com\/product\/farm-barn-theme-playground\/"]}]},{"@type":"ImageObject","inLanguage":"de","@id":"https:\/\/softplaysupply.com\/product\/farm-barn-theme-playground\/#primaryimage","url":"https:\/\/softplaysupply.com\/wp-content\/uploads\/2026\/01\/Farm-Barn-Theme-Playground-4.jpg","contentUrl":"https:\/\/softplaysupply.com\/wp-content\/uploads\/2026\/01\/Farm-Barn-Theme-Playground-4.jpg","width":750,"height":750},{"@type":"BreadcrumbList","@id":"https:\/\/softplaysupply.com\/product\/farm-barn-theme-playground\/#breadcrumb","itemListElement":[{"@type":"ListItem","position":1,"name":"Home","item":"https:\/\/softplaysupply.com\/"},{"@type":"ListItem","position":2,"name":"Indoor Playground Equipment","item":"https:\/\/softplaysupply.com\/pcategory\/indoor-playground-equipment\/"},{"@type":"ListItem","position":3,"name":"Farm Barn Theme Playground Simulation Equipment for Indoor Children&#8217;s Play Area"}]},{"@type":"WebSite","@id":"https:\/\/softplaysupply.com\/#website","url":"https:\/\/softplaysupply.com\/","name":"Anbieter von Softplay-Spielger\u00e4ten","description":"Anbieter von Softplay-Spielger\u00e4ten","publisher":{"@id":"https:\/\/softplaysupply.com\/#organization"},"potentialAction":[{"@type":"SearchAction","target":{"@type":"EntryPoint","urlTemplate":"https:\/\/softplaysupply.com\/?s={search_term_string}"},"query-input":{"@type":"PropertyValueSpecification","valueRequired":true,"valueName":"search_term_string"}}],"inLanguage":"de"},{"@type":"Organization","@id":"https:\/\/softplaysupply.com\/#organization","name":"Nanpak","url":"https:\/\/softplaysupply.com\/","logo":{"@type":"ImageObject","inLanguage":"de","@id":"https:\/\/softplaysupply.com\/#\/schema\/logo\/image\/","url":"https:\/\/softplaysupply.com\/wp-content\/uploads\/2025\/12\/cropped-mobile-logo.png","contentUrl":"https:\/\/softplaysupply.com\/wp-content\/uploads\/2025\/12\/cropped-mobile-logo.png","width":263,"height":84,"caption":"Nanpak"},"image":{"@id":"https:\/\/softplaysupply.com\/#\/schema\/logo\/image\/"}}]}},"taxonomy_info":{"pcategory":[{"value":5,"label":"Indoor Playground Equipment"},{"value":34,"label":"Themed Playground"}]},"featured_image_src_large":["https:\/\/softplaysupply.com\/wp-content\/uploads\/2026\/01\/Farm-Barn-Theme-Playground-4.jpg",750,750,false],"author_info":[],"comment_info":"","_links":{"self":[{"href":"https:\/\/softplaysupply.com\/de\/wp-json\/wp\/v2\/product\/3507","targetHints":{"allow":["GET"]}}],"collection":[{"href":"https:\/\/softplaysupply.com\/de\/wp-json\/wp\/v2\/product"}],"about":[{"href":"https:\/\/softplaysupply.com\/de\/wp-json\/wp\/v2\/types\/product"}],"wp:featuredmedia":[{"embeddable":true,"href":"https:\/\/softplaysupply.com\/de\/wp-json\/wp\/v2\/media\/3511"}],"wp:attachment":[{"href":"https:\/\/softplaysupply.com\/de\/wp-json\/wp\/v2\/media?parent=3507"}],"wp:term":[{"taxonomy":"pcategory","embeddable":true,"href":"https:\/\/softplaysupply.com\/de\/wp-json\/wp\/v2\/pcategory?post=3507"},{"taxonomy":"ptag","embeddable":true,"href":"https:\/\/softplaysupply.com\/de\/wp-json\/wp\/v2\/ptag?post=3507"}],"curies":[{"name":"wp","href":"https:\/\/api.w.org\/{rel}","templated":true}]}}