{"id":3397,"date":"2025-12-29T07:02:03","date_gmt":"2025-12-29T07:02:03","guid":{"rendered":"https:\/\/softplaysupply.com\/?post_type=product&#038;p=3397"},"modified":"2025-12-18T07:47:15","modified_gmt":"2025-12-18T07:47:15","slug":"feuerwehrspielhaus","status":"publish","type":"product","link":"https:\/\/softplaysupply.com\/de\/produkt\/feuerwehrspielhaus\/","title":{"rendered":"Feuerwehrstation Spielhaus Indoor-Spielplatz Spielger\u00e4te Rollenspiel Feuerwehr"},"content":{"rendered":"<p style=\"font-size: 16px; margin-bottom: 20px;\">Ein Feuerwehrhaus-Spielhaus f\u00fcr drinnen ist ein spannender, interaktiver Raum, der Kindern den Nervenkitzel einer Feuerwache n\u00e4herbringt. Stellen Sie sich ein Abenteuerhaus vor, das Kreativit\u00e4t und Fantasie anregt und unterhaltsame Aktivit\u00e4ten mit einem fesselnden Thema verbindet. Dieses Spielhaus ist ein wahr gewordener Traum f\u00fcr jedes Kind, das gerne Feuerwehrmann spielt, denn es bietet alles von Feuerglocken bis hin zu Fluchttunneln in einer sicheren, spannenden Umgebung.<\/p>\n<p><img loading=\"lazy\" decoding=\"async\" class=\"alignnone size-full wp-image-3396\" src=\"https:\/\/softplaysupply.com\/wp-content\/uploads\/2025\/12\/kids-role-play-house-6.jpg\" alt=\"\" width=\"750\" height=\"750\" srcset=\"https:\/\/softplaysupply.com\/wp-content\/uploads\/2025\/12\/kids-role-play-house-6.jpg 750w, https:\/\/softplaysupply.com\/wp-content\/uploads\/2025\/12\/kids-role-play-house-6-300x300.jpg 300w, https:\/\/softplaysupply.com\/wp-content\/uploads\/2025\/12\/kids-role-play-house-6-150x150.jpg 150w, https:\/\/softplaysupply.com\/wp-content\/uploads\/2025\/12\/kids-role-play-house-6-12x12.jpg 12w\" sizes=\"auto, (max-width: 750px) 100vw, 750px\" \/> <img loading=\"lazy\" decoding=\"async\" class=\"alignnone size-full wp-image-3398\" src=\"https:\/\/softplaysupply.com\/wp-content\/uploads\/2025\/12\/role-play-firehouse-1.jpg\" alt=\"\" width=\"750\" height=\"750\" srcset=\"https:\/\/softplaysupply.com\/wp-content\/uploads\/2025\/12\/role-play-firehouse-1.jpg 750w, https:\/\/softplaysupply.com\/wp-content\/uploads\/2025\/12\/role-play-firehouse-1-300x300.jpg 300w, https:\/\/softplaysupply.com\/wp-content\/uploads\/2025\/12\/role-play-firehouse-1-150x150.jpg 150w, https:\/\/softplaysupply.com\/wp-content\/uploads\/2025\/12\/role-play-firehouse-1-12x12.jpg 12w\" sizes=\"auto, (max-width: 750px) 100vw, 750px\" \/> <img loading=\"lazy\" decoding=\"async\" class=\"alignnone size-full wp-image-3400\" src=\"https:\/\/softplaysupply.com\/wp-content\/uploads\/2025\/12\/role-play-firehouse-3.jpg\" alt=\"\" width=\"750\" height=\"750\" srcset=\"https:\/\/softplaysupply.com\/wp-content\/uploads\/2025\/12\/role-play-firehouse-3.jpg 750w, https:\/\/softplaysupply.com\/wp-content\/uploads\/2025\/12\/role-play-firehouse-3-300x300.jpg 300w, https:\/\/softplaysupply.com\/wp-content\/uploads\/2025\/12\/role-play-firehouse-3-150x150.jpg 150w, https:\/\/softplaysupply.com\/wp-content\/uploads\/2025\/12\/role-play-firehouse-3-12x12.jpg 12w\" sizes=\"auto, (max-width: 750px) 100vw, 750px\" \/> <img loading=\"lazy\" decoding=\"async\" class=\"alignnone size-full wp-image-3401\" src=\"https:\/\/softplaysupply.com\/wp-content\/uploads\/2025\/12\/role-play-firehouse-4.jpg\" alt=\"Rollenspiel Feuerwache\" width=\"750\" height=\"750\" srcset=\"https:\/\/softplaysupply.com\/wp-content\/uploads\/2025\/12\/role-play-firehouse-4.jpg 750w, https:\/\/softplaysupply.com\/wp-content\/uploads\/2025\/12\/role-play-firehouse-4-300x300.jpg 300w, https:\/\/softplaysupply.com\/wp-content\/uploads\/2025\/12\/role-play-firehouse-4-150x150.jpg 150w, https:\/\/softplaysupply.com\/wp-content\/uploads\/2025\/12\/role-play-firehouse-4-12x12.jpg 12w\" sizes=\"auto, (max-width: 750px) 100vw, 750px\" \/> <img loading=\"lazy\" decoding=\"async\" class=\"alignnone size-full wp-image-3402\" src=\"https:\/\/softplaysupply.com\/wp-content\/uploads\/2025\/12\/role-play-firehouse-5.jpg\" alt=\"\" width=\"750\" height=\"750\" srcset=\"https:\/\/softplaysupply.com\/wp-content\/uploads\/2025\/12\/role-play-firehouse-5.jpg 750w, https:\/\/softplaysupply.com\/wp-content\/uploads\/2025\/12\/role-play-firehouse-5-300x300.jpg 300w, https:\/\/softplaysupply.com\/wp-content\/uploads\/2025\/12\/role-play-firehouse-5-150x150.jpg 150w, https:\/\/softplaysupply.com\/wp-content\/uploads\/2025\/12\/role-play-firehouse-5-12x12.jpg 12w\" sizes=\"auto, (max-width: 750px) 100vw, 750px\" \/> <img loading=\"lazy\" decoding=\"async\" class=\"alignnone size-full wp-image-3399\" src=\"https:\/\/softplaysupply.com\/wp-content\/uploads\/2025\/12\/role-play-firehouse-2.jpg\" alt=\"\" width=\"750\" height=\"750\" srcset=\"https:\/\/softplaysupply.com\/wp-content\/uploads\/2025\/12\/role-play-firehouse-2.jpg 750w, https:\/\/softplaysupply.com\/wp-content\/uploads\/2025\/12\/role-play-firehouse-2-300x300.jpg 300w, https:\/\/softplaysupply.com\/wp-content\/uploads\/2025\/12\/role-play-firehouse-2-150x150.jpg 150w, https:\/\/softplaysupply.com\/wp-content\/uploads\/2025\/12\/role-play-firehouse-2-12x12.jpg 12w\" sizes=\"auto, (max-width: 750px) 100vw, 750px\" \/><\/p>\n<p style=\"font-size: 22px; font-weight: bold; color: #d32f2f; margin: 30px 0 15px;\">Ein Feuerwehrhaus-Thema, das zum Rollenspiel anregt<\/p>\n<p style=\"font-size: 16px; margin-bottom: 20px;\">Das Indoor-Spielhaus \u201eFeuerwehrstation\u201c ist so konzipiert, dass es eine echte Feuerwache mit einer Reihe spannender Funktionen nachahmt. Es umfasst eine gro\u00dfe Garage mit Doppelt\u00fcren, eine Kletterwand, eine Feuerwehrstange zum Rutschen und eine Schaukel, die alle sorgf\u00e4ltig gestaltet wurden, um das ultimative Feuerwehrerlebnis zu schaffen. Im Inneren gibt es versteckte Fallt\u00fcren und Leitern, die die verschiedenen Bereiche miteinander verbinden, sodass Kinder hier wunderbar auf Entdeckungsreise gehen und spielen k\u00f6nnen. Dank dieser Aufteilung k\u00f6nnen Kinder klettern, rutschen und frei auf Entdeckungsreise gehen, sodass sie stundenlang besch\u00e4ftigt sind.<\/p>\n<p style=\"font-size: 16px; margin-bottom: 30px;\">Dieses Feuerwehrhaus-Spielhaus f\u00fcr den Innenbereich eignet sich ideal f\u00fcr den Einsatz zu Hause, in Schulen, Gemeindezentren oder Indoor-Spielpl\u00e4tzen. Es schafft einen sicheren Raum, in dem Kinder Rollenspiele spielen und das Leben in einer Feuerwache nachahmen k\u00f6nnen. Ob sie nun die Feuerglocke l\u00e4uten, die Feuerwehrstange hinunterrutschen oder aus den Garagentoren rennen, um Br\u00e4nde zu bek\u00e4mpfen \u2013 die M\u00f6glichkeiten f\u00fcr fantasievolles Spielen sind endlos.<\/p>\n<p style=\"font-size: 22px; font-weight: bold; color: #d32f2f; margin: 30px 0 15px;\">Der ideale Ort f\u00fcr Kinder zum Entdecken<\/p>\n<p style=\"font-size: 16px; margin-bottom: 20px;\">Eines der Hauptmerkmale dieses Feuerwehrhaus-Spielhauses f\u00fcr den Innenbereich ist sein gro\u00dfz\u00fcgiges Design. Mit einer hohen Decke und gro\u00dfen Fenstern bietet es viel Kopffreiheit und viel nat\u00fcrliches Licht. So entsteht eine helle, offene Atmosph\u00e4re, in der sich Kinder frei bewegen und ihre Abenteuer genie\u00dfen k\u00f6nnen. Die Konstruktion besteht aus strapazierf\u00e4higen Materialien wie Holz, Silikon, PVC und anderen kinderfreundlichen Komponenten, die daf\u00fcr sorgen, dass das Spielhaus sicher und langlebig ist.<\/p>\n<p style=\"font-size: 16px; margin-bottom: 30px;\">Ob im Garten oder in einem Kinderspielzentrum \u2013 das Indoor-Spielhaus \u201eFeuerwehrstation\u201c bietet Kindern eine spannende und sichere Umgebung, in der sie ihrer Fantasie freien Lauf lassen k\u00f6nnen. Das Spielhaus wird mit detaillierten Baupl\u00e4nen geliefert, sodass Heimwerker es ganz einfach selbst bauen und an ihren Platz anpassen k\u00f6nnen.<\/p>\n<p style=\"font-size: 22px; font-weight: bold; color: #d32f2f; margin: 30px 0 15px;\">Ideal f\u00fcr Spielh\u00e4user<\/p>\n<p style=\"font-size: 16px; margin-bottom: 20px;\">Wenn Sie die Aufregung einer Spielzeugfeuerwache in Ihr Zuhause oder Ihre Einrichtung bringen m\u00f6chten, ist das Indoor-Spielhaus \u201eFeuerwache\u201c die perfekte Erg\u00e4nzung. Es ist nicht nur ein Spielplatz, sondern ein komplettes Erlebnis. Von der Feuerglocke bis zu den Hydranten ist es so konzipiert, dass es zu aktivem Rollenspielspa\u00df anregt, den Kinder mit Freunden oder der Familie genie\u00dfen k\u00f6nnen.<\/p>\n<p style=\"font-size: 16px; margin-bottom: 30px;\">Zus\u00e4tzlich zu seinen beeindruckenden Funktionen kann das Feuerwehrhaus-Spielhaus f\u00fcr den Innenbereich an Ihre Bed\u00fcrfnisse angepasst werden. Sie k\u00f6nnen sogar zus\u00e4tzliche Elemente hinzuf\u00fcgen, wie beispielsweise eine Rutsche oder einen geheimen Fluchttunnel, der zu einem simulierten brennenden Geb\u00e4ude oder einem Spielzeug-Feuerwehrauto f\u00fchrt. Den Abenteuern, die Kinder in diesem aufregenden Raum erleben k\u00f6nnen, sind keine Grenzen gesetzt!<\/p>\n<p style=\"font-size: 22px; font-weight: bold; color: #d32f2f; margin: 30px 0 15px;\">Perfekt f\u00fcr verschiedene Umgebungen<\/p>\n<p style=\"font-size: 16px; margin-bottom: 30px;\">Dieses vielseitige Spielhaus kann in einer Vielzahl von Umgebungen eingesetzt werden, darunter Schulen, G\u00e4rten, Restaurants, Einkaufszentren, Hotels und Krankenh\u00e4user. Es ist eine hervorragende M\u00f6glichkeit, Kinder zu fantasievollem Spielen anzuregen und ihnen gleichzeitig eine sichere und unterhaltsame Umgebung zu bieten. Ob auf einem \u00f6ffentlichen Spielplatz oder im privaten Garten \u2013 dieses Feuerwehrhaus-Spielhaus f\u00fcr den Innenbereich wird bei Kindern garantiert zum Lieblingsspielzeug.<\/p>\n<p style=\"font-size: 22px; font-weight: bold; color: #d32f2f; margin: 30px 0 15px;\">Warum sollten Sie sich f\u00fcr das Feuerwehrhaus-Spielhaus von Nanpak entscheiden?<\/p>\n<div style=\"background-color: #fff; padding: 20px; border-radius: 10px; box-shadow: 0 2px 10px rgba(0,0,0,0.1); margin-bottom: 30px;\">\n<p style=\"font-size: 16px;\"><strong>Material:<\/strong> Holz, Silikon, PVC, Vinyl, Nylon, Pl\u00fcsch, PE, ABS, PP, PC, Legierung, Kunststoff, Metall, Glasfaser, LLDPE, Stahl, Aluminium, Sonstiges<\/p>\n<p style=\"font-size: 16px;\"><strong>Typ:<\/strong> Innenbereich, Au\u00dfenbereich<\/p>\n<p style=\"font-size: 16px;\"><strong>Markenname:<\/strong> Nanpak<\/p>\n<p style=\"font-size: 16px;\"><strong>Gr\u00f6\u00dfe:<\/strong> Kann individuell angepasst werden<\/p>\n<p style=\"font-size: 16px;\"><strong>Design:<\/strong> Kostenlos, die \u00dcbersetzung wird am selben Tag ver\u00f6ffentlicht.<\/p>\n<p style=\"font-size: 16px;\"><strong>Verwendung:<\/strong> Schulen, G\u00e4rten, Restaurants, Einkaufszentren, Hotels, Krankenh\u00e4user<\/p>\n<p style=\"font-size: 16px; margin-top: 20px;\"><strong>Warum Sie sich f\u00fcr uns entscheiden sollten:<\/strong><\/p>\n<ol style=\"font-size: 16px; padding-left: 20px;\">\n<li>Vollst\u00e4ndig kundenorientierter, personalisierter Beratungsservice.<\/li>\n<li>Erf\u00fcllt alle Sicherheits- und Leistungsstandards; entspricht der Norm ISO 9001 und den CE-Zertifizierungen.<\/li>\n<li>Technischer Support vor Ort.<\/li>\n<li>Erschwingliche Preise, die zu jedem Budget passen.<\/li>\n<\/ol>\n<\/div>","protected":false},"excerpt":{"rendered":"<p>Das Spielhaus in Form einer Feuerwache ist eine immersive und unterhaltsame Umgebung f\u00fcr Kinder mit Kletterw\u00e4nden, Feuerwehrstangen und Garagen, die fantasievolles Spielen und Abenteuer in Schulen, Spielzentren oder Indoor-Spielpl\u00e4tzen f\u00f6rdern.<\/p>","protected":false},"featured_media":3401,"parent":0,"template":"","meta":{"_acf_changed":false,"_kad_blocks_custom_css":"","_kad_blocks_head_custom_js":"","_kad_blocks_body_custom_js":"","_kad_blocks_footer_custom_js":"","_kadence_starter_templates_imported_post":false,"_kad_post_transparent":"default","_kad_post_title":"","_kad_post_layout":"default","_kad_post_sidebar_id":"","_kad_post_content_style":"default","_kad_post_vertical_padding":"default","_kad_post_feature":"","_kad_post_feature_position":"","_kad_post_header":false,"_kad_post_footer":false},"pcategory":[20],"ptag":[],"class_list":["post-3397","product","type-product","status-publish","has-post-thumbnail","hentry","pcategory-role-playhouse"],"acf":[],"yoast_head":"<!-- This site is optimized with the Yoast SEO plugin v26.8 - https:\/\/yoast.com\/product\/yoast-seo-wordpress\/ -->\n<title>Fire Station Playhouse Indoor Playtown Playground Equipment Role Pretend Play Firehouse<\/title>\n<meta name=\"description\" content=\"The fire station playhouse indoor offers an exciting, interactive experience for children with features like fire poles, climbing walls, and escape tunnels, making it perfect for homes, schools, and playgrounds.\" \/>\n<meta name=\"robots\" content=\"index, follow, max-snippet:-1, max-image-preview:large, max-video-preview:-1\" \/>\n<link rel=\"canonical\" href=\"https:\/\/softplaysupply.com\/de\/produkt\/feuerwehrspielhaus\/\" \/>\n<meta property=\"og:locale\" content=\"de_DE\" \/>\n<meta property=\"og:type\" content=\"article\" \/>\n<meta property=\"og:title\" content=\"Fire Station Playhouse Indoor Playtown Playground Equipment Role Pretend Play Firehouse\" \/>\n<meta property=\"og:description\" content=\"The fire station playhouse indoor offers an exciting, interactive experience for children with features like fire poles, climbing walls, and escape tunnels, making it perfect for homes, schools, and playgrounds.\" \/>\n<meta property=\"og:url\" content=\"https:\/\/softplaysupply.com\/de\/produkt\/feuerwehrspielhaus\/\" \/>\n<meta property=\"og:site_name\" content=\"Nanpak\" \/>\n<meta property=\"og:image\" content=\"https:\/\/softplaysupply.com\/wp-content\/uploads\/2025\/12\/role-play-firehouse-4.jpg\" \/>\n\t<meta property=\"og:image:width\" content=\"750\" \/>\n\t<meta property=\"og:image:height\" content=\"750\" \/>\n\t<meta property=\"og:image:type\" content=\"image\/jpeg\" \/>\n<meta name=\"twitter:card\" content=\"summary_large_image\" \/>\n<meta name=\"twitter:label1\" content=\"Gesch\u00e4tzte Lesezeit\" \/>\n\t<meta name=\"twitter:data1\" content=\"5\u00a0Minuten\" \/>\n<script type=\"application\/ld+json\" class=\"yoast-schema-graph\">{\"@context\":\"https:\/\/schema.org\",\"@graph\":[{\"@type\":\"WebPage\",\"@id\":\"https:\/\/softplaysupply.com\/product\/fire-station-playhouse\/\",\"url\":\"https:\/\/softplaysupply.com\/product\/fire-station-playhouse\/\",\"name\":\"Fire Station Playhouse Indoor Playtown Playground Equipment Role Pretend Play Firehouse\",\"isPartOf\":{\"@id\":\"https:\/\/softplaysupply.com\/#website\"},\"primaryImageOfPage\":{\"@id\":\"https:\/\/softplaysupply.com\/product\/fire-station-playhouse\/#primaryimage\"},\"image\":{\"@id\":\"https:\/\/softplaysupply.com\/product\/fire-station-playhouse\/#primaryimage\"},\"thumbnailUrl\":\"https:\/\/softplaysupply.com\/wp-content\/uploads\/2025\/12\/role-play-firehouse-4.jpg\",\"datePublished\":\"2025-12-29T07:02:03+00:00\",\"description\":\"The fire station playhouse indoor offers an exciting, interactive experience for children with features like fire poles, climbing walls, and escape tunnels, making it perfect for homes, schools, and playgrounds.\",\"breadcrumb\":{\"@id\":\"https:\/\/softplaysupply.com\/product\/fire-station-playhouse\/#breadcrumb\"},\"inLanguage\":\"de\",\"potentialAction\":[{\"@type\":\"ReadAction\",\"target\":[\"https:\/\/softplaysupply.com\/product\/fire-station-playhouse\/\"]}]},{\"@type\":\"ImageObject\",\"inLanguage\":\"de\",\"@id\":\"https:\/\/softplaysupply.com\/product\/fire-station-playhouse\/#primaryimage\",\"url\":\"https:\/\/softplaysupply.com\/wp-content\/uploads\/2025\/12\/role-play-firehouse-4.jpg\",\"contentUrl\":\"https:\/\/softplaysupply.com\/wp-content\/uploads\/2025\/12\/role-play-firehouse-4.jpg\",\"width\":750,\"height\":750,\"caption\":\"role play firehouse\"},{\"@type\":\"BreadcrumbList\",\"@id\":\"https:\/\/softplaysupply.com\/product\/fire-station-playhouse\/#breadcrumb\",\"itemListElement\":[{\"@type\":\"ListItem\",\"position\":1,\"name\":\"Home\",\"item\":\"https:\/\/softplaysupply.com\/\"},{\"@type\":\"ListItem\",\"position\":2,\"name\":\"Role Playhouse\",\"item\":\"https:\/\/softplaysupply.com\/pcategory\/role-playhouse\/\"},{\"@type\":\"ListItem\",\"position\":3,\"name\":\"Fire Station Playhouse Indoor Playtown Playground Equipment Role Pretend Play Firehouse\"}]},{\"@type\":\"WebSite\",\"@id\":\"https:\/\/softplaysupply.com\/#website\",\"url\":\"https:\/\/softplaysupply.com\/\",\"name\":\"Soft Play Supplier\",\"description\":\"Soft Play Supplier\",\"publisher\":{\"@id\":\"https:\/\/softplaysupply.com\/#organization\"},\"potentialAction\":[{\"@type\":\"SearchAction\",\"target\":{\"@type\":\"EntryPoint\",\"urlTemplate\":\"https:\/\/softplaysupply.com\/?s={search_term_string}\"},\"query-input\":{\"@type\":\"PropertyValueSpecification\",\"valueRequired\":true,\"valueName\":\"search_term_string\"}}],\"inLanguage\":\"de\"},{\"@type\":\"Organization\",\"@id\":\"https:\/\/softplaysupply.com\/#organization\",\"name\":\"Nanpak\",\"url\":\"https:\/\/softplaysupply.com\/\",\"logo\":{\"@type\":\"ImageObject\",\"inLanguage\":\"de\",\"@id\":\"https:\/\/softplaysupply.com\/#\/schema\/logo\/image\/\",\"url\":\"https:\/\/softplaysupply.com\/wp-content\/uploads\/2025\/12\/cropped-mobile-logo.png\",\"contentUrl\":\"https:\/\/softplaysupply.com\/wp-content\/uploads\/2025\/12\/cropped-mobile-logo.png\",\"width\":263,\"height\":84,\"caption\":\"Nanpak\"},\"image\":{\"@id\":\"https:\/\/softplaysupply.com\/#\/schema\/logo\/image\/\"}}]}<\/script>\n<!-- \/ Yoast SEO plugin. -->","yoast_head_json":{"title":"Feuerwehrstation Spielhaus Indoor-Spielplatz Spielger\u00e4te Rollenspiel Feuerwehr","description":"Das Feuerwehrhaus-Spielhaus f\u00fcr drinnen bietet Kindern ein spannendes, interaktives Erlebnis mit Features wie Feuerwehrstangen, Kletterw\u00e4nden und Fluchttunneln und eignet sich daher perfekt f\u00fcr zu Hause, Schulen und Spielpl\u00e4tze.","robots":{"index":"index","follow":"follow","max-snippet":"max-snippet:-1","max-image-preview":"max-image-preview:large","max-video-preview":"max-video-preview:-1"},"canonical":"https:\/\/softplaysupply.com\/de\/produkt\/feuerwehrspielhaus\/","og_locale":"de_DE","og_type":"article","og_title":"Fire Station Playhouse Indoor Playtown Playground Equipment Role Pretend Play Firehouse","og_description":"The fire station playhouse indoor offers an exciting, interactive experience for children with features like fire poles, climbing walls, and escape tunnels, making it perfect for homes, schools, and playgrounds.","og_url":"https:\/\/softplaysupply.com\/de\/produkt\/feuerwehrspielhaus\/","og_site_name":"Nanpak","og_image":[{"width":750,"height":750,"url":"https:\/\/softplaysupply.com\/wp-content\/uploads\/2025\/12\/role-play-firehouse-4.jpg","type":"image\/jpeg"}],"twitter_card":"summary_large_image","twitter_misc":{"Gesch\u00e4tzte Lesezeit":"5\u00a0Minuten"},"schema":{"@context":"https:\/\/schema.org","@graph":[{"@type":"WebPage","@id":"https:\/\/softplaysupply.com\/product\/fire-station-playhouse\/","url":"https:\/\/softplaysupply.com\/product\/fire-station-playhouse\/","name":"Feuerwehrstation Spielhaus Indoor-Spielplatz Spielger\u00e4te Rollenspiel Feuerwehr","isPartOf":{"@id":"https:\/\/softplaysupply.com\/#website"},"primaryImageOfPage":{"@id":"https:\/\/softplaysupply.com\/product\/fire-station-playhouse\/#primaryimage"},"image":{"@id":"https:\/\/softplaysupply.com\/product\/fire-station-playhouse\/#primaryimage"},"thumbnailUrl":"https:\/\/softplaysupply.com\/wp-content\/uploads\/2025\/12\/role-play-firehouse-4.jpg","datePublished":"2025-12-29T07:02:03+00:00","description":"Das Feuerwehrhaus-Spielhaus f\u00fcr drinnen bietet Kindern ein spannendes, interaktives Erlebnis mit Features wie Feuerwehrstangen, Kletterw\u00e4nden und Fluchttunneln und eignet sich daher perfekt f\u00fcr zu Hause, Schulen und Spielpl\u00e4tze.","breadcrumb":{"@id":"https:\/\/softplaysupply.com\/product\/fire-station-playhouse\/#breadcrumb"},"inLanguage":"de","potentialAction":[{"@type":"ReadAction","target":["https:\/\/softplaysupply.com\/product\/fire-station-playhouse\/"]}]},{"@type":"ImageObject","inLanguage":"de","@id":"https:\/\/softplaysupply.com\/product\/fire-station-playhouse\/#primaryimage","url":"https:\/\/softplaysupply.com\/wp-content\/uploads\/2025\/12\/role-play-firehouse-4.jpg","contentUrl":"https:\/\/softplaysupply.com\/wp-content\/uploads\/2025\/12\/role-play-firehouse-4.jpg","width":750,"height":750,"caption":"role play firehouse"},{"@type":"BreadcrumbList","@id":"https:\/\/softplaysupply.com\/product\/fire-station-playhouse\/#breadcrumb","itemListElement":[{"@type":"ListItem","position":1,"name":"Home","item":"https:\/\/softplaysupply.com\/"},{"@type":"ListItem","position":2,"name":"Role Playhouse","item":"https:\/\/softplaysupply.com\/pcategory\/role-playhouse\/"},{"@type":"ListItem","position":3,"name":"Fire Station Playhouse Indoor Playtown Playground Equipment Role Pretend Play Firehouse"}]},{"@type":"WebSite","@id":"https:\/\/softplaysupply.com\/#website","url":"https:\/\/softplaysupply.com\/","name":"Anbieter von Softplay-Spielger\u00e4ten","description":"Anbieter von Softplay-Spielger\u00e4ten","publisher":{"@id":"https:\/\/softplaysupply.com\/#organization"},"potentialAction":[{"@type":"SearchAction","target":{"@type":"EntryPoint","urlTemplate":"https:\/\/softplaysupply.com\/?s={search_term_string}"},"query-input":{"@type":"PropertyValueSpecification","valueRequired":true,"valueName":"search_term_string"}}],"inLanguage":"de"},{"@type":"Organization","@id":"https:\/\/softplaysupply.com\/#organization","name":"Nanpak","url":"https:\/\/softplaysupply.com\/","logo":{"@type":"ImageObject","inLanguage":"de","@id":"https:\/\/softplaysupply.com\/#\/schema\/logo\/image\/","url":"https:\/\/softplaysupply.com\/wp-content\/uploads\/2025\/12\/cropped-mobile-logo.png","contentUrl":"https:\/\/softplaysupply.com\/wp-content\/uploads\/2025\/12\/cropped-mobile-logo.png","width":263,"height":84,"caption":"Nanpak"},"image":{"@id":"https:\/\/softplaysupply.com\/#\/schema\/logo\/image\/"}}]}},"taxonomy_info":{"pcategory":[{"value":20,"label":"Role Playhouse"}]},"featured_image_src_large":["https:\/\/softplaysupply.com\/wp-content\/uploads\/2025\/12\/role-play-firehouse-4.jpg",750,750,false],"author_info":[],"comment_info":"","_links":{"self":[{"href":"https:\/\/softplaysupply.com\/de\/wp-json\/wp\/v2\/product\/3397","targetHints":{"allow":["GET"]}}],"collection":[{"href":"https:\/\/softplaysupply.com\/de\/wp-json\/wp\/v2\/product"}],"about":[{"href":"https:\/\/softplaysupply.com\/de\/wp-json\/wp\/v2\/types\/product"}],"wp:featuredmedia":[{"embeddable":true,"href":"https:\/\/softplaysupply.com\/de\/wp-json\/wp\/v2\/media\/3401"}],"wp:attachment":[{"href":"https:\/\/softplaysupply.com\/de\/wp-json\/wp\/v2\/media?parent=3397"}],"wp:term":[{"taxonomy":"pcategory","embeddable":true,"href":"https:\/\/softplaysupply.com\/de\/wp-json\/wp\/v2\/pcategory?post=3397"},{"taxonomy":"ptag","embeddable":true,"href":"https:\/\/softplaysupply.com\/de\/wp-json\/wp\/v2\/ptag?post=3397"}],"curies":[{"name":"wp","href":"https:\/\/api.w.org\/{rel}","templated":true}]}}