{"id":3389,"date":"2025-12-26T14:20:47","date_gmt":"2025-12-26T14:20:47","guid":{"rendered":"https:\/\/softplaysupply.com\/?post_type=product&#038;p=3389"},"modified":"2025-12-17T15:31:23","modified_gmt":"2025-12-17T15:31:23","slug":"kids-role-play-houses","status":"publish","type":"product","link":"https:\/\/softplaysupply.com\/de\/produkt\/kids-role-play-houses\/","title":{"rendered":"Ma\u00dfgeschneiderte kommerzielle Rollenspielstadt Kinder Rollenspielhaus Indoor-Spielplatzausstattung"},"content":{"rendered":"<div style=\"width: 1280px;\" class=\"wp-video\"><video class=\"wp-video-shortcode\" id=\"video-3389-1\" width=\"1280\" height=\"720\" preload=\"metadata\" controls=\"controls\"><source type=\"video\/mp4\" src=\"https:\/\/softplaysupply.com\/wp-content\/uploads\/2025\/12\/role-play-houses.mp4?_=1\" \/><a href=\"https:\/\/softplaysupply.com\/wp-content\/uploads\/2025\/12\/role-play-houses.mp4\">https:\/\/softplaysupply.com\/wp-content\/uploads\/2025\/12\/role-play-houses.mp4<\/a><\/video><\/div>\n<p style=\"text-align: justify; font-size: 16px; margin-bottom: 30px;\">Das ma\u00dfgeschneiderte kommerzielle Rollenspielhaus \u201eCity Kids\u201c mit Indoor-Spielplatzausstattung ist eine hochgradig interaktive und attraktive Indoor-Spielplatzl\u00f6sung, die die Fantasie, die sozialen F\u00e4higkeiten und das Verst\u00e4ndnis von Kindern f\u00fcr reale Situationen durch immersive Rollenspielerlebnisse f\u00f6rdert. Durch die Nachbildung allt\u00e4glicher st\u00e4dtischer Umgebungen aus der Perspektive eines Kindes erm\u00f6glicht dieses System Kindern, in einer sicheren, ansprechenden und fr\u00f6hlichen Umgebung wirklich spielerisch zu lernen.<\/p>\n<p><img loading=\"lazy\" decoding=\"async\" class=\"alignnone size-full wp-image-3396\" src=\"https:\/\/softplaysupply.com\/wp-content\/uploads\/2025\/12\/kids-role-play-house-6.jpg\" alt=\"\" width=\"750\" height=\"750\" srcset=\"https:\/\/softplaysupply.com\/wp-content\/uploads\/2025\/12\/kids-role-play-house-6.jpg 750w, https:\/\/softplaysupply.com\/wp-content\/uploads\/2025\/12\/kids-role-play-house-6-300x300.jpg 300w, https:\/\/softplaysupply.com\/wp-content\/uploads\/2025\/12\/kids-role-play-house-6-150x150.jpg 150w, https:\/\/softplaysupply.com\/wp-content\/uploads\/2025\/12\/kids-role-play-house-6-12x12.jpg 12w\" sizes=\"auto, (max-width: 750px) 100vw, 750px\" \/> <img loading=\"lazy\" decoding=\"async\" class=\"alignnone size-full wp-image-3395\" src=\"https:\/\/softplaysupply.com\/wp-content\/uploads\/2025\/12\/kids-role-play-house-5.jpg\" alt=\"\" width=\"750\" height=\"513\" srcset=\"https:\/\/softplaysupply.com\/wp-content\/uploads\/2025\/12\/kids-role-play-house-5.jpg 750w, https:\/\/softplaysupply.com\/wp-content\/uploads\/2025\/12\/kids-role-play-house-5-300x205.jpg 300w, https:\/\/softplaysupply.com\/wp-content\/uploads\/2025\/12\/kids-role-play-house-5-18x12.jpg 18w\" sizes=\"auto, (max-width: 750px) 100vw, 750px\" \/> <img loading=\"lazy\" decoding=\"async\" class=\"alignnone size-full wp-image-3394\" src=\"https:\/\/softplaysupply.com\/wp-content\/uploads\/2025\/12\/kids-role-play-house-4.jpg\" alt=\"\" width=\"800\" height=\"800\" srcset=\"https:\/\/softplaysupply.com\/wp-content\/uploads\/2025\/12\/kids-role-play-house-4.jpg 800w, https:\/\/softplaysupply.com\/wp-content\/uploads\/2025\/12\/kids-role-play-house-4-300x300.jpg 300w, https:\/\/softplaysupply.com\/wp-content\/uploads\/2025\/12\/kids-role-play-house-4-150x150.jpg 150w, https:\/\/softplaysupply.com\/wp-content\/uploads\/2025\/12\/kids-role-play-house-4-768x768.jpg 768w, https:\/\/softplaysupply.com\/wp-content\/uploads\/2025\/12\/kids-role-play-house-4-12x12.jpg 12w\" sizes=\"auto, (max-width: 800px) 100vw, 800px\" \/> <img loading=\"lazy\" decoding=\"async\" class=\"alignnone size-full wp-image-3393\" src=\"https:\/\/softplaysupply.com\/wp-content\/uploads\/2025\/12\/kids-role-play-house-3.jpg\" alt=\"\" width=\"800\" height=\"800\" srcset=\"https:\/\/softplaysupply.com\/wp-content\/uploads\/2025\/12\/kids-role-play-house-3.jpg 800w, https:\/\/softplaysupply.com\/wp-content\/uploads\/2025\/12\/kids-role-play-house-3-300x300.jpg 300w, https:\/\/softplaysupply.com\/wp-content\/uploads\/2025\/12\/kids-role-play-house-3-150x150.jpg 150w, https:\/\/softplaysupply.com\/wp-content\/uploads\/2025\/12\/kids-role-play-house-3-768x768.jpg 768w, https:\/\/softplaysupply.com\/wp-content\/uploads\/2025\/12\/kids-role-play-house-3-12x12.jpg 12w\" sizes=\"auto, (max-width: 800px) 100vw, 800px\" \/> <img loading=\"lazy\" decoding=\"async\" class=\"alignnone size-full wp-image-3392\" src=\"https:\/\/softplaysupply.com\/wp-content\/uploads\/2025\/12\/kids-role-play-house-2.jpg\" alt=\"Kinder Rollenspielhaus\" width=\"800\" height=\"800\" srcset=\"https:\/\/softplaysupply.com\/wp-content\/uploads\/2025\/12\/kids-role-play-house-2.jpg 800w, https:\/\/softplaysupply.com\/wp-content\/uploads\/2025\/12\/kids-role-play-house-2-300x300.jpg 300w, https:\/\/softplaysupply.com\/wp-content\/uploads\/2025\/12\/kids-role-play-house-2-150x150.jpg 150w, https:\/\/softplaysupply.com\/wp-content\/uploads\/2025\/12\/kids-role-play-house-2-768x768.jpg 768w, https:\/\/softplaysupply.com\/wp-content\/uploads\/2025\/12\/kids-role-play-house-2-12x12.jpg 12w\" sizes=\"auto, (max-width: 800px) 100vw, 800px\" \/><\/p>\n<p style=\"font-weight: bold; font-size: 22px; color: #e74c3c; margin: 40px 0 20px;\">Immersives Rollenspielerlebnis in einer Mini-Stadt<\/p>\n<p style=\"text-align: justify; font-size: 16px; margin-bottom: 30px;\">Dieses Rollenspiel-Stadtsystem verwandelt einen Indoor-Spielplatz in eine lebendige Mini-Stadt mit einer Vielzahl von themenbezogenen Rollenspielh\u00e4usern wie Superm\u00e4rkten, K\u00fcchen, Caf\u00e9s, Krankenh\u00e4usern, Feuerwachen, Polizeistationen und Post\u00e4mtern. Kinder k\u00f6nnen frei zwischen den Rollen wechseln \u2013 Ladenbesitzer, Koch, Feuerwehrmann, Arzt oder Kunde \u2013 und so Alltagsszenen in ihre Fantasiewelt bringen. Diese Rollenspielh\u00e4user steigern die Beteiligung erheblich, verl\u00e4ngern die Spielzeit und erh\u00f6hen die Wiederholungsbesuche.<\/p>\n<p style=\"font-weight: bold; font-size: 22px; color: #e74c3c; margin: 40px 0 20px;\">Sicheres, langlebiges und realistisches Design<\/p>\n<p style=\"text-align: justify; font-size: 16px; margin-bottom: 30px;\">Nanpak verwendet f\u00fcr die Herstellung aller Rollenspielh\u00e4user strapazierf\u00e4hige, kindersichere und umweltfreundliche Materialien. Alle Produkte erf\u00fcllen internationale Sicherheitsstandards, darunter ASTM und EN. Details wie zu \u00f6ffnende T\u00fcren, Spieltheken, themenbezogene Requisiten und realistische Accessoires machen das Erlebnis noch spannender und authentischer, sodass diese Rollenspielh\u00e4user die ideale Wahl f\u00fcr kommerzielle Indoor-Spielpl\u00e4tze sind.<\/p>\n<p style=\"font-weight: bold; font-size: 22px; color: #e74c3c; margin: 40px 0 20px;\">Vollst\u00e4ndig auf kommerzielle Anforderungen zugeschnitten<\/p>\n<p style=\"text-align: justify; font-size: 16px; margin-bottom: 30px;\">Jede Indoor-Spielplatzl\u00f6sung f\u00fcr Rollenspiele f\u00fcr Kinder ist vollst\u00e4ndig anpassbar. Ganz gleich, ob Sie ein einzelnes Rollenspielhaus hinzuf\u00fcgen oder einen kompletten Indoor-Spielplatz in Form einer \u201cRollenspielstadt\u201d entwerfen m\u00f6chten, unser professionelles Team hilft Ihnen dabei, das f\u00fcr Ihren Standort am besten geeignete Layout zu erstellen. Es stehen L\u00f6sungen f\u00fcr kompakte Rollenspielecken sowie f\u00fcr gro\u00df angelegte kommerzielle Indoor-Spielplatzprojekte zur Verf\u00fcgung.<\/p>\n<p style=\"font-weight: bold; font-size: 22px; color: #e74c3c; margin: 40px 0 20px;\">Beliebte Rollenspielthemen<\/p>\n<p style=\"text-align: justify; font-size: 16px; margin-bottom: 10px;\">Zu den h\u00e4ufig ausgew\u00e4hlten Spielh\u00e4usern geh\u00f6ren:<\/p>\n<ul style=\"font-size: 16px; padding-left: 40px; margin-bottom: 30px;\">\n<li><strong>Supermarkt<\/strong> \u2013 Schwerpunkt auf mathematischer Logik und sozialer Interaktion, ausgestattet mit Einkaufswagen, Spielzeuglebensmitteln, Scannern und Kassentischen<\/li>\n<li><strong>Krankenhaus<\/strong> \u2013 Entwickeln Sie Empathie und wissenschaftliche Neugier mit Stethoskopen, Spielzeug-R\u00f6ntgenger\u00e4ten und Krankenhausbetten.<\/li>\n<li><strong>Feuerwehrwache<\/strong> \u2013 Mut und k\u00f6rperliche Koordination mit Feuerwehruniformen, Helmen und weichen Feuerrequisiten aufbauen<\/li>\n<li><strong>Friseursalon<\/strong> \u2013 F\u00f6rdern Sie Kreativit\u00e4t und \u00c4sthetik mit Spiegeln, Styling-Tools und Schminktischen.<\/li>\n<li><strong>Baustelle<\/strong> \u2013 St\u00e4rkung des logischen Denkens und der praktischen F\u00e4higkeiten mit Schutzhelmen, Schaumstoffziegeln und Konstruktionszeichnungen<\/li>\n<\/ul>\n<p style=\"font-weight: bold; font-size: 22px; color: #e74c3c; margin: 40px 0 20px;\">Wesentliche Merkmale<\/p>\n<ul style=\"font-size: 16px; padding-left: 40px; margin-bottom: 30px;\">\n<li><strong>Hohe Anpassungsf\u00e4higkeit:<\/strong> Farben, Themen, Layouts und Gr\u00f6\u00dfe k\u00f6nnen an Ihren Raum und Ihre Marke angepasst werden. Zu den optionalen interaktiven Elementen geh\u00f6ren B\u00e4lleb\u00e4der, Rutschen, <a href=\"https:\/\/softplaysupply.com\/de\/pcategory\/climbing-walls\/\" data-internallinksmanager029f6b8e52c=\"3\" title=\"Kletterw\u00e4nde\" target=\"_blank\" rel=\"noopener\">Kletterw\u00e4nde<\/a>, und Projektionsspiele.<\/li>\n<li><strong>Sicherheit geht vor:<\/strong> Abgerundete Kanten, ungiftige Materialien in Lebensmittelqualit\u00e4t, rutschfeste Bodenbel\u00e4ge und weiche Polsterung gew\u00e4hrleisten Sicherheit und Langlebigkeit f\u00fcr den stark frequentierten gewerblichen Einsatz.<\/li>\n<li><strong>Reichhaltige Themen:<\/strong> Dutzende realistische Rollenspielszenarien mit detaillierten Requisiten wie K\u00fcchenutensilien, medizinischen Ausr\u00fcstungen und Kassenger\u00e4ten f\u00fcr ein immersives Spielerlebnis.<\/li>\n<li><strong>Einfache Installation und Wartung:<\/strong> Das modulare Design erm\u00f6glicht einen einfachen Transport, eine einfache Installation und Reinigung und ist ideal f\u00fcr klimatisierte Innenr\u00e4ume.<\/li>\n<\/ul>\n<p style=\"font-weight: bold; font-size: 22px; color: #e74c3c; margin: 40px 0 20px;\">Vorteile f\u00fcr Bildung und Entwicklung<\/p>\n<p style=\"text-align: justify; font-size: 16px; margin-bottom: 30px;\">Rollenspiele sind ein wichtiger Bestandteil der fr\u00fchkindlichen Entwicklung. Diese Spielh\u00e4user sind nicht nur Spielger\u00e4te, sondern auch leistungsstarke Lernmittel:<\/p>\n<ul style=\"font-size: 16px; padding-left: 40px; margin-bottom: 30px;\">\n<li>F\u00f6rdern Sie Fantasie und Kreativit\u00e4t, indem Sie verschiedene Berufe erkunden.<\/li>\n<li>Verbesserung der sozialen und kommunikativen F\u00e4higkeiten durch Interaktion in der Gruppe<\/li>\n<li>Empathie aufbauen, indem man verschiedene Rollen und Emotionen versteht<\/li>\n<li>Sprachkenntnisse und Probleml\u00f6sungsf\u00e4higkeiten verbessern<\/li>\n<li>F\u00f6rdern Sie die k\u00f6rperliche Koordination durch Klettern, Laufen und aktives Spielen.<\/li>\n<\/ul>\n<p style=\"font-weight: bold; font-size: 22px; color: #e74c3c; margin: 40px 0 20px;\">Eine kluge Investition f\u00fcr Indoor-Spielpl\u00e4tze<\/p>\n<p style=\"text-align: justify; font-size: 16px; margin-bottom: 30px;\">Im Vergleich zu gro\u00dfen Fahrgesch\u00e4ften oder elektronischen Spielen bieten Rollenspielh\u00e4user als Indoor-Spielger\u00e4te geringere Wartungskosten, einen h\u00f6heren p\u00e4dagogischen Wert, eine st\u00e4rkere Eltern-Kind-Interaktion, eine l\u00e4ngere Spielzeit und eine h\u00f6here Kundenzufriedenheit. Es handelt sich um eine kosteng\u00fcnstige L\u00f6sung f\u00fcr kommerzielle Spielpl\u00e4tze mit stabilen langfristigen Ertr\u00e4gen.<\/p>\n<p style=\"font-weight: bold; font-size: 22px; color: #e74c3c; margin: 40px 0 20px;\">Anwendungsszenarien<\/p>\n<ul style=\"font-size: 16px; padding-left: 40px; margin-bottom: 30px;\">\n<li>Kommerzielle Indoor-Spielpl\u00e4tze<\/li>\n<li>Familienunterhaltungszentren (FEC)<\/li>\n<li>Vorschulen und Fr\u00fchf\u00f6rderungszentren<\/li>\n<li>Kinderspielbereiche in Einkaufszentren<\/li>\n<li>Kindermuseen und Erfahrungslernr\u00e4ume<\/li>\n<\/ul>\n<p style=\"font-weight: bold; font-size: 22px; color: #e74c3c; margin: 40px 0 20px;\">Schlussfolgerung<\/p>\n<p style=\"text-align: justify; font-size: 16px; margin-bottom: 30px;\">Die ma\u00dfgeschneiderten kommerziellen Rollenspielh\u00e4user f\u00fcr Kinder von Pretend Play City Indoor Playground Equipments verbinden nahtlos Unterhaltung, Bildung und Kreativit\u00e4t. Indem sie Kindern eine realistische und dennoch fantasievolle Mini-Stadt voller spannender Rollenspielh\u00e4user bieten, steigern sie die Attraktivit\u00e4t von Indoor-Spielpl\u00e4tzen und sorgen gleichzeitig f\u00fcr sinnvolle Spielerlebnisse, die Familien immer wieder zur\u00fcckkommen lassen.<\/p>","protected":false},"excerpt":{"rendered":"<p>Kommerzielle Indoor-Spielger\u00e4te f\u00fcr Rollenspiele mit anpassbaren Rollenspielhaus-Themen wie Supermarkt, Krankenhaus und Feuerwache, ideal f\u00fcr profitable Kinderspielbereiche. Schaffen Sie mit den Indoor-Spielger\u00e4ten f\u00fcr Rollenspiele von Kids Role Play House eine fr\u00f6hliche Rollenspielstadt, in der immersive Rollenspielh\u00e4user den Alltag in lustige Abenteuer verwandeln.<\/p>","protected":false},"featured_media":3392,"parent":0,"template":"","meta":{"_acf_changed":false,"_kad_blocks_custom_css":"","_kad_blocks_head_custom_js":"","_kad_blocks_body_custom_js":"","_kad_blocks_footer_custom_js":"","_kadence_starter_templates_imported_post":false,"_kad_post_transparent":"default","_kad_post_title":"","_kad_post_layout":"default","_kad_post_sidebar_id":"","_kad_post_content_style":"default","_kad_post_vertical_padding":"default","_kad_post_feature":"","_kad_post_feature_position":"","_kad_post_header":false,"_kad_post_footer":false},"pcategory":[5,20],"ptag":[],"class_list":["post-3389","product","type-product","status-publish","has-post-thumbnail","hentry","pcategory-indoor-playground-equipment","pcategory-role-playhouse"],"acf":[],"yoast_head":"<!-- This site is optimized with the Yoast SEO plugin v26.8 - https:\/\/yoast.com\/product\/yoast-seo-wordpress\/ -->\n<title>Customized Commercial Pretend Play City Kids Role Play House Indoor Playground Equipments<\/title>\n<meta name=\"description\" content=\"Customized Commercial Pretend Play City Kids Role Play House indoor playground equipment featuring immersive pretend play houses, safe materials, and flexible customization to inspire creativity, social skills, and repeat visits.\" \/>\n<meta name=\"robots\" content=\"index, follow, max-snippet:-1, max-image-preview:large, max-video-preview:-1\" \/>\n<link rel=\"canonical\" href=\"https:\/\/softplaysupply.com\/de\/produkt\/kids-role-play-houses\/\" \/>\n<meta property=\"og:locale\" content=\"de_DE\" \/>\n<meta property=\"og:type\" content=\"article\" \/>\n<meta property=\"og:title\" content=\"Customized Commercial Pretend Play City Kids Role Play House Indoor Playground Equipments\" \/>\n<meta property=\"og:description\" content=\"Customized Commercial Pretend Play City Kids Role Play House indoor playground equipment featuring immersive pretend play houses, safe materials, and flexible customization to inspire creativity, social skills, and repeat visits.\" \/>\n<meta property=\"og:url\" content=\"https:\/\/softplaysupply.com\/de\/produkt\/kids-role-play-houses\/\" \/>\n<meta property=\"og:site_name\" content=\"Nanpak\" \/>\n<meta property=\"og:image\" content=\"https:\/\/softplaysupply.com\/wp-content\/uploads\/2025\/12\/kids-role-play-house-2.jpg\" \/>\n\t<meta property=\"og:image:width\" content=\"800\" \/>\n\t<meta property=\"og:image:height\" content=\"800\" \/>\n\t<meta property=\"og:image:type\" content=\"image\/jpeg\" \/>\n<meta name=\"twitter:card\" content=\"summary_large_image\" \/>\n<meta name=\"twitter:label1\" content=\"Gesch\u00e4tzte Lesezeit\" \/>\n\t<meta name=\"twitter:data1\" content=\"5\u00a0Minuten\" \/>\n<script type=\"application\/ld+json\" class=\"yoast-schema-graph\">{\"@context\":\"https:\/\/schema.org\",\"@graph\":[{\"@type\":\"WebPage\",\"@id\":\"https:\/\/softplaysupply.com\/product\/kids-role-play-houses\/\",\"url\":\"https:\/\/softplaysupply.com\/product\/kids-role-play-houses\/\",\"name\":\"Customized Commercial Pretend Play City Kids Role Play House Indoor Playground Equipments\",\"isPartOf\":{\"@id\":\"https:\/\/softplaysupply.com\/#website\"},\"primaryImageOfPage\":{\"@id\":\"https:\/\/softplaysupply.com\/product\/kids-role-play-houses\/#primaryimage\"},\"image\":{\"@id\":\"https:\/\/softplaysupply.com\/product\/kids-role-play-houses\/#primaryimage\"},\"thumbnailUrl\":\"https:\/\/softplaysupply.com\/wp-content\/uploads\/2025\/12\/kids-role-play-house-2.jpg\",\"datePublished\":\"2025-12-26T14:20:47+00:00\",\"description\":\"Customized Commercial Pretend Play City Kids Role Play House indoor playground equipment featuring immersive pretend play houses, safe materials, and flexible customization to inspire creativity, social skills, and repeat visits.\",\"breadcrumb\":{\"@id\":\"https:\/\/softplaysupply.com\/product\/kids-role-play-houses\/#breadcrumb\"},\"inLanguage\":\"de\",\"potentialAction\":[{\"@type\":\"ReadAction\",\"target\":[\"https:\/\/softplaysupply.com\/product\/kids-role-play-houses\/\"]}]},{\"@type\":\"ImageObject\",\"inLanguage\":\"de\",\"@id\":\"https:\/\/softplaysupply.com\/product\/kids-role-play-houses\/#primaryimage\",\"url\":\"https:\/\/softplaysupply.com\/wp-content\/uploads\/2025\/12\/kids-role-play-house-2.jpg\",\"contentUrl\":\"https:\/\/softplaysupply.com\/wp-content\/uploads\/2025\/12\/kids-role-play-house-2.jpg\",\"width\":800,\"height\":800,\"caption\":\"kids role play house\"},{\"@type\":\"BreadcrumbList\",\"@id\":\"https:\/\/softplaysupply.com\/product\/kids-role-play-houses\/#breadcrumb\",\"itemListElement\":[{\"@type\":\"ListItem\",\"position\":1,\"name\":\"Home\",\"item\":\"https:\/\/softplaysupply.com\/\"},{\"@type\":\"ListItem\",\"position\":2,\"name\":\"Role Playhouse\",\"item\":\"https:\/\/softplaysupply.com\/pcategory\/role-playhouse\/\"},{\"@type\":\"ListItem\",\"position\":3,\"name\":\"Customized Commercial Pretend Play City Kids Role Play House Indoor Playground Equipments\"}]},{\"@type\":\"WebSite\",\"@id\":\"https:\/\/softplaysupply.com\/#website\",\"url\":\"https:\/\/softplaysupply.com\/\",\"name\":\"Soft Play Supplier\",\"description\":\"Soft Play Supplier\",\"publisher\":{\"@id\":\"https:\/\/softplaysupply.com\/#organization\"},\"potentialAction\":[{\"@type\":\"SearchAction\",\"target\":{\"@type\":\"EntryPoint\",\"urlTemplate\":\"https:\/\/softplaysupply.com\/?s={search_term_string}\"},\"query-input\":{\"@type\":\"PropertyValueSpecification\",\"valueRequired\":true,\"valueName\":\"search_term_string\"}}],\"inLanguage\":\"de\"},{\"@type\":\"Organization\",\"@id\":\"https:\/\/softplaysupply.com\/#organization\",\"name\":\"Nanpak\",\"url\":\"https:\/\/softplaysupply.com\/\",\"logo\":{\"@type\":\"ImageObject\",\"inLanguage\":\"de\",\"@id\":\"https:\/\/softplaysupply.com\/#\/schema\/logo\/image\/\",\"url\":\"https:\/\/softplaysupply.com\/wp-content\/uploads\/2025\/12\/cropped-mobile-logo.png\",\"contentUrl\":\"https:\/\/softplaysupply.com\/wp-content\/uploads\/2025\/12\/cropped-mobile-logo.png\",\"width\":263,\"height\":84,\"caption\":\"Nanpak\"},\"image\":{\"@id\":\"https:\/\/softplaysupply.com\/#\/schema\/logo\/image\/\"}}]}<\/script>\n<!-- \/ Yoast SEO plugin. -->","yoast_head_json":{"title":"Ma\u00dfgeschneiderte kommerzielle Rollenspielstadt Kinder Rollenspielhaus Indoor-Spielplatzausstattung","description":"Ma\u00dfgeschneiderte kommerzielle Rollenspielstadt Indoor-Spielger\u00e4te f\u00fcr Kinder mit immersiven Rollenspielh\u00e4usern, sicheren Materialien und flexiblen Anpassungsm\u00f6glichkeiten, um Kreativit\u00e4t, soziale Kompetenzen und wiederholte Besuche zu f\u00f6rdern.","robots":{"index":"index","follow":"follow","max-snippet":"max-snippet:-1","max-image-preview":"max-image-preview:large","max-video-preview":"max-video-preview:-1"},"canonical":"https:\/\/softplaysupply.com\/de\/produkt\/kids-role-play-houses\/","og_locale":"de_DE","og_type":"article","og_title":"Customized Commercial Pretend Play City Kids Role Play House Indoor Playground Equipments","og_description":"Customized Commercial Pretend Play City Kids Role Play House indoor playground equipment featuring immersive pretend play houses, safe materials, and flexible customization to inspire creativity, social skills, and repeat visits.","og_url":"https:\/\/softplaysupply.com\/de\/produkt\/kids-role-play-houses\/","og_site_name":"Nanpak","og_image":[{"width":800,"height":800,"url":"https:\/\/softplaysupply.com\/wp-content\/uploads\/2025\/12\/kids-role-play-house-2.jpg","type":"image\/jpeg"}],"twitter_card":"summary_large_image","twitter_misc":{"Gesch\u00e4tzte Lesezeit":"5\u00a0Minuten"},"schema":{"@context":"https:\/\/schema.org","@graph":[{"@type":"WebPage","@id":"https:\/\/softplaysupply.com\/product\/kids-role-play-houses\/","url":"https:\/\/softplaysupply.com\/product\/kids-role-play-houses\/","name":"Ma\u00dfgeschneiderte kommerzielle Rollenspielstadt Kinder Rollenspielhaus Indoor-Spielplatzausstattung","isPartOf":{"@id":"https:\/\/softplaysupply.com\/#website"},"primaryImageOfPage":{"@id":"https:\/\/softplaysupply.com\/product\/kids-role-play-houses\/#primaryimage"},"image":{"@id":"https:\/\/softplaysupply.com\/product\/kids-role-play-houses\/#primaryimage"},"thumbnailUrl":"https:\/\/softplaysupply.com\/wp-content\/uploads\/2025\/12\/kids-role-play-house-2.jpg","datePublished":"2025-12-26T14:20:47+00:00","description":"Ma\u00dfgeschneiderte kommerzielle Rollenspielstadt Indoor-Spielger\u00e4te f\u00fcr Kinder mit immersiven Rollenspielh\u00e4usern, sicheren Materialien und flexiblen Anpassungsm\u00f6glichkeiten, um Kreativit\u00e4t, soziale Kompetenzen und wiederholte Besuche zu f\u00f6rdern.","breadcrumb":{"@id":"https:\/\/softplaysupply.com\/product\/kids-role-play-houses\/#breadcrumb"},"inLanguage":"de","potentialAction":[{"@type":"ReadAction","target":["https:\/\/softplaysupply.com\/product\/kids-role-play-houses\/"]}]},{"@type":"ImageObject","inLanguage":"de","@id":"https:\/\/softplaysupply.com\/product\/kids-role-play-houses\/#primaryimage","url":"https:\/\/softplaysupply.com\/wp-content\/uploads\/2025\/12\/kids-role-play-house-2.jpg","contentUrl":"https:\/\/softplaysupply.com\/wp-content\/uploads\/2025\/12\/kids-role-play-house-2.jpg","width":800,"height":800,"caption":"kids role play house"},{"@type":"BreadcrumbList","@id":"https:\/\/softplaysupply.com\/product\/kids-role-play-houses\/#breadcrumb","itemListElement":[{"@type":"ListItem","position":1,"name":"Home","item":"https:\/\/softplaysupply.com\/"},{"@type":"ListItem","position":2,"name":"Role Playhouse","item":"https:\/\/softplaysupply.com\/pcategory\/role-playhouse\/"},{"@type":"ListItem","position":3,"name":"Customized Commercial Pretend Play City Kids Role Play House Indoor Playground Equipments"}]},{"@type":"WebSite","@id":"https:\/\/softplaysupply.com\/#website","url":"https:\/\/softplaysupply.com\/","name":"Anbieter von Softplay-Spielger\u00e4ten","description":"Anbieter von Softplay-Spielger\u00e4ten","publisher":{"@id":"https:\/\/softplaysupply.com\/#organization"},"potentialAction":[{"@type":"SearchAction","target":{"@type":"EntryPoint","urlTemplate":"https:\/\/softplaysupply.com\/?s={search_term_string}"},"query-input":{"@type":"PropertyValueSpecification","valueRequired":true,"valueName":"search_term_string"}}],"inLanguage":"de"},{"@type":"Organization","@id":"https:\/\/softplaysupply.com\/#organization","name":"Nanpak","url":"https:\/\/softplaysupply.com\/","logo":{"@type":"ImageObject","inLanguage":"de","@id":"https:\/\/softplaysupply.com\/#\/schema\/logo\/image\/","url":"https:\/\/softplaysupply.com\/wp-content\/uploads\/2025\/12\/cropped-mobile-logo.png","contentUrl":"https:\/\/softplaysupply.com\/wp-content\/uploads\/2025\/12\/cropped-mobile-logo.png","width":263,"height":84,"caption":"Nanpak"},"image":{"@id":"https:\/\/softplaysupply.com\/#\/schema\/logo\/image\/"}}]}},"taxonomy_info":{"pcategory":[{"value":5,"label":"Indoor Playground Equipment"},{"value":20,"label":"Role Playhouse"}]},"featured_image_src_large":["https:\/\/softplaysupply.com\/wp-content\/uploads\/2025\/12\/kids-role-play-house-2.jpg",800,800,false],"author_info":[],"comment_info":"","_links":{"self":[{"href":"https:\/\/softplaysupply.com\/de\/wp-json\/wp\/v2\/product\/3389","targetHints":{"allow":["GET"]}}],"collection":[{"href":"https:\/\/softplaysupply.com\/de\/wp-json\/wp\/v2\/product"}],"about":[{"href":"https:\/\/softplaysupply.com\/de\/wp-json\/wp\/v2\/types\/product"}],"wp:featuredmedia":[{"embeddable":true,"href":"https:\/\/softplaysupply.com\/de\/wp-json\/wp\/v2\/media\/3392"}],"wp:attachment":[{"href":"https:\/\/softplaysupply.com\/de\/wp-json\/wp\/v2\/media?parent=3389"}],"wp:term":[{"taxonomy":"pcategory","embeddable":true,"href":"https:\/\/softplaysupply.com\/de\/wp-json\/wp\/v2\/pcategory?post=3389"},{"taxonomy":"ptag","embeddable":true,"href":"https:\/\/softplaysupply.com\/de\/wp-json\/wp\/v2\/ptag?post=3389"}],"curies":[{"name":"wp","href":"https:\/\/api.w.org\/{rel}","templated":true}]}}