{"id":3310,"date":"2025-12-10T04:18:01","date_gmt":"2025-12-10T04:18:01","guid":{"rendered":"https:\/\/softplaysupply.com\/?post_type=product&#038;p=3310"},"modified":"2025-12-10T04:20:16","modified_gmt":"2025-12-10T04:20:16","slug":"climbing-wall-holds","status":"publish","type":"product","link":"https:\/\/softplaysupply.com\/de\/produkt\/climbing-wall-holds\/","title":{"rendered":"Indoor-Spielplatz Kinder-Kletterwandgriffe zu verkaufen"},"content":{"rendered":"<div style=\"margin: 0 auto; background-color: #fff; padding: 30px; box-shadow: 0 4px 8px rgba(0, 0, 0, 0.1);\">\n<div style=\"color: #2a2a2a;\">\n<p><img loading=\"lazy\" decoding=\"async\" class=\"alignnone size-full wp-image-3315\" src=\"https:\/\/softplaysupply.com\/wp-content\/uploads\/2025\/12\/Children-Rock-Climbing-Wall-Holds-1.jpg\" alt=\"\" width=\"750\" height=\"750\" srcset=\"https:\/\/softplaysupply.com\/wp-content\/uploads\/2025\/12\/Children-Rock-Climbing-Wall-Holds-1.jpg 750w, https:\/\/softplaysupply.com\/wp-content\/uploads\/2025\/12\/Children-Rock-Climbing-Wall-Holds-1-300x300.jpg 300w, https:\/\/softplaysupply.com\/wp-content\/uploads\/2025\/12\/Children-Rock-Climbing-Wall-Holds-1-150x150.jpg 150w, https:\/\/softplaysupply.com\/wp-content\/uploads\/2025\/12\/Children-Rock-Climbing-Wall-Holds-1-12x12.jpg 12w\" sizes=\"auto, (max-width: 750px) 100vw, 750px\" \/> <img loading=\"lazy\" decoding=\"async\" class=\"alignnone size-full wp-image-3316\" src=\"https:\/\/softplaysupply.com\/wp-content\/uploads\/2025\/12\/Children-Rock-Climbing-Wall-Holds-2.jpg\" alt=\"\" width=\"750\" height=\"806\" srcset=\"https:\/\/softplaysupply.com\/wp-content\/uploads\/2025\/12\/Children-Rock-Climbing-Wall-Holds-2.jpg 750w, https:\/\/softplaysupply.com\/wp-content\/uploads\/2025\/12\/Children-Rock-Climbing-Wall-Holds-2-279x300.jpg 279w, https:\/\/softplaysupply.com\/wp-content\/uploads\/2025\/12\/Children-Rock-Climbing-Wall-Holds-2-11x12.jpg 11w\" sizes=\"auto, (max-width: 750px) 100vw, 750px\" \/><\/p>\n<p style=\"font-size: 16px; margin-top: 10px;\">Unsere Indoor-Kletterwand aus Holz f\u00fcr zu Hause wurde entwickelt, um Abenteuer und Spannung in den Alltag Ihres Kindes zu bringen. Diese Kletterwand eignet sich perfekt f\u00fcr jedes Spielzimmer oder Heim-Fitnessstudio und verf\u00fcgt \u00fcber hochwertige Klettergriffe, mit denen Kinder beim Klettern und Erkunden Kraft, Koordination und Selbstvertrauen entwickeln k\u00f6nnen. Die Wand besteht aus strapazierf\u00e4higem Fiberglas und verst\u00e4rktem Polyester und bietet ein sicheres und unterhaltsames Klettererlebnis. Sie ist eine fantastische M\u00f6glichkeit, Kinder drinnen aktiv und besch\u00e4ftigt zu halten.<\/p>\n<p><img loading=\"lazy\" decoding=\"async\" class=\"alignnone size-full wp-image-3317\" src=\"https:\/\/softplaysupply.com\/wp-content\/uploads\/2025\/12\/Children-Rock-Climbing-Wall-Holds-3.jpg\" alt=\"\" width=\"750\" height=\"1195\" srcset=\"https:\/\/softplaysupply.com\/wp-content\/uploads\/2025\/12\/Children-Rock-Climbing-Wall-Holds-3.jpg 750w, https:\/\/softplaysupply.com\/wp-content\/uploads\/2025\/12\/Children-Rock-Climbing-Wall-Holds-3-188x300.jpg 188w, https:\/\/softplaysupply.com\/wp-content\/uploads\/2025\/12\/Children-Rock-Climbing-Wall-Holds-3-643x1024.jpg 643w, https:\/\/softplaysupply.com\/wp-content\/uploads\/2025\/12\/Children-Rock-Climbing-Wall-Holds-3-8x12.jpg 8w\" sizes=\"auto, (max-width: 750px) 100vw, 750px\" \/> <img loading=\"lazy\" decoding=\"async\" class=\"alignnone size-full wp-image-3318\" src=\"https:\/\/softplaysupply.com\/wp-content\/uploads\/2025\/12\/Children-Rock-Climbing-Wall-Holds-4.jpg\" alt=\"\" width=\"750\" height=\"839\" srcset=\"https:\/\/softplaysupply.com\/wp-content\/uploads\/2025\/12\/Children-Rock-Climbing-Wall-Holds-4.jpg 750w, https:\/\/softplaysupply.com\/wp-content\/uploads\/2025\/12\/Children-Rock-Climbing-Wall-Holds-4-268x300.jpg 268w, https:\/\/softplaysupply.com\/wp-content\/uploads\/2025\/12\/Children-Rock-Climbing-Wall-Holds-4-11x12.jpg 11w\" sizes=\"auto, (max-width: 750px) 100vw, 750px\" \/> <img loading=\"lazy\" decoding=\"async\" class=\"alignnone size-full wp-image-3319\" src=\"https:\/\/softplaysupply.com\/wp-content\/uploads\/2025\/12\/Children-Rock-Climbing-Wall-Holds-5.jpg\" alt=\"\" width=\"750\" height=\"1415\" srcset=\"https:\/\/softplaysupply.com\/wp-content\/uploads\/2025\/12\/Children-Rock-Climbing-Wall-Holds-5.jpg 750w, https:\/\/softplaysupply.com\/wp-content\/uploads\/2025\/12\/Children-Rock-Climbing-Wall-Holds-5-159x300.jpg 159w, https:\/\/softplaysupply.com\/wp-content\/uploads\/2025\/12\/Children-Rock-Climbing-Wall-Holds-5-543x1024.jpg 543w, https:\/\/softplaysupply.com\/wp-content\/uploads\/2025\/12\/Children-Rock-Climbing-Wall-Holds-5-6x12.jpg 6w\" sizes=\"auto, (max-width: 750px) 100vw, 750px\" \/> <img loading=\"lazy\" decoding=\"async\" class=\"alignnone size-full wp-image-3321\" src=\"https:\/\/softplaysupply.com\/wp-content\/uploads\/2025\/12\/Children-Rock-Climbing-Wall-Holds-7.jpg\" alt=\"\" width=\"750\" height=\"1130\" srcset=\"https:\/\/softplaysupply.com\/wp-content\/uploads\/2025\/12\/Children-Rock-Climbing-Wall-Holds-7.jpg 750w, https:\/\/softplaysupply.com\/wp-content\/uploads\/2025\/12\/Children-Rock-Climbing-Wall-Holds-7-199x300.jpg 199w, https:\/\/softplaysupply.com\/wp-content\/uploads\/2025\/12\/Children-Rock-Climbing-Wall-Holds-7-680x1024.jpg 680w, https:\/\/softplaysupply.com\/wp-content\/uploads\/2025\/12\/Children-Rock-Climbing-Wall-Holds-7-8x12.jpg 8w\" sizes=\"auto, (max-width: 750px) 100vw, 750px\" \/> <img loading=\"lazy\" decoding=\"async\" class=\"alignnone size-full wp-image-3322\" src=\"https:\/\/softplaysupply.com\/wp-content\/uploads\/2025\/12\/Children-Rock-Climbing-Wall-Holds-8.jpg\" alt=\"\" width=\"800\" height=\"800\" srcset=\"https:\/\/softplaysupply.com\/wp-content\/uploads\/2025\/12\/Children-Rock-Climbing-Wall-Holds-8.jpg 800w, https:\/\/softplaysupply.com\/wp-content\/uploads\/2025\/12\/Children-Rock-Climbing-Wall-Holds-8-300x300.jpg 300w, https:\/\/softplaysupply.com\/wp-content\/uploads\/2025\/12\/Children-Rock-Climbing-Wall-Holds-8-150x150.jpg 150w, https:\/\/softplaysupply.com\/wp-content\/uploads\/2025\/12\/Children-Rock-Climbing-Wall-Holds-8-768x768.jpg 768w, https:\/\/softplaysupply.com\/wp-content\/uploads\/2025\/12\/Children-Rock-Climbing-Wall-Holds-8-12x12.jpg 12w\" sizes=\"auto, (max-width: 800px) 100vw, 800px\" \/><\/p>\n<p style=\"font-size: 16px; font-weight: bold; color: #2a2a2a;\">Was macht unsere Indoor-Kletterwand so besonders?<\/p>\n<p style=\"font-size: 16px;\">Unsere Indoor-Kletterwand aus Holz f\u00fcr zu Hause ist aus hochwertigen Materialien wie Glasfaser (GFK) und verst\u00e4rktem Polyester gefertigt. Diese Materialien sind leicht und dennoch unglaublich strapazierf\u00e4hig, sodass Ihre Kletterwand viele Jahre lang halten wird. Wir bieten verschiedene Farboptionen wie Grau, Gelb, Rot und Gr\u00fcn an und k\u00f6nnen das Design an die Einrichtung Ihres Zuhauses anpassen. Mit Indoor-Klettergriffen k\u00f6nnen Kinder in ihrem eigenen Zimmer ein spannendes und dennoch sicheres Kletterabenteuer erleben.<\/p>\n<p style=\"font-size: 16px; font-weight: bold; color: #2a2a2a;\">Die Vorteile des Kletterns f\u00fcr Kinder<\/p>\n<p style=\"font-size: 16px;\">Klettergriffe machen nicht nur Spa\u00df, sondern f\u00f6rdern auch die k\u00f6rperliche Entwicklung von Kindern. Durch das Klettern auf Kletterw\u00e4nden mit Felsen unterschiedlicher Gr\u00f6\u00dfe und Form st\u00e4rken Kinder ihre Muskeln und verbessern ihre motorischen F\u00e4higkeiten. Dieser Prozess f\u00f6rdert die Konzentration, Koordination und das Gleichgewicht. Diese F\u00e4higkeiten sind f\u00fcr die Entwicklung von Kindern unerl\u00e4sslich, und unsere Klettergriffe f\u00fcr Kinder sorgen daf\u00fcr, dass sie spielerisch lernen.<\/p>\n<p style=\"font-size: 16px;\">Ob Sie sie im Spielzimmer Ihres Kindes oder in einer Kindertagesst\u00e4tte installieren, unsere Klettergriffe f\u00fcr den Innenbereich bieten die perfekte Balance zwischen Spa\u00df und Bildung. Die zum Verkauf stehenden Klettergriffe sind in verschiedenen Formen, Farben und Gr\u00f6\u00dfen erh\u00e4ltlich und erm\u00f6glichen so ein individuelles Klettererlebnis. Von kleinen Kindern bis hin zu jungen Abenteurern ist f\u00fcr jeden etwas dabei. Die Kletterwandgriffe sind auf Langlebigkeit ausgelegt und halten auch starker Beanspruchung stand, sodass sie eine gro\u00dfartige Investition sowohl f\u00fcr den privaten als auch f\u00fcr den gewerblichen Gebrauch sind.<\/p>\n<p style=\"font-size: 16px; font-weight: bold; color: #2a2a2a;\">Einfach zu installieren und zu warten<\/p>\n<p style=\"font-size: 16px;\">Unsere Indoor-Klettergriffe sind f\u00fcr eine einfache Installation konzipiert. Ob Sie nun Elternteil oder Gesch\u00e4ftsinhaber sind, Sie werden den Montageprozess als einfach und unkompliziert empfinden. Die Wand l\u00e4sst sich schnell in jedem Raum aufbauen und eignet sich daher perfekt f\u00fcr den Heimgebrauch, f\u00fcr Klassenzimmer oder Freizeitzentren. Dar\u00fcber hinaus erfordern unsere Klettergriffe nur minimale Wartung. Das Fiberglasmaterial ist auf Langlebigkeit ausgelegt und h\u00e4lt der Abnutzung durch den t\u00e4glichen Gebrauch stand, sodass es \u00fcber Jahre hinweg ein sicheres und zuverl\u00e4ssiges Erlebnis bietet.<\/p>\n<p style=\"font-size: 16px;\">Nach der Installation muss die Wand nur gelegentlich \u00fcberpr\u00fcft und gewartet werden, um sicherzustellen, dass die Kletterwandsteine sicher sind. Wir stellen Ihnen ein umfassendes Schulungshandbuch zur Verf\u00fcgung, das Ihnen zeigt, wie Sie die Wand hinsichtlich Sicherheit und Leistung warten und \u00fcberpr\u00fcfen k\u00f6nnen. F\u00fcr zus\u00e4tzliche Sicherheit bieten wir nach einem Jahr Nutzung eine Wartungs- und Inspektionsschulung an.<\/p>\n<p style=\"font-size: 20px; font-weight: bold; color: #2a2a2a;\">Produktdetails<\/p>\n<table style=\"width: 100%; border-collapse: collapse; margin-top: 20px; background-color: #fff;\">\n<thead>\n<tr style=\"background-color: #f4f4f9; color: #333;\">\n<th style=\"padding: 12px; text-align: left; border: 1px solid #ddd;\">Material<\/th>\n<th style=\"padding: 12px; text-align: left; border: 1px solid #ddd;\">Glasfaserverst\u00e4rkter Kunststoff (GFK), verst\u00e4rkter Polyester<\/th>\n<\/tr>\n<tr>\n<th style=\"padding: 12px; text-align: left; border: 1px solid #ddd; background-color: #f9f9f9;\">Verf\u00fcgbare Farben<\/th>\n<th style=\"padding: 12px; text-align: left; border: 1px solid #ddd;\">Grau, Gelb, Siena, Rot, Violett, Blau, Gr\u00fcn oder benutzerdefinierte Zweifarbkombinationen<\/th>\n<\/tr>\n<tr style=\"background-color: #f9f9f9;\">\n<th style=\"padding: 12px; text-align: left; border: 1px solid #ddd;\">HS-Code<\/th>\n<th style=\"padding: 12px; text-align: left; border: 1px solid #ddd;\">9506919000<\/th>\n<\/tr>\n<tr>\n<th style=\"padding: 12px; text-align: left; border: 1px solid #ddd; background-color: #f9f9f9;\">Standardfunktionen<\/th>\n<th style=\"padding: 12px; text-align: left; border: 1px solid #ddd;\">Die Kletterwand generiert einen starken Cashflow und beeindruckende Rentabilit\u00e4t, zuverl\u00e4ssige Unterst\u00fctzung und nachweisbaren Gesch\u00e4ftserfolg.<\/th>\n<\/tr>\n<tr style=\"background-color: #f9f9f9;\">\n<th style=\"padding: 12px; text-align: left; border: 1px solid #ddd;\">Vorteile<\/th>\n<th style=\"padding: 12px; text-align: left; border: 1px solid #ddd;\">1. Attraktive Formen und Farben, individuell anpassbar<br \/>\n2. Hochwertiges verst\u00e4rktes Fiberglas<br \/>\n3. Leichtgewicht<br \/>\n4. Wetterbest\u00e4ndig<br \/>\n5. Korrosionsbest\u00e4ndig<br \/>\n6. Einfach zu installieren<br \/>\n7. F\u00fcr den Innen- und Au\u00dfenbereich geeignet<br \/>\n8. Wartungs- und Inspektionsschulung nach einem Jahr Nutzung<\/th>\n<\/tr>\n<tr>\n<th style=\"padding: 12px; text-align: left; border: 1px solid #ddd; background-color: #f9f9f9;\">Lieferzeit<\/th>\n<th style=\"padding: 12px; text-align: left; border: 1px solid #ddd;\">Basierend auf den Versandbedingungen: per See-, Luft- oder Expressfracht<\/th>\n<\/tr>\n<tr style=\"background-color: #f9f9f9;\">\n<th style=\"padding: 12px; text-align: left; border: 1px solid #ddd;\">Zahlungsbedingungen<\/th>\n<th style=\"padding: 12px; text-align: left; border: 1px solid #ddd;\">T\/T, L\/C, WU usw.<\/th>\n<\/tr>\n<tr>\n<th style=\"padding: 12px; text-align: left; border: 1px solid #ddd; background-color: #f9f9f9;\">Paketdetails<\/th>\n<th style=\"padding: 12px; text-align: left; border: 1px solid #ddd;\">Standard-Exportverpackung<\/th>\n<\/tr>\n<tr style=\"background-color: #f9f9f9;\">\n<th style=\"padding: 12px; text-align: left; border: 1px solid #ddd;\">Garantie<\/th>\n<th style=\"padding: 12px; text-align: left; border: 1px solid #ddd;\">12 Monate f\u00fcr Produkte und kostenlose technische Dienstleistungen auf Lebenszeit<\/th>\n<\/tr>\n<tr>\n<th style=\"padding: 12px; text-align: left; border: 1px solid #ddd; background-color: #f9f9f9;\">Dienstleistung<\/th>\n<th style=\"padding: 12px; text-align: left; border: 1px solid #ddd;\">1. Gesch\u00e4ftsplan<br \/>\n2. Konzept- oder Entwurfspl\u00e4ne<br \/>\n3. Produktion<br \/>\n4. Installationsvideo\/-anleitung<br \/>\n5. Schulungshandbuch<br \/>\n6. Wartungs- und Inspektionshandbuch<\/th>\n<\/tr>\n<tr style=\"background-color: #f9f9f9;\">\n<th style=\"padding: 12px; text-align: left; border: 1px solid #ddd;\">Zertifikat<\/th>\n<th style=\"padding: 12px; text-align: left; border: 1px solid #ddd;\">CE, ISO, UIAA, IFSC, RoHS<\/th>\n<\/tr>\n<tr>\n<th style=\"padding: 12px; text-align: left; border: 1px solid #ddd; background-color: #f9f9f9;\">Mindestbestellmenge<\/th>\n<th style=\"padding: 12px; text-align: left; border: 1px solid #ddd;\">1 Satz<\/th>\n<\/tr>\n<\/thead>\n<\/table>\n<p style=\"font-size: 20px; font-weight: bold; color: #2a2a2a; margin-top: 20px;\">Bestellen Sie noch heute Ihre Klettergriffe<\/p>\n<p style=\"font-size: 16px;\">Sind Sie bereit, den Spa\u00df und die Vorteile des Kletterns in Ihr Zuhause oder Ihr Unternehmen zu bringen? Unser <strong>Kletterwandgriffe<\/strong> bieten eine gro\u00dfartige M\u00f6glichkeit, Kinder aktiv, gesund und unterhalten zu halten. Von <strong>Felswandgriffe<\/strong> zu <strong>Kletterwandgriffe<\/strong>, Wir bieten die besten Kletterl\u00f6sungen auf dem Markt. Kontaktieren Sie uns noch heute, um mehr \u00fcber unsere Produkte zu erfahren. <strong>Klettergriffe zu verkaufen<\/strong> und wie sie dazu beitragen k\u00f6nnen, Ihr Indoor-Klettererlebnis zu verbessern!<\/p>\n<\/div>\n<\/div>\n<p>&nbsp;<\/p>","protected":false},"excerpt":{"rendered":"<p>Die Klettergriffe f\u00fcr Indoor-Kletterw\u00e4nde f\u00fcr Kinder bestehen aus strapazierf\u00e4higem Fiberglas und verst\u00e4rktem Polyester. Diese Klettergriffe sind einfach zu installieren und eignen sich sowohl f\u00fcr den privaten als auch f\u00fcr den gewerblichen Gebrauch. Sie sind in verschiedenen Formen, Gr\u00f6\u00dfen und Farben erh\u00e4ltlich und helfen Kindern dabei, Kraft, Koordination und motorische F\u00e4higkeiten zu entwickeln, w\u00e4hrend sie Spa\u00df haben. Ob f\u00fcr ein Spielzimmer, eine Kindertagesst\u00e4tte oder ein Fitnessstudio \u2013 unsere Klettergriffe bieten ein sicheres, spannendes Klettererlebnis und sind somit eine gro\u00dfartige Investition f\u00fcr jeden Raum.<\/p>","protected":false},"featured_media":3313,"parent":0,"template":"","meta":{"_acf_changed":false,"_kad_blocks_custom_css":"","_kad_blocks_head_custom_js":"","_kad_blocks_body_custom_js":"","_kad_blocks_footer_custom_js":"","_kadence_starter_templates_imported_post":false,"_kad_post_transparent":"default","_kad_post_title":"","_kad_post_layout":"default","_kad_post_sidebar_id":"","_kad_post_content_style":"default","_kad_post_vertical_padding":"default","_kad_post_feature":"","_kad_post_feature_position":"","_kad_post_header":false,"_kad_post_footer":false},"pcategory":[16],"ptag":[],"class_list":["post-3310","product","type-product","status-publish","has-post-thumbnail","hentry","pcategory-climbing-walls"],"acf":[],"yoast_head":"<!-- This site is optimized with the Yoast SEO plugin v26.8 - https:\/\/yoast.com\/product\/yoast-seo-wordpress\/ -->\n<title>Indoor Playground Wooden Climbing Wall for Home<\/title>\n<meta name=\"robots\" content=\"index, follow, max-snippet:-1, max-image-preview:large, max-video-preview:-1\" \/>\n<link rel=\"canonical\" href=\"https:\/\/softplaysupply.com\/de\/produkt\/climbing-wall-holds\/\" \/>\n<meta property=\"og:locale\" content=\"de_DE\" \/>\n<meta property=\"og:type\" content=\"article\" \/>\n<meta property=\"og:title\" content=\"Indoor Playground Wooden Climbing Wall for Home\" \/>\n<meta property=\"og:description\" content=\"indoor playground children rock climbing wall holds for sale are made from durable fiberglass and reinforced polyester. These climbing holds are easy to install and perfect for both home and commercial use. Available in various shapes, sizes, and colors, they help children develop strength, coordination, and motor skills while having fun. Whether for a playroom, daycare, or gym, our rock climbing holds offer a safe, engaging climbing experience, making them a great investment for any space.\" \/>\n<meta property=\"og:url\" content=\"https:\/\/softplaysupply.com\/de\/produkt\/climbing-wall-holds\/\" \/>\n<meta property=\"og:site_name\" content=\"Nanpak\" \/>\n<meta property=\"article:modified_time\" content=\"2025-12-10T04:20:16+00:00\" \/>\n<meta property=\"og:image\" content=\"https:\/\/softplaysupply.com\/wp-content\/uploads\/2025\/12\/Climbing-Wall-Holds-2.jpg\" \/>\n\t<meta property=\"og:image:width\" content=\"750\" \/>\n\t<meta property=\"og:image:height\" content=\"750\" \/>\n\t<meta property=\"og:image:type\" content=\"image\/jpeg\" \/>\n<meta name=\"twitter:card\" content=\"summary_large_image\" \/>\n<meta name=\"twitter:label1\" content=\"Gesch\u00e4tzte Lesezeit\" \/>\n\t<meta name=\"twitter:data1\" content=\"5\u00a0Minuten\" \/>\n<script type=\"application\/ld+json\" class=\"yoast-schema-graph\">{\"@context\":\"https:\/\/schema.org\",\"@graph\":[{\"@type\":\"WebPage\",\"@id\":\"https:\/\/softplaysupply.com\/product\/climbing-wall-holds\/\",\"url\":\"https:\/\/softplaysupply.com\/product\/climbing-wall-holds\/\",\"name\":\"Indoor Playground Wooden Climbing Wall for Home\",\"isPartOf\":{\"@id\":\"https:\/\/softplaysupply.com\/#website\"},\"primaryImageOfPage\":{\"@id\":\"https:\/\/softplaysupply.com\/product\/climbing-wall-holds\/#primaryimage\"},\"image\":{\"@id\":\"https:\/\/softplaysupply.com\/product\/climbing-wall-holds\/#primaryimage\"},\"thumbnailUrl\":\"https:\/\/softplaysupply.com\/wp-content\/uploads\/2025\/12\/Climbing-Wall-Holds-2.jpg\",\"datePublished\":\"2025-12-10T04:18:01+00:00\",\"dateModified\":\"2025-12-10T04:20:16+00:00\",\"breadcrumb\":{\"@id\":\"https:\/\/softplaysupply.com\/product\/climbing-wall-holds\/#breadcrumb\"},\"inLanguage\":\"de\",\"potentialAction\":[{\"@type\":\"ReadAction\",\"target\":[\"https:\/\/softplaysupply.com\/product\/climbing-wall-holds\/\"]}]},{\"@type\":\"ImageObject\",\"inLanguage\":\"de\",\"@id\":\"https:\/\/softplaysupply.com\/product\/climbing-wall-holds\/#primaryimage\",\"url\":\"https:\/\/softplaysupply.com\/wp-content\/uploads\/2025\/12\/Climbing-Wall-Holds-2.jpg\",\"contentUrl\":\"https:\/\/softplaysupply.com\/wp-content\/uploads\/2025\/12\/Climbing-Wall-Holds-2.jpg\",\"width\":750,\"height\":750},{\"@type\":\"BreadcrumbList\",\"@id\":\"https:\/\/softplaysupply.com\/product\/climbing-wall-holds\/#breadcrumb\",\"itemListElement\":[{\"@type\":\"ListItem\",\"position\":1,\"name\":\"Home\",\"item\":\"https:\/\/softplaysupply.com\/\"},{\"@type\":\"ListItem\",\"position\":2,\"name\":\"Climbing Walls\",\"item\":\"https:\/\/softplaysupply.com\/pcategory\/climbing-walls\/\"},{\"@type\":\"ListItem\",\"position\":3,\"name\":\"Indoor Playground Children Rock Climbing Wall Holds for Sale\"}]},{\"@type\":\"WebSite\",\"@id\":\"https:\/\/softplaysupply.com\/#website\",\"url\":\"https:\/\/softplaysupply.com\/\",\"name\":\"Soft Play Supplier\",\"description\":\"Soft Play Supplier\",\"publisher\":{\"@id\":\"https:\/\/softplaysupply.com\/#organization\"},\"potentialAction\":[{\"@type\":\"SearchAction\",\"target\":{\"@type\":\"EntryPoint\",\"urlTemplate\":\"https:\/\/softplaysupply.com\/?s={search_term_string}\"},\"query-input\":{\"@type\":\"PropertyValueSpecification\",\"valueRequired\":true,\"valueName\":\"search_term_string\"}}],\"inLanguage\":\"de\"},{\"@type\":\"Organization\",\"@id\":\"https:\/\/softplaysupply.com\/#organization\",\"name\":\"Nanpak\",\"url\":\"https:\/\/softplaysupply.com\/\",\"logo\":{\"@type\":\"ImageObject\",\"inLanguage\":\"de\",\"@id\":\"https:\/\/softplaysupply.com\/#\/schema\/logo\/image\/\",\"url\":\"https:\/\/softplaysupply.com\/wp-content\/uploads\/2025\/12\/cropped-mobile-logo.png\",\"contentUrl\":\"https:\/\/softplaysupply.com\/wp-content\/uploads\/2025\/12\/cropped-mobile-logo.png\",\"width\":263,\"height\":84,\"caption\":\"Nanpak\"},\"image\":{\"@id\":\"https:\/\/softplaysupply.com\/#\/schema\/logo\/image\/\"}}]}<\/script>\n<!-- \/ Yoast SEO plugin. -->","yoast_head_json":{"title":"Indoor-Spielplatz Holzkletterwand f\u00fcr zu Hause","robots":{"index":"index","follow":"follow","max-snippet":"max-snippet:-1","max-image-preview":"max-image-preview:large","max-video-preview":"max-video-preview:-1"},"canonical":"https:\/\/softplaysupply.com\/de\/produkt\/climbing-wall-holds\/","og_locale":"de_DE","og_type":"article","og_title":"Indoor Playground Wooden Climbing Wall for Home","og_description":"indoor playground children rock climbing wall holds for sale are made from durable fiberglass and reinforced polyester. These climbing holds are easy to install and perfect for both home and commercial use. Available in various shapes, sizes, and colors, they help children develop strength, coordination, and motor skills while having fun. Whether for a playroom, daycare, or gym, our rock climbing holds offer a safe, engaging climbing experience, making them a great investment for any space.","og_url":"https:\/\/softplaysupply.com\/de\/produkt\/climbing-wall-holds\/","og_site_name":"Nanpak","article_modified_time":"2025-12-10T04:20:16+00:00","og_image":[{"width":750,"height":750,"url":"https:\/\/softplaysupply.com\/wp-content\/uploads\/2025\/12\/Climbing-Wall-Holds-2.jpg","type":"image\/jpeg"}],"twitter_card":"summary_large_image","twitter_misc":{"Gesch\u00e4tzte Lesezeit":"5\u00a0Minuten"},"schema":{"@context":"https:\/\/schema.org","@graph":[{"@type":"WebPage","@id":"https:\/\/softplaysupply.com\/product\/climbing-wall-holds\/","url":"https:\/\/softplaysupply.com\/product\/climbing-wall-holds\/","name":"Indoor-Spielplatz Holzkletterwand f\u00fcr zu Hause","isPartOf":{"@id":"https:\/\/softplaysupply.com\/#website"},"primaryImageOfPage":{"@id":"https:\/\/softplaysupply.com\/product\/climbing-wall-holds\/#primaryimage"},"image":{"@id":"https:\/\/softplaysupply.com\/product\/climbing-wall-holds\/#primaryimage"},"thumbnailUrl":"https:\/\/softplaysupply.com\/wp-content\/uploads\/2025\/12\/Climbing-Wall-Holds-2.jpg","datePublished":"2025-12-10T04:18:01+00:00","dateModified":"2025-12-10T04:20:16+00:00","breadcrumb":{"@id":"https:\/\/softplaysupply.com\/product\/climbing-wall-holds\/#breadcrumb"},"inLanguage":"de","potentialAction":[{"@type":"ReadAction","target":["https:\/\/softplaysupply.com\/product\/climbing-wall-holds\/"]}]},{"@type":"ImageObject","inLanguage":"de","@id":"https:\/\/softplaysupply.com\/product\/climbing-wall-holds\/#primaryimage","url":"https:\/\/softplaysupply.com\/wp-content\/uploads\/2025\/12\/Climbing-Wall-Holds-2.jpg","contentUrl":"https:\/\/softplaysupply.com\/wp-content\/uploads\/2025\/12\/Climbing-Wall-Holds-2.jpg","width":750,"height":750},{"@type":"BreadcrumbList","@id":"https:\/\/softplaysupply.com\/product\/climbing-wall-holds\/#breadcrumb","itemListElement":[{"@type":"ListItem","position":1,"name":"Home","item":"https:\/\/softplaysupply.com\/"},{"@type":"ListItem","position":2,"name":"Climbing Walls","item":"https:\/\/softplaysupply.com\/pcategory\/climbing-walls\/"},{"@type":"ListItem","position":3,"name":"Indoor Playground Children Rock Climbing Wall Holds for Sale"}]},{"@type":"WebSite","@id":"https:\/\/softplaysupply.com\/#website","url":"https:\/\/softplaysupply.com\/","name":"Anbieter von Softplay-Spielger\u00e4ten","description":"Anbieter von Softplay-Spielger\u00e4ten","publisher":{"@id":"https:\/\/softplaysupply.com\/#organization"},"potentialAction":[{"@type":"SearchAction","target":{"@type":"EntryPoint","urlTemplate":"https:\/\/softplaysupply.com\/?s={search_term_string}"},"query-input":{"@type":"PropertyValueSpecification","valueRequired":true,"valueName":"search_term_string"}}],"inLanguage":"de"},{"@type":"Organization","@id":"https:\/\/softplaysupply.com\/#organization","name":"Nanpak","url":"https:\/\/softplaysupply.com\/","logo":{"@type":"ImageObject","inLanguage":"de","@id":"https:\/\/softplaysupply.com\/#\/schema\/logo\/image\/","url":"https:\/\/softplaysupply.com\/wp-content\/uploads\/2025\/12\/cropped-mobile-logo.png","contentUrl":"https:\/\/softplaysupply.com\/wp-content\/uploads\/2025\/12\/cropped-mobile-logo.png","width":263,"height":84,"caption":"Nanpak"},"image":{"@id":"https:\/\/softplaysupply.com\/#\/schema\/logo\/image\/"}}]}},"taxonomy_info":{"pcategory":[{"value":16,"label":"Climbing Walls"}]},"featured_image_src_large":["https:\/\/softplaysupply.com\/wp-content\/uploads\/2025\/12\/Climbing-Wall-Holds-2.jpg",750,750,false],"author_info":[],"comment_info":"","_links":{"self":[{"href":"https:\/\/softplaysupply.com\/de\/wp-json\/wp\/v2\/product\/3310","targetHints":{"allow":["GET"]}}],"collection":[{"href":"https:\/\/softplaysupply.com\/de\/wp-json\/wp\/v2\/product"}],"about":[{"href":"https:\/\/softplaysupply.com\/de\/wp-json\/wp\/v2\/types\/product"}],"wp:featuredmedia":[{"embeddable":true,"href":"https:\/\/softplaysupply.com\/de\/wp-json\/wp\/v2\/media\/3313"}],"wp:attachment":[{"href":"https:\/\/softplaysupply.com\/de\/wp-json\/wp\/v2\/media?parent=3310"}],"wp:term":[{"taxonomy":"pcategory","embeddable":true,"href":"https:\/\/softplaysupply.com\/de\/wp-json\/wp\/v2\/pcategory?post=3310"},{"taxonomy":"ptag","embeddable":true,"href":"https:\/\/softplaysupply.com\/de\/wp-json\/wp\/v2\/ptag?post=3310"}],"curies":[{"name":"wp","href":"https:\/\/api.w.org\/{rel}","templated":true}]}}